{"id":11788,"date":"2025-05-23T06:17:15","date_gmt":"2025-05-23T06:17:15","guid":{"rendered":"https:\/\/najednejlinie.pl\/?post_type=product&#038;p=11788"},"modified":"2026-04-10T23:36:53","modified_gmt":"2026-04-10T23:36:53","slug":"trzpien-do-cwiczen-do-duzych-obciazen","status":"publish","type":"product","link":"https:\/\/najednejlinie.pl\/en\/sklep\/trzpien-do-cwiczen-do-duzych-obciazen\/","title":{"rendered":"Trzpie\u0144 do \u0107wicze\u0144 do du\u017cych obci\u0105\u017ce\u0144"},"content":{"rendered":"<h2 data-start=\"364\" data-end=\"614\">\ud83e\uddd7 Podstawa skutecznego treningu si\u0142y palc\u00f3w<\/h2>\n<p data-start=\"160\" data-end=\"300\"><strong>Wzmocniony uchwyt na obci\u0105\u017cenia<\/strong>, stworzony z my\u015bl\u0105 o treningu chwytu i pracy nad si\u0142\u0105 palc\u00f3w w systemie No-Hang z u\u017cyciem CHWYTO Pocket.<\/p>\n<p data-start=\"302\" data-end=\"534\">To proste narz\u0119dzie, kt\u00f3re eliminuje potrzeb\u0119 korzystania z niedok\u0142adnych rozwi\u0105za\u0144, takich jak butelki z wod\u0105 czy improwizowane ci\u0119\u017cary. Stabilna konstrukcja pozwala precyzyjnie dozowa\u0107 obci\u0105\u017cenie i skupi\u0107 si\u0119 na realnym progresie.<\/p>\n<p data-start=\"364\" data-end=\"614\">Baniaki z wod\u0105 jako ci\u0119\u017car s\u0105 bardzo niepor\u0119czne. Potrzebujesz trzpie\u0144, troch\u0119 \u017celaza, oraz <a href=\"https:\/\/najednejlinie.pl\/en\/sklep\/chwytotablica\/\">CHWYTO<\/a><\/p>\n<p><iframe title=\"Trening dla wspinacza w domu \u2013 30 minut, 3 \u0107wiczenia \ud83d\udcaa\" width=\"422\" height=\"750\" src=\"https:\/\/www.youtube.com\/embed\/JXWOqZeWewM?feature=oembed\" frameborder=\"0\" allow=\"accelerometer; autoplay; clipboard-write; encrypted-media; gyroscope; picture-in-picture; web-share\" referrerpolicy=\"strict-origin-when-cross-origin\" allowfullscreen><\/iframe><\/p>\n<h2 data-start=\"616\" data-end=\"984\">\ud83d\udcaa <strong data-start=\"619\" data-end=\"638\">Cechy produktu:<\/strong><\/h2>\n<p data-start=\"616\" data-end=\"984\">\u2705 \u015arednica trzpienia: <strong>2 cm<\/strong><br \/>\n\u2705 \u015arednica podstawy: <strong>7 cm<\/strong><br \/>\n\u2705Wysoko\u015b\u0107: <strong>19 cm<\/strong><br \/>\n\u2705 Ud\u017awig: <strong>40 kg<\/strong><br \/>\n\u2705 Materia\u0142: <strong>stal 3 mm<\/strong><br \/>\n\u2705 Waga: <strong>346 g<br \/>\n<\/strong>\u2705 <strong>Ci\u0119\u017cki i solidny<\/strong><br \/>\n\u2705 <strong>Filc<\/strong> &#8211; po wewn\u0119trznej stronie podstawki ochroni pod\u0142og\u0119 przed porysowaniem.<br data-start=\"738\" data-end=\"741\" \/>\u2705 <strong data-start=\"743\" data-end=\"766\">Uniwersalny rozmiar<\/strong> \u2013 pasuje do &#8220;mniejszych kr\u0105\u017ck\u00f3w&#8221; &#8211; zobacz zdj\u0119cia.<br data-start=\"890\" data-end=\"893\" \/>\u2705 <strong data-start=\"895\" data-end=\"920\">Wspinaczkowy<\/strong> \u2013 doskona\u0142e uzupe\u0142nienie chwytotablicy i treningu si\u0142y palc\u00f3w.<\/p>\n<h3 data-start=\"616\" data-end=\"984\">\ud83d\udd27 Wersja wzmocniona<\/h3>\n<p data-start=\"841\" data-end=\"955\">To rozwini\u0119ta wersja klasycznego trzpienia, zaprojektowana z my\u015bl\u0105 o pracy w wy\u017cszym zakresie obci\u0105\u017ce\u0144 (<strong>25\u201340 kg<\/strong>).<\/p>\n<p data-start=\"957\" data-end=\"1122\">Precyzyjnie wyci\u0119ta stalowa podstawa, solidne spawy oraz pow\u0142oka zabezpieczaj\u0105ca przed korozj\u0105 gwarantuj\u0105 trwa\u0142o\u015b\u0107 i niezawodno\u015b\u0107 nawet przy intensywnym u\u017cytkowaniu.<\/p>\n<p data-start=\"957\" data-end=\"1122\">Na zdj\u0119ciu pokazana jest wcze\u015bniejsza wersja trzpienia (d\u0142u\u017cszy model), przeznaczona do l\u017cejszego treningu. W por\u00f3wnaniu posiada \u015bcianki o grubo\u015bci 1,2 mm i wa\u017cy 208 g.<\/p>\n<p>&nbsp;<\/p>\n<p data-start=\"616\" data-end=\"984\"><img decoding=\"async\" class=\"aligncenter wp-image-11786\" src=\"https:\/\/najednejlinie.pl\/wp-content\/uploads\/2025\/03\/pin-do-podnoszenia-ciezarow.jpg\" alt=\"\" width=\"400\" height=\"500\" srcset=\"https:\/\/najednejlinie.pl\/wp-content\/uploads\/2025\/03\/pin-do-podnoszenia-ciezarow.jpg 800w, https:\/\/najednejlinie.pl\/wp-content\/uploads\/2025\/03\/pin-do-podnoszenia-ciezarow-240x300.jpg 240w, https:\/\/najednejlinie.pl\/wp-content\/uploads\/2025\/03\/pin-do-podnoszenia-ciezarow-768x960.jpg 768w, https:\/\/najednejlinie.pl\/wp-content\/uploads\/2025\/03\/pin-do-podnoszenia-ciezarow-10x12.jpg 10w, https:\/\/najednejlinie.pl\/wp-content\/uploads\/2025\/03\/pin-do-podnoszenia-ciezarow-600x750.jpg 600w, https:\/\/najednejlinie.pl\/wp-content\/uploads\/2025\/03\/pin-do-podnoszenia-ciezarow-585x731.jpg 585w\" sizes=\"(max-width: 400px) 100vw, 400px\" \/><\/p>\n<p data-start=\"616\" data-end=\"984\">\ud83d\udca1 <strong data-start=\"994\" data-end=\"1043\">Kupujesz legalnie i wspierasz uczciwy biznes!<\/strong><\/p>\n<p data-start=\"616\" data-end=\"984\">Ten uchwyt na obci\u0105\u017cenie to<strong> 100% polska produkcja (w\u0142asna)<\/strong>, a nie import z Chin. Kupuj\u0105c u mnie, wspierasz <strong data-start=\"113\" data-end=\"137\">ma\u0142y, lokalny biznes<\/strong>, a ja odprowadzam podatki i dzia\u0142am <strong data-start=\"174\" data-end=\"194\">w pe\u0142ni legalnie<\/strong>. Wybieraj\u0105c moje produkty, inwestujesz w <strong data-start=\"236\" data-end=\"286\">jako\u015b\u0107, uczciwo\u015b\u0107 i rozw\u00f3j polskiego rzemios\u0142a<\/strong>! \ud83d\udcaa<\/p>\n<div style='text-align:left' class='yasr-auto-insert-visitor'><\/div>","protected":false},"excerpt":{"rendered":"<p>Mocniejsza konstrukcja, wi\u0119ksze obci\u0105\u017cenia, pe\u0142na kontrola. Sprz\u0119t dla wspinaczy, kt\u00f3rzy chc\u0105 realnego progresu si\u0142y palc\u00f3w.<\/p>\n<p>\ud83d\udcaa <strong>PROMOCJA: <\/strong>Do ka\u017cdego zam\u00f3wienia powy\u017cej 100 z\u0142 dodaj\u0119 masa\u017cer na palce GRATIS!<\/p>\n<p>A je\u017celi publikujesz czasem stories z trening\u00f3w, b\u0119dzie mi mi\u0142o jako mnie oznaczysz na Instagramie <strong>@najednejlinie<\/strong><\/p>","protected":false},"featured_media":11792,"template":"","meta":{"yasr_overall_rating":0,"yasr_post_is_review":"","yasr_auto_insert_disabled":"","yasr_review_type":"Product"},"product_brand":[],"product_cat":[466],"product_tag":[],"class_list":{"0":"post-11788","1":"product","2":"type-product","3":"status-publish","4":"has-post-thumbnail","6":"product_cat-trening","8":"first","9":"instock","10":"taxable","11":"shipping-taxable","12":"purchasable","13":"product-type-simple"},"aioseo_notices":[],"yasr_visitor_votes":{"stars_attributes":{"read_only":false,"span_bottom":false},"number_of_votes":1,"sum_votes":5},"_links":{"self":[{"href":"https:\/\/najednejlinie.pl\/en\/wp-json\/wp\/v2\/product\/11788","targetHints":{"allow":["GET"]}}],"collection":[{"href":"https:\/\/najednejlinie.pl\/en\/wp-json\/wp\/v2\/product"}],"about":[{"href":"https:\/\/najednejlinie.pl\/en\/wp-json\/wp\/v2\/types\/product"}],"wp:featuredmedia":[{"embeddable":true,"href":"https:\/\/najednejlinie.pl\/en\/wp-json\/wp\/v2\/media\/11792"}],"wp:attachment":[{"href":"https:\/\/najednejlinie.pl\/en\/wp-json\/wp\/v2\/media?parent=11788"}],"wp:term":[{"taxonomy":"product_brand","embeddable":true,"href":"https:\/\/najednejlinie.pl\/en\/wp-json\/wp\/v2\/product_brand?post=11788"},{"taxonomy":"product_cat","embeddable":true,"href":"https:\/\/najednejlinie.pl\/en\/wp-json\/wp\/v2\/product_cat?post=11788"},{"taxonomy":"product_tag","embeddable":true,"href":"https:\/\/najednejlinie.pl\/en\/wp-json\/wp\/v2\/product_tag?post=11788"}],"curies":[{"name":"wp","href":"https:\/\/api.w.org\/{rel}","templated":true}]}}