{"id":10720,"date":"2025-07-06T21:31:09","date_gmt":"2025-07-06T21:31:09","guid":{"rendered":"https:\/\/najednejlinie.pl\/?post_type=product&#038;p=10720"},"modified":"2025-11-24T12:31:36","modified_gmt":"2025-11-24T12:31:36","slug":"masazer","status":"publish","type":"product","link":"https:\/\/najednejlinie.pl\/en\/sklep\/masazer\/","title":{"rendered":"Masa\u017cer pier\u015bcie\u0144 na palce \u2013 PROMO!"},"content":{"rendered":"<p><strong data-start=\"1463\" data-end=\"1476\">PROMOCJA:<\/strong> Masa\u017cer dostajesz <strong data-start=\"1495\" data-end=\"1505\">gratis<\/strong> do ka\u017cdego zam\u00f3wienia powy\u017cej 100 z\u0142. (nie musisz dodawa\u0107 produktu do koszyka, chyba, \u017ce chcesz ich wi\u0119cej).<\/p>\n<p>A je\u017celi publikujesz czasem stories z trening\u00f3w, b\u0119dzie mi mi\u0142o jako mnie oznaczysz na Instagramie <strong>@najednejlinie<\/strong><\/p>\n<div style='text-align:left' class='yasr-auto-insert-visitor'><\/div>","protected":false},"excerpt":{"rendered":"<p>Ten prosty masa\u017cer w kszta\u0142cie pier\u015bcienia zak\u0142adasz na palec i masujesz, kiedy tylko potrzebujesz. Rozlu\u017ania napi\u0119cie, poprawia kr\u0105\u017cenie i przynosi ulg\u0119 po treningu lub je\u017celi jeste\u015b po kontuzji troczka. \u015awietnie sprawdzi si\u0119 w pracy, w drodze, a nawet podczas ogl\u0105dania filmu. Ma\u0142y, wygodny i zawsze pod r\u0119k\u0105 \u2013 jako codzienny rytua\u0142.<\/p>","protected":false},"featured_media":10721,"template":"","meta":{"yasr_overall_rating":0,"yasr_post_is_review":"yes","yasr_auto_insert_disabled":"","yasr_review_type":""},"product_brand":[],"product_cat":[467],"product_tag":[],"class_list":{"0":"post-10720","1":"product","2":"type-product","3":"status-publish","4":"has-post-thumbnail","6":"product_cat-regeneracja","8":"first","9":"instock","10":"taxable","11":"shipping-taxable","12":"purchasable","13":"product-type-simple"},"aioseo_notices":[],"yasr_visitor_votes":{"stars_attributes":{"read_only":false,"span_bottom":false},"number_of_votes":4,"sum_votes":20},"_links":{"self":[{"href":"https:\/\/najednejlinie.pl\/en\/wp-json\/wp\/v2\/product\/10720","targetHints":{"allow":["GET"]}}],"collection":[{"href":"https:\/\/najednejlinie.pl\/en\/wp-json\/wp\/v2\/product"}],"about":[{"href":"https:\/\/najednejlinie.pl\/en\/wp-json\/wp\/v2\/types\/product"}],"wp:featuredmedia":[{"embeddable":true,"href":"https:\/\/najednejlinie.pl\/en\/wp-json\/wp\/v2\/media\/10721"}],"wp:attachment":[{"href":"https:\/\/najednejlinie.pl\/en\/wp-json\/wp\/v2\/media?parent=10720"}],"wp:term":[{"taxonomy":"product_brand","embeddable":true,"href":"https:\/\/najednejlinie.pl\/en\/wp-json\/wp\/v2\/product_brand?post=10720"},{"taxonomy":"product_cat","embeddable":true,"href":"https:\/\/najednejlinie.pl\/en\/wp-json\/wp\/v2\/product_cat?post=10720"},{"taxonomy":"product_tag","embeddable":true,"href":"https:\/\/najednejlinie.pl\/en\/wp-json\/wp\/v2\/product_tag?post=10720"}],"curies":[{"name":"wp","href":"https:\/\/api.w.org\/{rel}","templated":true}]}}