{"id":10489,"date":"2025-03-30T20:12:56","date_gmt":"2025-03-30T20:12:56","guid":{"rendered":"https:\/\/najednejlinie.pl\/?post_type=product&#038;p=10489"},"modified":"2025-11-26T19:55:06","modified_gmt":"2025-11-26T19:55:06","slug":"roller","status":"publish","type":"product","link":"https:\/\/najednejlinie.pl\/en\/sklep\/roller\/","title":{"rendered":"ROLLER &#8211; Przyrz\u0105d do treningu przedramion"},"content":{"rendered":"<p class=\"\" data-start=\"460\" data-end=\"1051\">\ud83e\uddd7 <strong data-start=\"463\" data-end=\"488\">Idealny dla wspinaczy<\/strong> \u2013 zapobiega \u201ezbu\u0142owaniu\u201d r\u0105k podczas wspinania.<br data-start=\"568\" data-end=\"571\" \/>\ud83c\udfcb\ufe0f <strong data-start=\"575\" data-end=\"600\">Wszechstronny trening<\/strong> \u2013 anga\u017cuje mi\u0119\u015bnie przedramion, nadgarstk\u00f3w i d\u0142oni.<br data-start=\"653\" data-end=\"656\" \/>\ud83e\ude7a <strong data-start=\"659\" data-end=\"697\">Rehabilitacja i prewencja kontuzji<\/strong> \u2013 skutecznie wspomaga leczenie i zapobiega urazom, takim jak<a href=\"https:\/\/najednejlinie.pl\/en\/poradnik\/lokiec-golfisty\/\" target=\"_blank\" rel=\"noopener\"> \u0142okie\u0107 tenisisty czy golfisty.<\/a><br data-start=\"789\" data-end=\"792\" \/>\ud83c\udf3f <strong data-start=\"795\" data-end=\"822\">Drewno zamiast plastiku<\/strong> \u2013 trwa\u0142e i eko rozwi\u0105zanie, kt\u00f3re nie \u015blizga si\u0119 w d\u0142oniach.<br data-start=\"910\" data-end=\"913\" \/>\ud83d\udcaa <strong data-start=\"916\" data-end=\"939\">\u0141atwo\u015b\u0107 u\u017cytkowania<\/strong> \u2013 wystarczy nawin\u0105\u0107 link\u0119 na wa\u0142ek, aby stopniowo podci\u0105ga\u0107 ci\u0119\u017car do g\u00f3ry, rozwijaj\u0105c si\u0142\u0119 i kontrol\u0119 ruchu.<\/p>\n<p data-start=\"460\" data-end=\"1051\"><strong>W sk\u0142ad zestawu wchodzi repsznur i karabinek.<\/strong><\/p>\n<p><iframe title=\"Trenuj z chwyto\" width=\"422\" height=\"750\" src=\"https:\/\/www.youtube.com\/embed\/a9Upoe8Jonc?feature=oembed\" frameborder=\"0\" allow=\"accelerometer; autoplay; clipboard-write; encrypted-media; gyroscope; picture-in-picture; web-share\" referrerpolicy=\"strict-origin-when-cross-origin\" allowfullscreen><\/iframe><\/p>\n<p class=\"\" data-start=\"1053\" data-end=\"1199\">\u2705 Wyb\u00f3r profesjonalist\u00f3w i pasjonat\u00f3w sportu.<br data-start=\"1098\" data-end=\"1101\" \/>\u2705 Polecany przez wspinaczy i fizjoterapeut\u00f3w.<br data-start=\"1146\" data-end=\"1149\" \/>\u2705 R\u0119czna produkcja \u2013 najwy\u017csza jako\u015b\u0107 wykonania.<\/p>\n<h2 data-start=\"1053\" data-end=\"1199\">Zaufali CHWYTO<\/h2>\n<p><iframe title=\"Roller - przyrz\u0105d do \u0107wicze\u0144 przedramion\" width=\"422\" height=\"750\" src=\"https:\/\/www.youtube.com\/embed\/2IkAuWL5EiY?feature=oembed\" frameborder=\"0\" allow=\"accelerometer; autoplay; clipboard-write; encrypted-media; gyroscope; picture-in-picture; web-share\" referrerpolicy=\"strict-origin-when-cross-origin\" allowfullscreen><\/iframe><\/p>\n<h3 data-start=\"1053\" data-end=\"1199\">\ud83d\udca1 <strong data-start=\"994\" data-end=\"1043\">Kupujesz legalnie i wspierasz uczciwy biznes!<\/strong><\/h3>\n<p data-start=\"1201\" data-end=\"1276\">Ten ROLLER to<strong> 100%\u00a0polska produkcja<\/strong>, a nie import z Chin. Kupuj\u0105c u mnie, wspierasz <strong data-start=\"113\" data-end=\"137\">ma\u0142y, lokalny biznes<\/strong>, a ja odprowadzam podatki i dzia\u0142am <strong data-start=\"174\" data-end=\"194\">w pe\u0142ni legalnie<\/strong>. Wybieraj\u0105c moje produkty, inwestujesz w <strong data-start=\"236\" data-end=\"286\">jako\u015b\u0107, uczciwo\u015b\u0107 i rozw\u00f3j polskiego rzemios\u0142a<\/strong>! \ud83d\udcaa<\/p>\n<div style='text-align:left' class='yasr-auto-insert-visitor'><\/div>","protected":false},"excerpt":{"rendered":"<p class=\"\" data-start=\"62\" data-end=\"121\">\ud83d\udd25 <strong data-start=\"65\" data-end=\"119\">Zbuduj si\u0142\u0119, wytrzyma\u0142o\u015b\u0107 i zapobiegnij kontuzjom!<\/strong><\/p>\n<p class=\"\" data-start=\"123\" data-end=\"458\"><strong data-start=\"123\" data-end=\"133\">ROLLER<\/strong> stworzony z my\u015bl\u0105 o wspinaczach, sportowcach oraz osobach w trakcie rehabilitacji. Wykonany z drewna zapewnia komfort w dodytku i trwa\u0142o\u015b\u0107.<\/p>\n<p>\ud83d\udcaa <strong>PROMOCJA: <\/strong>Do ka\u017cdego zam\u00f3wienia powy\u017cej 100 z\u0142 dodaj\u0119 masa\u017cer na palce GRATIS!<br \/>\nA je\u017celi publikujesz czasem stories z trening\u00f3w, b\u0119dzie mi mi\u0142o jako mnie oznaczysz na Instagramie <strong>@najednejlinie<\/strong><\/p>","protected":false},"featured_media":10490,"template":"","meta":{"yasr_overall_rating":0,"yasr_post_is_review":"","yasr_auto_insert_disabled":"","yasr_review_type":"Product"},"product_brand":[],"product_cat":[466],"product_tag":[],"class_list":{"0":"post-10489","1":"product","2":"type-product","3":"status-publish","4":"has-post-thumbnail","6":"product_cat-trening","8":"first","9":"instock","10":"sale","11":"taxable","12":"shipping-taxable","13":"purchasable","14":"product-type-simple"},"aioseo_notices":[],"yasr_visitor_votes":{"stars_attributes":{"read_only":false,"span_bottom":false},"number_of_votes":10,"sum_votes":46},"_links":{"self":[{"href":"https:\/\/najednejlinie.pl\/en\/wp-json\/wp\/v2\/product\/10489","targetHints":{"allow":["GET"]}}],"collection":[{"href":"https:\/\/najednejlinie.pl\/en\/wp-json\/wp\/v2\/product"}],"about":[{"href":"https:\/\/najednejlinie.pl\/en\/wp-json\/wp\/v2\/types\/product"}],"wp:featuredmedia":[{"embeddable":true,"href":"https:\/\/najednejlinie.pl\/en\/wp-json\/wp\/v2\/media\/10490"}],"wp:attachment":[{"href":"https:\/\/najednejlinie.pl\/en\/wp-json\/wp\/v2\/media?parent=10489"}],"wp:term":[{"taxonomy":"product_brand","embeddable":true,"href":"https:\/\/najednejlinie.pl\/en\/wp-json\/wp\/v2\/product_brand?post=10489"},{"taxonomy":"product_cat","embeddable":true,"href":"https:\/\/najednejlinie.pl\/en\/wp-json\/wp\/v2\/product_cat?post=10489"},{"taxonomy":"product_tag","embeddable":true,"href":"https:\/\/najednejlinie.pl\/en\/wp-json\/wp\/v2\/product_tag?post=10489"}],"curies":[{"name":"wp","href":"https:\/\/api.w.org\/{rel}","templated":true}]}}