{"id":10397,"date":"2025-03-05T23:04:07","date_gmt":"2025-03-05T23:04:07","guid":{"rendered":"https:\/\/najednejlinie.pl\/?post_type=product&#038;p=10397"},"modified":"2026-01-09T11:53:17","modified_gmt":"2026-01-09T11:53:17","slug":"uchwyt-na-obciazenie","status":"publish","type":"product","link":"https:\/\/najednejlinie.pl\/en\/sklep\/uchwyt-na-obciazenie\/","title":{"rendered":"Uchwyt na obci\u0105\u017cenie &#8211; Trzpie\u0144 do \u0107wicze\u0144 &#8211; made in Poland"},"content":{"rendered":"<p data-start=\"364\" data-end=\"614\"><strong data-start=\"364\" data-end=\"400\">Uchwyt na obci\u0105\u017cenie (Loading pin)<\/strong> to absolutny must-have je\u017celi na powa\u017cnie bierzesz si\u0119 za trening no-hang na <a href=\"https:\/\/najednejlinie.pl\/en\/sklep\/chwytotablica\/\">CHWYTO<\/a>. Baniaki z wod\u0105 jako ci\u0119\u017car s\u0105 bardzo niepor\u0119czne. Potrzebujesz trzpie\u0144, troch\u0119 \u017celaza, oraz chwytotabli\u0119!<\/p>\n<h2 data-start=\"616\" data-end=\"984\">\ud83d\udcaa <strong data-start=\"619\" data-end=\"638\">Cechy produktu:<\/strong><\/h2>\n<p data-start=\"616\" data-end=\"984\"><strong data-start=\"619\" data-end=\"638\">Wymiary:<\/strong><\/p>\n<p data-start=\"616\" data-end=\"984\">Trzpie\u0144 2cm \u015brednicy<br \/>\nPodstawka 7 cm \u015brednicy<br \/>\nWysoko\u015b\u0107 23 cm<br \/>\nWaga: 208 g<\/p>\n<p><iframe title=\"Training no-hang\" width=\"422\" height=\"750\" src=\"https:\/\/www.youtube.com\/embed\/fhHc8GmoP6Q?feature=oembed\" frameborder=\"0\" allow=\"accelerometer; autoplay; clipboard-write; encrypted-media; gyroscope; picture-in-picture; web-share\" referrerpolicy=\"strict-origin-when-cross-origin\" allowfullscreen><\/iframe><\/p>\n<p data-start=\"616\" data-end=\"984\">\u2705 <strong>Lekki i wytrzyma\u0142y <\/strong>&#8211; spaw nie pu\u015bci\u0142 nawet pod ci\u0119\u017carem Sylwiusza 100 kg<br \/>\n\u2705 <strong>Filc<\/strong> &#8211; po wewn\u0119trznej stronie podstawki ochroni pod\u0142og\u0119 przed porysowaniem.<br data-start=\"738\" data-end=\"741\" \/>\u2705 <strong data-start=\"743\" data-end=\"766\">Uniwersalny rozmiar<\/strong> \u2013 pasuje do &#8220;mniejszych kr\u0105\u017ck\u00f3w&#8221; &#8211; zobacz zdj\u0119cia.<br data-start=\"890\" data-end=\"893\" \/>\u2705 <strong data-start=\"895\" data-end=\"920\">Wspinaczkowy<\/strong> \u2013 doskona\u0142e uzupe\u0142nienie chwytotablicy i treningu si\u0142y palc\u00f3w.<\/p>\n<p data-start=\"616\" data-end=\"984\">\ud83d\udca1 <strong data-start=\"994\" data-end=\"1043\">Kupujesz legalnie i wspierasz uczciwy biznes!<\/strong><\/p>\n<p data-start=\"616\" data-end=\"984\">Ten uchwyt na obci\u0105\u017cenie to<strong> 100% polska produkcja (w\u0142asna)<\/strong>, a nie import z Chin. Kupuj\u0105c u mnie, wspierasz <strong data-start=\"113\" data-end=\"137\">ma\u0142y, lokalny biznes<\/strong>, a ja odprowadzam podatki i dzia\u0142am <strong data-start=\"174\" data-end=\"194\">w pe\u0142ni legalnie<\/strong>. Wybieraj\u0105c moje produkty, inwestujesz w <strong data-start=\"236\" data-end=\"286\">jako\u015b\u0107, uczciwo\u015b\u0107 i rozw\u00f3j polskiego rzemios\u0142a<\/strong>! \ud83d\udcaa<\/p>\n<div style='text-align:left' class='yasr-auto-insert-visitor'><\/div>","protected":false},"excerpt":{"rendered":"<p>Produkcja w\u0142asna!<\/p>\n<p class=\"\" data-start=\"147\" data-end=\"332\">Trzpie\u0144 wykonany ze stali, z podstaw\u0105 precyzyjnie wycinan\u0105 laserowo. Spawy wykona\u0142 nasz zaprzyja\u017aniony specjalista Sylwiusz \u2013 solidnie i z sercem. Ca\u0142o\u015b\u0107 zosta\u0142a zabezpieczona lakierem.<\/p>\n<p class=\"\" data-start=\"334\" data-end=\"692\">Trzpie\u0144 by\u0142 testowany z obci\u0105\u017ceniem do 100 kg, wi\u0119c jego wytrzyma\u0142o\u015b\u0107 jest wi\u0119cej ni\u017c wystarczaj\u0105ca \u2013 szczeg\u00f3lnie do treningu na Chwytotablicy Pocket, gdzie realne obci\u0105\u017cenie zwykle nie przekracza 30 kg dla treningu No-Hang i 50 kg Max Hang.<\/p>\n<p class=\"\" data-start=\"694\" data-end=\"850\">Efekt? Mniejsza masa, ni\u017csza cena, a nadal pe\u0142na funkcjonalno\u015b\u0107 i bezpiecze\u0144stwo u\u017cytkowania \u2013 dok\u0142adnie to, czego potrzeba do efektywnego <a href=\"https:\/\/najednejlinie.pl\/en\/trening\/chwytotablica-dwa-razy-dziennie\/\" target=\"_blank\" rel=\"noopener\">treningu No-Hang<\/a>.<\/p>\n<p>\ud83d\udcaa <strong>PROMOCJA: <\/strong>Do ka\u017cdego zam\u00f3wienia powy\u017cej 100 z\u0142 dodaj\u0119 masa\u017cer na palce GRATIS!<\/p>\n<p>A je\u017celi publikujesz czasem stories z trening\u00f3w, b\u0119dzie mi mi\u0142o jako mnie oznaczysz na Instagramie <strong>@najednejlinie<\/strong><\/p>","protected":false},"featured_media":10398,"template":"","meta":{"yasr_overall_rating":0,"yasr_post_is_review":"","yasr_auto_insert_disabled":"","yasr_review_type":"Product"},"product_brand":[],"product_cat":[466],"product_tag":[],"class_list":{"0":"post-10397","1":"product","2":"type-product","3":"status-publish","4":"has-post-thumbnail","6":"product_cat-trening","8":"first","9":"instock","10":"taxable","11":"shipping-taxable","12":"purchasable","13":"product-type-simple"},"aioseo_notices":[],"yasr_visitor_votes":{"stars_attributes":{"read_only":false,"span_bottom":false},"number_of_votes":15,"sum_votes":73},"_links":{"self":[{"href":"https:\/\/najednejlinie.pl\/en\/wp-json\/wp\/v2\/product\/10397","targetHints":{"allow":["GET"]}}],"collection":[{"href":"https:\/\/najednejlinie.pl\/en\/wp-json\/wp\/v2\/product"}],"about":[{"href":"https:\/\/najednejlinie.pl\/en\/wp-json\/wp\/v2\/types\/product"}],"wp:featuredmedia":[{"embeddable":true,"href":"https:\/\/najednejlinie.pl\/en\/wp-json\/wp\/v2\/media\/10398"}],"wp:attachment":[{"href":"https:\/\/najednejlinie.pl\/en\/wp-json\/wp\/v2\/media?parent=10397"}],"wp:term":[{"taxonomy":"product_brand","embeddable":true,"href":"https:\/\/najednejlinie.pl\/en\/wp-json\/wp\/v2\/product_brand?post=10397"},{"taxonomy":"product_cat","embeddable":true,"href":"https:\/\/najednejlinie.pl\/en\/wp-json\/wp\/v2\/product_cat?post=10397"},{"taxonomy":"product_tag","embeddable":true,"href":"https:\/\/najednejlinie.pl\/en\/wp-json\/wp\/v2\/product_tag?post=10397"}],"curies":[{"name":"wp","href":"https:\/\/api.w.org\/{rel}","templated":true}]}}