{"id":10373,"date":"2025-02-23T21:57:55","date_gmt":"2025-02-23T21:57:55","guid":{"rendered":"https:\/\/najednejlinie.pl\/?post_type=product&#038;p=10373"},"modified":"2026-03-26T10:46:18","modified_gmt":"2026-03-26T10:46:18","slug":"pomada-do-rak-dla-ludzi-gor","status":"publish","type":"product","link":"https:\/\/najednejlinie.pl\/en\/sklep\/pomada-do-rak-dla-ludzi-gor\/","title":{"rendered":"Pomada regeneracyjna do r\u0105k dla wspinaczy i ludzi g\u00f3r"},"content":{"rendered":"<p data-start=\"713\" data-end=\"1437\">&#8220;Pracuje pod ciep\u0142em d\u0142oni, a sch\u0142odona trzyma kszta\u0142t&#8221; &#8211; jedna z wielu opinii.<\/p>\n<h2 data-start=\"713\" data-end=\"1437\"><strong data-start=\"716\" data-end=\"739\">Sk\u0142adniki:<\/strong><\/h2>\n<p>Ka\u017cdy sk\u0142adnik Tatra Care to naturalna odpowied\u017a na konkretne potrzeby sk\u00f3ry d\u0142oni:<\/p>\n<p data-start=\"1827\" data-end=\"2767\">\ud83d\udc1d <strong data-start=\"1830\" data-end=\"1847\">Wosk pszczeli<\/strong> \u2013 chroni przed utrat\u0105 wilgoci, tworz\u0105c delikatn\u0105 barier\u0119 ochronn\u0105.<br data-start=\"1914\" data-end=\"1917\" \/>\ud83c\udf3f <strong data-start=\"1920\" data-end=\"1934\">Mas\u0142o shea<\/strong> \u2013 od\u017cywia, koi i zmi\u0119kcza sk\u00f3r\u0119.<br data-start=\"1967\" data-end=\"1970\" \/>\ud83e\uddf4 <strong data-start=\"1973\" data-end=\"1985\">Lanolina<\/strong> \u2013 przywraca elastyczno\u015b\u0107 i wspiera naturaln\u0105 regeneracj\u0119.<br data-start=\"2043\" data-end=\"2046\" \/>\ud83e\udd65 <strong data-start=\"2049\" data-end=\"2066\">Olej kokosowy<\/strong> \u2013 od\u017cywia i wspiera naturaln\u0105 ochron\u0119 sk\u00f3ry.<br data-start=\"2111\" data-end=\"2114\" \/>\ud83c\udf3c <strong data-start=\"2117\" data-end=\"2140\">Alkohol cetearylowy<\/strong> \u2013 nadaje aksamitn\u0105 konsystencj\u0119 i pomaga wch\u0142anianiu sk\u0142adnik\u00f3w.<br data-start=\"2205\" data-end=\"2208\" \/>\ud83c\udf31 <strong data-start=\"2211\" data-end=\"2226\">Olej jojoba<\/strong> \u2013 odbudowuje warstw\u0119 lipidow\u0105 sk\u00f3ry i chroni przed przesuszeniem.<br data-start=\"2292\" data-end=\"2295\" \/>\ud83c\udf39 <strong data-start=\"2298\" data-end=\"2328\">Olej z nasion dzikiej r\u00f3\u017cy<\/strong> \u2013 wspomaga regeneracj\u0119 mikrouraz\u00f3w.<br data-start=\"2364\" data-end=\"2367\" \/>\u2728 <strong data-start=\"2369\" data-end=\"2401\">Witamina E (miks tokoferoli)<\/strong> \u2013 silny antyoksydant, wspiera ochron\u0119 przed wolnymi rodnikami.<br data-start=\"2464\" data-end=\"2467\" \/>\ud83c\udf43 <strong data-start=\"2470\" data-end=\"2488\">Olej gotu kola<\/strong> \u2013 wspiera produkcj\u0119 kolagenu i naturalne procesy regeneracji sk\u00f3ry.<br data-start=\"2556\" data-end=\"2559\" \/>\ud83c\udf38 <strong data-start=\"2562\" data-end=\"2583\">Olejek cytronella<\/strong> \u2013 od\u015bwie\u017ca i wspiera naturaln\u0105 ochron\u0119 sk\u00f3ry.<br data-start=\"2629\" data-end=\"2632\" \/>\ud83c\udf3f <strong data-start=\"2635\" data-end=\"2653\">Olejek mi\u0119towy<\/strong> \u2013 daje uczucie ch\u0142odu i ukojenia.<br data-start=\"2687\" data-end=\"2690\" \/>\ud83c\udf32 <strong data-start=\"2693\" data-end=\"2717\">Olejek eukaliptusowy<\/strong> \u2013 wspiera regeneracj\u0119 i zachowanie higieny sk\u00f3ry.<\/p>\n<p data-start=\"1056\" data-end=\"1130\" data-is-last-node=\"\" data-is-only-node=\"\">\ud83d\udc49 <strong data-start=\"1059\" data-end=\"1073\">Tatra Care<\/strong> \u0142\u0105czy moc natury z praktycznym do\u015bwiadczeniem wspinacza.<\/p>\n<h2 data-start=\"1056\" data-end=\"1130\">Waga<\/h2>\n<p>17 g to ilo\u015b\u0107 deklarowana minimalna na etykiecie. Pomada zastyga w formie jako zwarta, twarda masa i po prze\u0142o\u017ceniu do pojemnika wype\u0142nia go praktycznie do samej g\u00f3ry &#8211; czasem wr\u0119cz \u2018ca\u0142uje\u2019 wieczko. W efekcie faktyczna masa to <strong>21\u201322 g<\/strong>. <strong>Dostajesz wi\u0119cej produktu, ni\u017c gwarantuje etykieta<\/strong>.<\/p>\n<h2><strong>Jak u\u017cywa\u0107?<\/strong><\/h2>\n<ol>\n<li>Nabierz odrobin\u0119 pomady.<\/li>\n<li>Rozgrzej j\u0105 w d\u0142oniach \u2013 pod wp\u0142ywem ciep\u0142a staje si\u0119 mi\u0119kka i g\u0142adka.<\/li>\n<li>Wmasuj w sk\u00f3r\u0119, szczeg\u00f3lnie w miejsca przesuszone i z mikrourazami.<\/li>\n<\/ol>\n<p data-start=\"3116\" data-end=\"3216\"><strong data-start=\"3116\" data-end=\"3126\">Efekt?<\/strong> Przyjemne ukojenie, g\u0142\u0119bokie od\u017cywienie i uczucie ochrony przed kolejnymi podra\u017cnieniami.<\/p>\n<p data-start=\"3218\" data-end=\"3256\"><em data-start=\"3218\" data-end=\"3256\">Ja u\u017cywam w dni treningowe \u2013 na noc.<\/em><\/p>\n<h2 data-start=\"3218\" data-end=\"3256\">Regeneracja d\u0142oni inspirowana Tatrami<\/h2>\n<p><img decoding=\"async\" class=\"aligncenter size-full wp-image-11320\" src=\"https:\/\/najednejlinie.pl\/wp-content\/uploads\/2025\/02\/pomada-do-dloni-dla-ludzi-gor.jpg\" alt=\"\" width=\"889\" height=\"661\" srcset=\"https:\/\/najednejlinie.pl\/wp-content\/uploads\/2025\/02\/pomada-do-dloni-dla-ludzi-gor.jpg 889w, https:\/\/najednejlinie.pl\/wp-content\/uploads\/2025\/02\/pomada-do-dloni-dla-ludzi-gor-300x223.jpg 300w, https:\/\/najednejlinie.pl\/wp-content\/uploads\/2025\/02\/pomada-do-dloni-dla-ludzi-gor-768x571.jpg 768w, https:\/\/najednejlinie.pl\/wp-content\/uploads\/2025\/02\/pomada-do-dloni-dla-ludzi-gor-16x12.jpg 16w, https:\/\/najednejlinie.pl\/wp-content\/uploads\/2025\/02\/pomada-do-dloni-dla-ludzi-gor-600x446.jpg 600w, https:\/\/najednejlinie.pl\/wp-content\/uploads\/2025\/02\/pomada-do-dloni-dla-ludzi-gor-585x435.jpg 585w\" sizes=\"(max-width: 889px) 100vw, 889px\" \/><\/p>\n<p>Od lat chodz\u0119 po Tatrach. G\u00f3ry s\u0105 miejscem, w kt\u00f3rym czuj\u0119 si\u0119 naprawd\u0119 sob\u0105 \u2013 czy to na d\u0142ugich trekkingach, na szlakach z \u0142a\u0144cuchami, czy podczas wspinaczki na ostrych ska\u0142ach. Ka\u017cdy, kto wspina si\u0119 lub d\u0142ugo w\u0119druje, wie jedno: d\u0142onie zawsze p\u0142ac\u0105 za t\u0119 pasj\u0119.<\/p>\n<p>Po intensywnym treningu cz\u0119sto mam <strong>przesuszone i pop\u0119kane d\u0142onie<\/strong>, za spraw\u0105<strong> magnezji, tarcia i ska\u0142y<\/strong>. Sk\u00f3ra z biegiem czasu sta\u0142a si\u0119 twarda, zgrubia\u0142a i wymaga\u0142a regeneracji. Zrozumia\u0142em wtedy, \u017ce potrzebuj\u0119 czego\u015b wi\u0119cej ni\u017c zwyk\u0142ego kremu \u2013 preparatu, kt\u00f3ry <strong>naprawd\u0119 odpowie na wyzwania, jakie stawia przed nami wspinaczka i g\u00f3ry<\/strong>.<\/p>\n<p>Zacz\u0105\u0142em wi\u0119c eksperymentowa\u0107 z receptur\u0105. <strong>Nastepnie Pierwsze pr\u00f3bki wys\u0142a\u0142em do ludzi g\u00f3r, wspinaczy, via-ferratowc\u00f3w, przewodnik\u00f3w, os\u00f3b kt\u00f3re codziennie u\u017cywaj\u0105 swoich r\u0105k jak narz\u0119dzi. Pomogli mi oceni\u0107 sk\u0142ad, konsystencj\u0119 i zapach.<\/strong>\u00a0Proces powtarza\u0142em kilka razy. Chcia\u0142em, by pomada nie by\u0142a ani zbyt mi\u0119kka, ani zbyt twarda \u2013 tak, aby w d\u0142oni szybko si\u0119 rozprowadza\u0142a, ale dawa\u0142a solidn\u0105 warstw\u0119 ochronn\u0105.<\/p>\n<p data-start=\"4153\" data-end=\"4407\">W ko\u0144cu nawi\u0105za\u0142em wsp\u00f3\u0142prac\u0119 z manufaktur\u0105 specjalizuj\u0105c\u0105 si\u0119 w naturalnych kosmetykach. Wsp\u00f3lnie dopracowali\u015bmy receptur\u0119, a ja przez kolejne miesi\u0105ce testowa\u0142em proporcje i efekty.<strong> Produkt przeszed\u0142 kontrol\u0119 jako\u015bci i otrzyma\u0142em raport bezpiecze\u0144stwa.<\/strong><\/p>\n<p data-start=\"4409\" data-end=\"4497\">Ka\u017cdy trekking, ka\u017cda wspinaczka, ka\u017cde wej\u015bcie na panel by\u0142y jak test praktyczny.<\/p>\n<p data-start=\"4409\" data-end=\"4497\">Tak powsta\u0142a Tatra Care z pasji i potrzeby.<\/p>\n<h3 data-start=\"4409\" data-end=\"4497\">Pomad\u0119 Tatra Care polecaj\u0105:<\/h3>\n<div class=\"post-content-gallery justify columns3\" data-justify=\"180\">\r\n            <div class=\"post-content-gallery-item\">\r\n                <a href=\"https:\/\/najednejlinie.pl\/wp-content\/uploads\/2025\/02\/japa-tu-japa-tam.jpg\" data-rel=\"lightcase:gallery-XNUaic\" data-lc-title=\"@japa_tu_japa_am\">\r\n                    <img decoding=\"async\" src=\"https:\/\/najednejlinie.pl\/wp-content\/uploads\/2025\/02\/japa-tu-japa-tam-611x1024.jpg\" alt=\"@japa_tu_japa_am\" \/>\r\n                    <div class=\"post-content-gallery-item-caption\">@japa_tu_japa_am<\/div>\r\n                <\/a>\r\n            <\/div>\r\n            <div class=\"post-content-gallery-item\">\r\n                <a href=\"https:\/\/najednejlinie.pl\/wp-content\/uploads\/2025\/02\/dr_iza_weber.jpg\" data-rel=\"lightcase:gallery-XNUaic\" data-lc-title=\"@Dr_iza_weber\">\r\n                    <img decoding=\"async\" src=\"https:\/\/najednejlinie.pl\/wp-content\/uploads\/2025\/02\/dr_iza_weber-611x1024.jpg\" alt=\"@Dr_iza_weber\" \/>\r\n                    <div class=\"post-content-gallery-item-caption\">@Dr_iza_weber<\/div>\r\n                <\/a>\r\n            <\/div>\r\n            <div class=\"post-content-gallery-item\">\r\n                <a href=\"https:\/\/najednejlinie.pl\/wp-content\/uploads\/2025\/02\/marc-jal.jpg\" data-rel=\"lightcase:gallery-XNUaic\" data-lc-title=\"@marc_jal\">\r\n                    <img decoding=\"async\" src=\"https:\/\/najednejlinie.pl\/wp-content\/uploads\/2025\/02\/marc-jal-611x1024.jpg\" alt=\"@marc_jal\" \/>\r\n                    <div class=\"post-content-gallery-item-caption\">@marc_jal<\/div>\r\n                <\/a>\r\n            <\/div>\r\n            <div class=\"post-content-gallery-item\">\r\n                <a href=\"https:\/\/najednejlinie.pl\/wp-content\/uploads\/2025\/02\/koralewskan.jpg\" data-rel=\"lightcase:gallery-XNUaic\" data-lc-title=\"@paweluczaj\">\r\n                    <img decoding=\"async\" src=\"https:\/\/najednejlinie.pl\/wp-content\/uploads\/2025\/02\/koralewskan-611x1024.jpg\" alt=\"@paweluczaj\" \/>\r\n                    <div class=\"post-content-gallery-item-caption\">@paweluczaj<\/div>\r\n                <\/a>\r\n            <\/div>\r\n            <div class=\"post-content-gallery-item\">\r\n                <a href=\"https:\/\/najednejlinie.pl\/wp-content\/uploads\/2025\/02\/pomada-sztajger_w_gorach.jpg\" data-rel=\"lightcase:gallery-XNUaic\" data-lc-title=\"@Sztajger_w_gorach\">\r\n                    <img decoding=\"async\" src=\"https:\/\/najednejlinie.pl\/wp-content\/uploads\/2025\/02\/pomada-sztajger_w_gorach-611x1024.jpg\" alt=\"@Sztajger_w_gorach\" \/>\r\n                    <div class=\"post-content-gallery-item-caption\">@Sztajger_w_gorach<\/div>\r\n                <\/a>\r\n            <\/div>\r\n            <div class=\"post-content-gallery-item\">\r\n                <a href=\"https:\/\/najednejlinie.pl\/wp-content\/uploads\/2025\/02\/the_blond_adventurer.jpg\" data-rel=\"lightcase:gallery-XNUaic\" data-lc-title=\"@the_blonde_adventurer\">\r\n                    <img decoding=\"async\" src=\"https:\/\/najednejlinie.pl\/wp-content\/uploads\/2025\/02\/the_blond_adventurer-611x1024.jpg\" alt=\"@the_blonde_adventurer\" \/>\r\n                    <div class=\"post-content-gallery-item-caption\">@the_blonde_adventurer<\/div>\r\n                <\/a>\r\n            <\/div>\r\n            <div class=\"post-content-gallery-item\">\r\n                <a href=\"https:\/\/najednejlinie.pl\/wp-content\/uploads\/2025\/02\/maks_parys.jpg\" data-rel=\"lightcase:gallery-XNUaic\" data-lc-title=\"@Maks_parys\">\r\n                    <img decoding=\"async\" src=\"https:\/\/najednejlinie.pl\/wp-content\/uploads\/2025\/02\/maks_parys-611x1024.jpg\" alt=\"@Maks_parys\" \/>\r\n                    <div class=\"post-content-gallery-item-caption\">@Maks_parys<\/div>\r\n                <\/a>\r\n            <\/div>\r\n            <div class=\"post-content-gallery-item\">\r\n                <a href=\"https:\/\/najednejlinie.pl\/wp-content\/uploads\/2025\/02\/czasodzieja-pomada.jpg\" data-rel=\"lightcase:gallery-XNUaic\" data-lc-title=\"@Czasodzieja\">\r\n                    <img decoding=\"async\" src=\"https:\/\/najednejlinie.pl\/wp-content\/uploads\/2025\/02\/czasodzieja-pomada-611x1024.jpg\" alt=\"@Czasodzieja\" \/>\r\n                    <div class=\"post-content-gallery-item-caption\">@Czasodzieja<\/div>\r\n                <\/a>\r\n            <\/div>\r\n            <div class=\"post-content-gallery-item\">\r\n                <a href=\"https:\/\/najednejlinie.pl\/wp-content\/uploads\/2025\/02\/wieli_climb.jpg\" data-rel=\"lightcase:gallery-XNUaic\" data-lc-title=\"@Wieli_climb\">\r\n                    <img decoding=\"async\" src=\"https:\/\/najednejlinie.pl\/wp-content\/uploads\/2025\/02\/wieli_climb-611x1024.jpg\" alt=\"@Wieli_climb\" \/>\r\n                    <div class=\"post-content-gallery-item-caption\">@Wieli_climb<\/div>\r\n                <\/a>\r\n            <\/div>\r\n            <div class=\"post-content-gallery-item\">\r\n                <a href=\"https:\/\/najednejlinie.pl\/wp-content\/uploads\/2025\/02\/ewebelladinotte-pomada-do-dloni.jpg\" data-rel=\"lightcase:gallery-XNUaic\" data-lc-title=\"@Belladinote\">\r\n                    <img decoding=\"async\" src=\"https:\/\/najednejlinie.pl\/wp-content\/uploads\/2025\/02\/ewebelladinotte-pomada-do-dloni-611x1024.jpg\" alt=\"@Belladinote\" \/>\r\n                    <div class=\"post-content-gallery-item-caption\">@Belladinote<\/div>\r\n                <\/a>\r\n            <\/div>\r\n            <div class=\"post-content-gallery-item\">\r\n                <a href=\"https:\/\/najednejlinie.pl\/wp-content\/uploads\/2025\/02\/wieli_climb2.jpg\" data-rel=\"lightcase:gallery-XNUaic\" data-lc-title=\"@wieli_climb\">\r\n                    <img decoding=\"async\" src=\"https:\/\/najednejlinie.pl\/wp-content\/uploads\/2025\/02\/wieli_climb2-611x1024.jpg\" alt=\"@wieli_climb\" \/>\r\n                    <div class=\"post-content-gallery-item-caption\">@wieli_climb<\/div>\r\n                <\/a>\r\n            <\/div>\r\n            <div class=\"post-content-gallery-item\">\r\n                <a href=\"https:\/\/najednejlinie.pl\/wp-content\/uploads\/2025\/02\/paweluczaj.jpg\" data-rel=\"lightcase:gallery-XNUaic\" data-lc-title=\"@koralewskan\">\r\n                    <img decoding=\"async\" src=\"https:\/\/najednejlinie.pl\/wp-content\/uploads\/2025\/02\/paweluczaj-611x1024.jpg\" alt=\"@koralewskan\" \/>\r\n                    <div class=\"post-content-gallery-item-caption\">@koralewskan<\/div>\r\n                <\/a>\r\n            <\/div>\r\n            <div class=\"post-content-gallery-item\">\r\n                <a href=\"https:\/\/najednejlinie.pl\/wp-content\/uploads\/2025\/02\/cwf_rydlowka32.jpg\" data-rel=\"lightcase:gallery-XNUaic\" data-lc-title=\"\">\r\n                    <img decoding=\"async\" src=\"https:\/\/najednejlinie.pl\/wp-content\/uploads\/2025\/02\/cwf_rydlowka32-611x1024.jpg\" alt=\"\" \/>\r\n                    <div class=\"post-content-gallery-item-caption\"><\/div>\r\n                <\/a>\r\n            <\/div>\r\n            <div class=\"post-content-gallery-item\">\r\n                <a href=\"https:\/\/najednejlinie.pl\/wp-content\/uploads\/2025\/02\/the_blond_adventurer2.jpg\" data-rel=\"lightcase:gallery-XNUaic\" data-lc-title=\"@the_blonde_adventurer\">\r\n                    <img decoding=\"async\" src=\"https:\/\/najednejlinie.pl\/wp-content\/uploads\/2025\/02\/the_blond_adventurer2-611x1024.jpg\" alt=\"@the_blonde_adventurer\" \/>\r\n                    <div class=\"post-content-gallery-item-caption\">@the_blonde_adventurer<\/div>\r\n                <\/a>\r\n            <\/div><\/div>\n<h2 data-start=\"4657\" data-end=\"4685\">Zgodno\u015b\u0107 i bezpiecze\u0144stwo<\/h2>\n<p data-start=\"4687\" data-end=\"4866\"><strong data-start=\"4687\" data-end=\"4866\">Produkt zosta\u0142 wytworzony zgodnie z zasadami Dobrej Praktyki Produkcyjnej (GMP) oraz zg\u0142oszony w europejskim systemie CPNP zgodnie z wymogami Rozporz\u0105dzenia (WE) nr 1223\/2009.<\/strong><\/p>\n<p>&nbsp;<\/p>\n<p data-start=\"1635\" data-end=\"1894\" data-is-last-node=\"\">\n<div style='text-align:left' class='yasr-auto-insert-visitor'><\/div>","protected":false},"excerpt":{"rendered":"<p>Tatra Care to naturalna pomada stworzona z my\u015bl\u0105 o d\u0142oniach, kt\u00f3re pracuj\u0105 na szlakach, w wietrze, ch\u0142odzie i ostrym s\u0142o\u0144cu. Od\u017cywia, koi i chroni sk\u00f3r\u0119 po d\u0142ugich dniach w g\u00f3rach, zapewniaj\u0105c regeneracj\u0119, kt\u00f3rej potrzebuj\u0105 ci, kt\u00f3rzy wybieraj\u0105 wysoko\u015b\u0107 zamiast wygody.<\/p>\n<p><strong>Prosta. Skuteczna. Naturalna.<\/strong><\/p>","protected":false},"featured_media":11266,"template":"","meta":{"yasr_overall_rating":0,"yasr_post_is_review":"","yasr_auto_insert_disabled":"","yasr_review_type":"Product"},"product_brand":[],"product_cat":[467],"product_tag":[],"class_list":{"0":"post-10373","1":"product","2":"type-product","3":"status-publish","4":"has-post-thumbnail","6":"product_cat-regeneracja","8":"first","9":"instock","10":"sale","11":"taxable","12":"shipping-taxable","13":"purchasable","14":"product-type-simple"},"aioseo_notices":[],"yasr_visitor_votes":{"stars_attributes":{"read_only":false,"span_bottom":false},"number_of_votes":5,"sum_votes":25},"_links":{"self":[{"href":"https:\/\/najednejlinie.pl\/en\/wp-json\/wp\/v2\/product\/10373","targetHints":{"allow":["GET"]}}],"collection":[{"href":"https:\/\/najednejlinie.pl\/en\/wp-json\/wp\/v2\/product"}],"about":[{"href":"https:\/\/najednejlinie.pl\/en\/wp-json\/wp\/v2\/types\/product"}],"wp:featuredmedia":[{"embeddable":true,"href":"https:\/\/najednejlinie.pl\/en\/wp-json\/wp\/v2\/media\/11266"}],"wp:attachment":[{"href":"https:\/\/najednejlinie.pl\/en\/wp-json\/wp\/v2\/media?parent=10373"}],"wp:term":[{"taxonomy":"product_brand","embeddable":true,"href":"https:\/\/najednejlinie.pl\/en\/wp-json\/wp\/v2\/product_brand?post=10373"},{"taxonomy":"product_cat","embeddable":true,"href":"https:\/\/najednejlinie.pl\/en\/wp-json\/wp\/v2\/product_cat?post=10373"},{"taxonomy":"product_tag","embeddable":true,"href":"https:\/\/najednejlinie.pl\/en\/wp-json\/wp\/v2\/product_tag?post=10373"}],"curies":[{"name":"wp","href":"https:\/\/api.w.org\/{rel}","templated":true}]}}