{"id":6637,"date":"2023-01-20T19:18:19","date_gmt":"2023-01-20T19:18:19","guid":{"rendered":"https:\/\/najednejlinie.pl\/?page_id=6637"},"modified":"2023-01-26T14:00:21","modified_gmt":"2023-01-26T14:00:21","slug":"jak-inwestowac","status":"publish","type":"page","link":"https:\/\/najednejlinie.pl\/en\/jak-inwestowac\/","title":{"rendered":"Jak inwestowa\u0107"},"content":{"rendered":"<div class=\"wpb-content-wrapper\"><div class=\"vc_row wpb_row vc_row-fluid\"><div class=\"wpb_column vc_column_container vc_col-sm-12\"><div class=\"vc_column-inner\"><div class=\"wpb_wrapper\">\n\t<div class=\"wpb_text_column wpb_content_element\" >\n\t\t<div class=\"wpb_wrapper\">\n\t\t\t<h1>Inwestowanie<\/h1>\n<p>K\u0105cik ekonomiczny bo cz\u0142owiek nie tylko g\u00f3rami, \u017cyje. Pieni\u0105dze zarabia\u0107 na czym\u015b musi, i m\u0105drze nimi dysponowa\u0107<\/p>\n\n\t\t<\/div>\n\t<\/div>\n<\/div><\/div><\/div><\/div><div class=\"vc_row wpb_row vc_row-fluid\"><div class=\"wpb_column vc_column_container vc_col-sm-12\"><div class=\"vc_column-inner\"><div class=\"wpb_wrapper\">\r\n            \r\n                        <div class=\"sh-blog-standard-posts blog-posts-WotR2iZD0g\">\r\n                <div class=\"sh-group blog-list blog-style-left-mini blog-style-left-mini-element\">\r\n                    \r\n\t<article id=\"post-10697\" class=\"post-item post-10697 post type-post status-publish format-standard has-post-thumbnail hentry category-inwestowanie\">\r\n\t\t<div class=\"post-container\">\r\n\t\t\t<div class=\"row\">\r\n\t\t\t\t<div class=\"col-md-6 col-sm-6 post-container-left\">\r\n\r\n\t\t\t\t\t<div class=\"post-thumbnail\">\r\n\t\t\t\t\t\t<div class=\"sh-ratio\">\r\n\t\t\t\t\t\t\t<div class=\"sh-ratio-container\">\r\n\t\t\t\t\t\t\t\t<div class=\"sh-ratio-content\" style=\"background-image: url( https:\/\/najednejlinie.pl\/wp-content\/uploads\/2025\/07\/wskazniki-finansowe-585x585.jpg);\"><\/div>\r\n\t\t\t\t\t\t\t<\/div>\r\n\t\t\t\t\t\t<\/div>\r\n\r\n\t\t\t\t\t\t            <a href=\"https:\/\/najednejlinie.pl\/en\/inwestowanie\/cena-do-zysku\/\" class=\"post-overlay\"><\/a>\r\n        \t\t\t\t\t\t\t\t\t\t\t\t\t\t\t\t\t<\/div>\r\n\r\n\t\t\t\t<\/div>\r\n\t\t\t\t<div class=\"col-md-6 col-sm-6 post-container-right\">\r\n\r\n\t\t\t\t\t<div class=\"post-content-container\">\r\n\t\t\t\t\t\t<div class=\"post-categories-container\">\r\n                <div class=\"post-categories\"><a href=\"https:\/\/najednejlinie.pl\/en\/inwestowanie\/\">Inwestowanie<\/a><\/div>\r\n            <\/div>\r\n\t\t\t\t\t\t<a href=\"https:\/\/najednejlinie.pl\/en\/inwestowanie\/cena-do-zysku\/\" class=\"post-title\">\r\n\t\t\t\t\t\t\t<h2>\r\n\t\t\t\t\t\t\t\t\t\t\t\t\t\t\t\tForward P\/E, czyli patrz w przysz\u0142o\u015b\u0107\t\t\t\t\t\t\t<\/h2>\r\n\t\t\t\t\t\t<\/a>\r\n\r\n\t\t\t\t\t\t\r\n    \r\n            <div class=\"post-content\">\r\n            Forward P\/E pokazuje, jak atrakcyjna mo\u017ce by\u0107 firma, je\u015bli jej przysz\u0142e zyski rzeczywi\u015bcie wzrosn\u0105 \u2013 a w\u0142a\u015bnie takie sp\u00f3\u0142ki chc\u0119 mie\u0107 w portfelu.        <\/div>\r\n    \r\n            <div class=\"post-meta\">\r\n            \r\n    <div class=\"post-meta-content\">\r\n        \r\n                \r\n                \r\n                \r\n                \r\n                \r\n                            <span class=\"placeholder-post-read-later\"><\/span>\r\n            <\/div>\r\n\r\n        <\/div>\r\n    \r\n\t\t\t\t\t<\/div>\r\n\r\n\t\t\t\t<\/div>\r\n\t\t\t<\/div>\r\n\t\t<\/div>\r\n\t<\/article>\r\n\r\n\r\n\r\n\t<article id=\"post-8740\" class=\"post-item post-8740 post type-post status-publish format-standard has-post-thumbnail hentry category-inwestowanie\">\r\n\t\t<div class=\"post-container\">\r\n\t\t\t<div class=\"row\">\r\n\t\t\t\t<div class=\"col-md-6 col-sm-6 post-container-left\">\r\n\r\n\t\t\t\t\t<div class=\"post-thumbnail\">\r\n\t\t\t\t\t\t<div class=\"sh-ratio\">\r\n\t\t\t\t\t\t\t<div class=\"sh-ratio-container\">\r\n\t\t\t\t\t\t\t\t<div class=\"sh-ratio-content\" style=\"background-image: url( https:\/\/najednejlinie.pl\/wp-content\/uploads\/2024\/02\/natgas-585x585.jpg);\"><\/div>\r\n\t\t\t\t\t\t\t<\/div>\r\n\t\t\t\t\t\t<\/div>\r\n\r\n\t\t\t\t\t\t            <a href=\"https:\/\/najednejlinie.pl\/en\/inwestowanie\/strategia-usredniania-zyskow\/\" class=\"post-overlay\"><\/a>\r\n        \t\t\t\t\t\t\t\t\t\t\t\t\t\t\t\t\t<\/div>\r\n\r\n\t\t\t\t<\/div>\r\n\t\t\t\t<div class=\"col-md-6 col-sm-6 post-container-right\">\r\n\r\n\t\t\t\t\t<div class=\"post-content-container\">\r\n\t\t\t\t\t\t<div class=\"post-categories-container\">\r\n                <div class=\"post-categories\"><a href=\"https:\/\/najednejlinie.pl\/en\/inwestowanie\/\">Inwestowanie<\/a><\/div>\r\n            <\/div>\r\n\t\t\t\t\t\t<a href=\"https:\/\/najednejlinie.pl\/en\/inwestowanie\/strategia-usredniania-zyskow\/\" class=\"post-title\">\r\n\t\t\t\t\t\t\t<h2>\r\n\t\t\t\t\t\t\t\t\t\t\t\t\t\t\t\tStrategia u\u015bredniania zysk\u00f3w. Moje przygody na NATGAS\t\t\t\t\t\t\t<\/h2>\r\n\t\t\t\t\t\t<\/a>\r\n\r\n\t\t\t\t\t\t\r\n    \r\n            <div class=\"post-content\">\r\n            W wielkim skr\u00f3cie chodzi o to, aby transzami skupowa\u0107 walory znajduj\u0105ce si\u0119 w trendzie wzrostowym. Jednocze\u015bnie ustanawiaj\u0105c wzrastaj\u0105ce zlecenia stop.        <\/div>\r\n    \r\n            <div class=\"post-meta\">\r\n            \r\n    <div class=\"post-meta-content\">\r\n        \r\n                \r\n                \r\n                \r\n                \r\n                \r\n                            <span class=\"placeholder-post-read-later\"><\/span>\r\n            <\/div>\r\n\r\n        <\/div>\r\n    \r\n\t\t\t\t\t<\/div>\r\n\r\n\t\t\t\t<\/div>\r\n\t\t\t<\/div>\r\n\t\t<\/div>\r\n\t<\/article>\r\n\r\n\r\n\r\n\t<article id=\"post-8727\" class=\"post-item post-8727 post type-post status-publish format-standard has-post-thumbnail hentry category-inwestowanie\">\r\n\t\t<div class=\"post-container\">\r\n\t\t\t<div class=\"row\">\r\n\t\t\t\t<div class=\"col-md-6 col-sm-6 post-container-left\">\r\n\r\n\t\t\t\t\t<div class=\"post-thumbnail\">\r\n\t\t\t\t\t\t<div class=\"sh-ratio\">\r\n\t\t\t\t\t\t\t<div class=\"sh-ratio-container\">\r\n\t\t\t\t\t\t\t\t<div class=\"sh-ratio-content\" style=\"background-image: url( https:\/\/najednejlinie.pl\/wp-content\/uploads\/2024\/02\/kiedy-kupowac-obligacje-skarbowe-585x585.jpg);\"><\/div>\r\n\t\t\t\t\t\t\t<\/div>\r\n\t\t\t\t\t\t<\/div>\r\n\r\n\t\t\t\t\t\t            <a href=\"https:\/\/najednejlinie.pl\/en\/inwestowanie\/obligacje\/\" class=\"post-overlay\"><\/a>\r\n        \t\t\t\t\t\t\t\t\t\t\t\t\t\t\t\t\t<\/div>\r\n\r\n\t\t\t\t<\/div>\r\n\t\t\t\t<div class=\"col-md-6 col-sm-6 post-container-right\">\r\n\r\n\t\t\t\t\t<div class=\"post-content-container\">\r\n\t\t\t\t\t\t<div class=\"post-categories-container\">\r\n                <div class=\"post-categories\"><a href=\"https:\/\/najednejlinie.pl\/en\/inwestowanie\/\">Inwestowanie<\/a><\/div>\r\n            <\/div>\r\n\t\t\t\t\t\t<a href=\"https:\/\/najednejlinie.pl\/en\/inwestowanie\/obligacje\/\" class=\"post-title\">\r\n\t\t\t\t\t\t\t<h2>\r\n\t\t\t\t\t\t\t\t\t\t\t\t\t\t\t\tKiedy kupowa\u0107 obligacje? Moje 10% na ETF na obligacje skarbowe.\t\t\t\t\t\t\t<\/h2>\r\n\t\t\t\t\t\t<\/a>\r\n\r\n\t\t\t\t\t\t\r\n    \r\n            <div class=\"post-content\">\r\n            Wkr\u00f3tce mmia\u0142 nast\u0105pi\u0107 PIVOT Dlatego by\u0142em przekonany, \u017ce to dobra decyzja.        <\/div>\r\n    \r\n            <div class=\"post-meta\">\r\n            \r\n    <div class=\"post-meta-content\">\r\n        \r\n                \r\n                \r\n                \r\n                \r\n                \r\n                            <span class=\"placeholder-post-read-later\"><\/span>\r\n            <\/div>\r\n\r\n        <\/div>\r\n    \r\n\t\t\t\t\t<\/div>\r\n\r\n\t\t\t\t<\/div>\r\n\t\t\t<\/div>\r\n\t\t<\/div>\r\n\t<\/article>\r\n\r\n\r\n\r\n\t<article id=\"post-8474\" class=\"post-item post-8474 post type-post status-publish format-standard has-post-thumbnail hentry category-inwestowanie\">\r\n\t\t<div class=\"post-container\">\r\n\t\t\t<div class=\"row\">\r\n\t\t\t\t<div class=\"col-md-6 col-sm-6 post-container-left\">\r\n\r\n\t\t\t\t\t<div class=\"post-thumbnail\">\r\n\t\t\t\t\t\t<div class=\"sh-ratio\">\r\n\t\t\t\t\t\t\t<div class=\"sh-ratio-container\">\r\n\t\t\t\t\t\t\t\t<div class=\"sh-ratio-content\" style=\"background-image: url( https:\/\/najednejlinie.pl\/wp-content\/uploads\/2023\/11\/pepco-585x585.jpg);\"><\/div>\r\n\t\t\t\t\t\t\t<\/div>\r\n\t\t\t\t\t\t<\/div>\r\n\r\n\t\t\t\t\t\t            <a href=\"https:\/\/najednejlinie.pl\/en\/inwestowanie\/pepco\/\" class=\"post-overlay\"><\/a>\r\n        \t\t\t\t\t\t\t\t\t\t\t\t\t\t\t\t\t<\/div>\r\n\r\n\t\t\t\t<\/div>\r\n\t\t\t\t<div class=\"col-md-6 col-sm-6 post-container-right\">\r\n\r\n\t\t\t\t\t<div class=\"post-content-container\">\r\n\t\t\t\t\t\t<div class=\"post-categories-container\">\r\n                <div class=\"post-categories\"><a href=\"https:\/\/najednejlinie.pl\/en\/inwestowanie\/\">Inwestowanie<\/a><\/div>\r\n            <\/div>\r\n\t\t\t\t\t\t<a href=\"https:\/\/najednejlinie.pl\/en\/inwestowanie\/pepco\/\" class=\"post-title\">\r\n\t\t\t\t\t\t\t<h2>\r\n\t\t\t\t\t\t\t\t\t\t\t\t\t\t\t\tPepco, czy da zarobi\u0107? Moja pierwsza du\u017ca inwestycja\t\t\t\t\t\t\t<\/h2>\r\n\t\t\t\t\t\t<\/a>\r\n\r\n\t\t\t\t\t\t\r\n    \r\n            <div class=\"post-content\">\r\n            Uzna\u0142em, \u017ce to jest ten moment i na tych w\u0142a\u015bnie poziomach cenowych zainicjowa\u0142em skup akcji. Usilnie wierz\u0105c, \u017ce te akcje s\u0105 blisko dna, wi\u0119c ta\u0144sze raczej nie b\u0119d\u0105.        <\/div>\r\n    \r\n            <div class=\"post-meta\">\r\n            \r\n    <div class=\"post-meta-content\">\r\n        \r\n                \r\n                \r\n                \r\n                \r\n                \r\n                            <span class=\"placeholder-post-read-later\"><\/span>\r\n            <\/div>\r\n\r\n        <\/div>\r\n    \r\n\t\t\t\t\t<\/div>\r\n\r\n\t\t\t\t<\/div>\r\n\t\t\t<\/div>\r\n\t\t<\/div>\r\n\t<\/article>\r\n\r\n\r\n\r\n\t<article id=\"post-8455\" class=\"post-item post-8455 post type-post status-publish format-standard has-post-thumbnail hentry category-inwestowanie\">\r\n\t\t<div class=\"post-container\">\r\n\t\t\t<div class=\"row\">\r\n\t\t\t\t<div class=\"col-md-6 col-sm-6 post-container-left\">\r\n\r\n\t\t\t\t\t<div class=\"post-thumbnail\">\r\n\t\t\t\t\t\t<div class=\"sh-ratio\">\r\n\t\t\t\t\t\t\t<div class=\"sh-ratio-container\">\r\n\t\t\t\t\t\t\t\t<div class=\"sh-ratio-content\" style=\"background-image: url( https:\/\/najednejlinie.pl\/wp-content\/uploads\/2023\/11\/jak-reagowac-na-nagle-wzrosty-lub-spadki-na-gieldzie-585x585.png);\"><\/div>\r\n\t\t\t\t\t\t\t<\/div>\r\n\t\t\t\t\t\t<\/div>\r\n\r\n\t\t\t\t\t\t            <a href=\"https:\/\/najednejlinie.pl\/en\/inwestowanie\/jak-reagowac-na-gieldzie\/\" class=\"post-overlay\"><\/a>\r\n        \t\t\t\t\t\t\t\t\t\t\t\t\t\t\t\t\t<\/div>\r\n\r\n\t\t\t\t<\/div>\r\n\t\t\t\t<div class=\"col-md-6 col-sm-6 post-container-right\">\r\n\r\n\t\t\t\t\t<div class=\"post-content-container\">\r\n\t\t\t\t\t\t<div class=\"post-categories-container\">\r\n                <div class=\"post-categories\"><a href=\"https:\/\/najednejlinie.pl\/en\/inwestowanie\/\">Inwestowanie<\/a><\/div>\r\n            <\/div>\r\n\t\t\t\t\t\t<a href=\"https:\/\/najednejlinie.pl\/en\/inwestowanie\/jak-reagowac-na-gieldzie\/\" class=\"post-title\">\r\n\t\t\t\t\t\t\t<h2>\r\n\t\t\t\t\t\t\t\t\t\t\t\t\t\t\t\tJak reagowa\u0107 na Gie\u0142dzie? Wst\u0119p do FOMO\t\t\t\t\t\t\t<\/h2>\r\n\t\t\t\t\t\t<\/a>\r\n\r\n\t\t\t\t\t\t\r\n    \r\n            <div class=\"post-content\">\r\n            Ka\u017cde wa\u017cne dla kraju wydarzenie polityczne lub spo\u0142eczne generuje napi\u0119cie, a zatem mo\u017cna oczekiwa\u0107, \u017ce na kt\u00f3rej\u015b z pierwszych sesji po rozstrzygni\u0119ciu reakcja rozkurczowa b\u0119dzie silna.        <\/div>\r\n    \r\n            <div class=\"post-meta\">\r\n            \r\n    <div class=\"post-meta-content\">\r\n        \r\n                \r\n                \r\n                \r\n                \r\n                \r\n                            <span class=\"placeholder-post-read-later\"><\/span>\r\n            <\/div>\r\n\r\n        <\/div>\r\n    \r\n\t\t\t\t\t<\/div>\r\n\r\n\t\t\t\t<\/div>\r\n\t\t\t<\/div>\r\n\t\t<\/div>\r\n\t<\/article>\r\n\r\n\r\n\r\n\t<article id=\"post-8459\" class=\"post-item post-8459 post type-post status-publish format-standard has-post-thumbnail hentry category-inwestowanie\">\r\n\t\t<div class=\"post-container\">\r\n\t\t\t<div class=\"row\">\r\n\t\t\t\t<div class=\"col-md-6 col-sm-6 post-container-left\">\r\n\r\n\t\t\t\t\t<div class=\"post-thumbnail\">\r\n\t\t\t\t\t\t<div class=\"sh-ratio\">\r\n\t\t\t\t\t\t\t<div class=\"sh-ratio-container\">\r\n\t\t\t\t\t\t\t\t<div class=\"sh-ratio-content\" style=\"background-image: url( https:\/\/najednejlinie.pl\/wp-content\/uploads\/2023\/11\/inwestowanie-fomo-585x585.png);\"><\/div>\r\n\t\t\t\t\t\t\t<\/div>\r\n\t\t\t\t\t\t<\/div>\r\n\r\n\t\t\t\t\t\t            <a href=\"https:\/\/najednejlinie.pl\/en\/inwestowanie\/fomo\/\" class=\"post-overlay\"><\/a>\r\n        \t\t\t\t\t\t\t\t\t\t\t\t\t\t\t\t\t<\/div>\r\n\r\n\t\t\t\t<\/div>\r\n\t\t\t\t<div class=\"col-md-6 col-sm-6 post-container-right\">\r\n\r\n\t\t\t\t\t<div class=\"post-content-container\">\r\n\t\t\t\t\t\t<div class=\"post-categories-container\">\r\n                <div class=\"post-categories\"><a href=\"https:\/\/najednejlinie.pl\/en\/inwestowanie\/\">Inwestowanie<\/a><\/div>\r\n            <\/div>\r\n\t\t\t\t\t\t<a href=\"https:\/\/najednejlinie.pl\/en\/inwestowanie\/fomo\/\" class=\"post-title\">\r\n\t\t\t\t\t\t\t<h2>\r\n\t\t\t\t\t\t\t\t\t\t\t\t\t\t\t\tFOMO &#8211; kiedy boimy sie tego, \u017ce nas okazja ominie\t\t\t\t\t\t\t<\/h2>\r\n\t\t\t\t\t\t<\/a>\r\n\r\n\t\t\t\t\t\t\r\n    \r\n            <div class=\"post-content\">\r\n            Przyznam si\u0119 Wam, \u017ce w okresie 16-18.10 FOMO psychicznie troch\u0119 da\u0142o mi si\u0119 we znaki. W ko\u0144cu mam prawo si\u0119 myli\u0107 lub nie umie\u0107 w por\u0119 przewidzie\u0107 nadarzaj\u0105cej si\u0119 okazji rynkowej.        <\/div>\r\n    \r\n            <div class=\"post-meta\">\r\n            \r\n    <div class=\"post-meta-content\">\r\n        \r\n                \r\n                \r\n                \r\n                \r\n                \r\n                            <span class=\"placeholder-post-read-later\"><\/span>\r\n            <\/div>\r\n\r\n        <\/div>\r\n    \r\n\t\t\t\t\t<\/div>\r\n\r\n\t\t\t\t<\/div>\r\n\t\t\t<\/div>\r\n\t\t<\/div>\r\n\t<\/article>\r\n\r\n\r\n\r\n\t<article id=\"post-7191\" class=\"post-item post-7191 post type-post status-publish format-standard has-post-thumbnail hentry category-inwestowanie\">\r\n\t\t<div class=\"post-container\">\r\n\t\t\t<div class=\"row\">\r\n\t\t\t\t<div class=\"col-md-6 col-sm-6 post-container-left\">\r\n\r\n\t\t\t\t\t<div class=\"post-thumbnail\">\r\n\t\t\t\t\t\t<div class=\"sh-ratio\">\r\n\t\t\t\t\t\t\t<div class=\"sh-ratio-container\">\r\n\t\t\t\t\t\t\t\t<div class=\"sh-ratio-content\" style=\"background-image: url( https:\/\/najednejlinie.pl\/wp-content\/uploads\/2023\/03\/sts-holding-budynek-585x585.jpg);\"><\/div>\r\n\t\t\t\t\t\t\t<\/div>\r\n\t\t\t\t\t\t<\/div>\r\n\r\n\t\t\t\t\t\t            <a href=\"https:\/\/najednejlinie.pl\/en\/inwestowanie\/sts-holding\/\" class=\"post-overlay\"><\/a>\r\n        \t\t\t\t\t\t\t\t\t\t\t\t\t\t\t\t\t<\/div>\r\n\r\n\t\t\t\t<\/div>\r\n\t\t\t\t<div class=\"col-md-6 col-sm-6 post-container-right\">\r\n\r\n\t\t\t\t\t<div class=\"post-content-container\">\r\n\t\t\t\t\t\t<div class=\"post-categories-container\">\r\n                <div class=\"post-categories\"><a href=\"https:\/\/najednejlinie.pl\/en\/inwestowanie\/\">Inwestowanie<\/a><\/div>\r\n            <\/div>\r\n\t\t\t\t\t\t<a href=\"https:\/\/najednejlinie.pl\/en\/inwestowanie\/sts-holding\/\" class=\"post-title\">\r\n\t\t\t\t\t\t\t<h2>\r\n\t\t\t\t\t\t\t\t\t\t\t\t\t\t\t\tCzy oko\u0142o-mundialowe zyski z gie\u0142dy to samograj, kt\u00f3ry si\u0119 powt\u00f3rzy? na przyk\u0142adzie STS Holding\t\t\t\t\t\t\t<\/h2>\r\n\t\t\t\t\t\t<\/a>\r\n\r\n\t\t\t\t\t\t\r\n    \r\n            <div class=\"post-content\">\r\n            Latem 2024 r. czyli ju\u017c za kilkana\u015bcie miesi\u0119cy odb\u0119d\u0105 fina\u0142y pi\u0142karskich mistrzostw Europy. Rozum mi podpowiada, \u017ce b\u0119dzie mo\u017cna na tym zarobi\u0107.        <\/div>\r\n    \r\n            <div class=\"post-meta\">\r\n            \r\n    <div class=\"post-meta-content\">\r\n        \r\n                \r\n                \r\n                \r\n                \r\n                \r\n                            <span class=\"placeholder-post-read-later\"><\/span>\r\n            <\/div>\r\n\r\n        <\/div>\r\n    \r\n\t\t\t\t\t<\/div>\r\n\r\n\t\t\t\t<\/div>\r\n\t\t\t<\/div>\r\n\t\t<\/div>\r\n\t<\/article>\r\n\r\n\r\n\r\n\t<article id=\"post-7179\" class=\"post-item post-7179 post type-post status-publish format-standard has-post-thumbnail hentry category-inwestowanie\">\r\n\t\t<div class=\"post-container\">\r\n\t\t\t<div class=\"row\">\r\n\t\t\t\t<div class=\"col-md-6 col-sm-6 post-container-left\">\r\n\r\n\t\t\t\t\t<div class=\"post-thumbnail\">\r\n\t\t\t\t\t\t<div class=\"sh-ratio\">\r\n\t\t\t\t\t\t\t<div class=\"sh-ratio-container\">\r\n\t\t\t\t\t\t\t\t<div class=\"sh-ratio-content\" style=\"background-image: url( https:\/\/najednejlinie.pl\/wp-content\/uploads\/2023\/03\/rafako-analiza-przypadku-585x585.jpg);\"><\/div>\r\n\t\t\t\t\t\t\t<\/div>\r\n\t\t\t\t\t\t<\/div>\r\n\r\n\t\t\t\t\t\t            <a href=\"https:\/\/najednejlinie.pl\/en\/inwestowanie\/rafako\/\" class=\"post-overlay\"><\/a>\r\n        \t\t\t\t\t\t\t\t\t\t\t\t\t\t\t\t\t<\/div>\r\n\r\n\t\t\t\t<\/div>\r\n\t\t\t\t<div class=\"col-md-6 col-sm-6 post-container-right\">\r\n\r\n\t\t\t\t\t<div class=\"post-content-container\">\r\n\t\t\t\t\t\t<div class=\"post-categories-container\">\r\n                <div class=\"post-categories\"><a href=\"https:\/\/najednejlinie.pl\/en\/inwestowanie\/\">Inwestowanie<\/a><\/div>\r\n            <\/div>\r\n\t\t\t\t\t\t<a href=\"https:\/\/najednejlinie.pl\/en\/inwestowanie\/rafako\/\" class=\"post-title\">\r\n\t\t\t\t\t\t\t<h2>\r\n\t\t\t\t\t\t\t\t\t\t\t\t\t\t\t\tBankructwo jako szansa na zarobek gie\u0142dowy &#8211; na podstawie Rafako\t\t\t\t\t\t\t<\/h2>\r\n\t\t\t\t\t\t<\/a>\r\n\r\n\t\t\t\t\t\t\r\n    \r\n            <div class=\"post-content\">\r\n            Wi\u0119c rz\u0105dz\u0105cy krajem politycy zawsze \u201emaj\u0105 co\u015b do powiedzenia\u201d w kwestii przysz\u0142o\u015bci tego sektora, a takie spory jak ten nie mog\u0105 ko\u0144czy\u0107 si\u0119 \u017ale dla jednej ze stron.        <\/div>\r\n    \r\n            <div class=\"post-meta\">\r\n            \r\n    <div class=\"post-meta-content\">\r\n        \r\n                \r\n                \r\n                \r\n                \r\n                \r\n                            <span class=\"placeholder-post-read-later\"><\/span>\r\n            <\/div>\r\n\r\n        <\/div>\r\n    \r\n\t\t\t\t\t<\/div>\r\n\r\n\t\t\t\t<\/div>\r\n\t\t\t<\/div>\r\n\t\t<\/div>\r\n\t<\/article>\r\n\r\n\r\n\r\n\t<article id=\"post-7125\" class=\"post-item post-7125 post type-post status-publish format-standard has-post-thumbnail hentry category-inwestowanie\">\r\n\t\t<div class=\"post-container\">\r\n\t\t\t<div class=\"row\">\r\n\t\t\t\t<div class=\"col-md-6 col-sm-6 post-container-left\">\r\n\r\n\t\t\t\t\t<div class=\"post-thumbnail\">\r\n\t\t\t\t\t\t<div class=\"sh-ratio\">\r\n\t\t\t\t\t\t\t<div class=\"sh-ratio-container\">\r\n\t\t\t\t\t\t\t\t<div class=\"sh-ratio-content\" style=\"background-image: url( https:\/\/najednejlinie.pl\/wp-content\/uploads\/2023\/03\/cyberpunk2077-premiera-585x576.jpg);\"><\/div>\r\n\t\t\t\t\t\t\t<\/div>\r\n\t\t\t\t\t\t<\/div>\r\n\r\n\t\t\t\t\t\t            <a href=\"https:\/\/najednejlinie.pl\/en\/inwestowanie\/kiedy-oczekiwania-sa-zbyt-duze\/\" class=\"post-overlay\"><\/a>\r\n        \t\t\t\t\t\t\t\t\t\t\t\t\t\t\t\t\t<\/div>\r\n\r\n\t\t\t\t<\/div>\r\n\t\t\t\t<div class=\"col-md-6 col-sm-6 post-container-right\">\r\n\r\n\t\t\t\t\t<div class=\"post-content-container\">\r\n\t\t\t\t\t\t<div class=\"post-categories-container\">\r\n                <div class=\"post-categories\"><a href=\"https:\/\/najednejlinie.pl\/en\/inwestowanie\/\">Inwestowanie<\/a><\/div>\r\n            <\/div>\r\n\t\t\t\t\t\t<a href=\"https:\/\/najednejlinie.pl\/en\/inwestowanie\/kiedy-oczekiwania-sa-zbyt-duze\/\" class=\"post-title\">\r\n\t\t\t\t\t\t\t<h2>\r\n\t\t\t\t\t\t\t\t\t\t\t\t\t\t\t\tKiedy oczekiwania s\u0105 zbyt du\u017ce &#8211; na przyk\u0142adzie premiery Cyberpunk 2077 od CD Projekt\t\t\t\t\t\t\t<\/h2>\r\n\t\t\t\t\t\t<\/a>\r\n\r\n\t\t\t\t\t\t\r\n    \r\n            <div class=\"post-content\">\r\n            W trakcie miesi\u0119cy poprzedzaj\u0105cych koniec realizacji, na fali tej euforii kurs akcji ur\u00f3s\u0142 do ponad 400 z\u0142...i co si\u0119 dalej sta\u0142o?        <\/div>\r\n    \r\n            <div class=\"post-meta\">\r\n            \r\n    <div class=\"post-meta-content\">\r\n        \r\n                \r\n                \r\n                \r\n                \r\n                \r\n                            <span class=\"placeholder-post-read-later\"><\/span>\r\n            <\/div>\r\n\r\n        <\/div>\r\n    \r\n\t\t\t\t\t<\/div>\r\n\r\n\t\t\t\t<\/div>\r\n\t\t\t<\/div>\r\n\t\t<\/div>\r\n\t<\/article>\r\n\r\n\r\n\r\n\t<article id=\"post-7118\" class=\"post-item post-7118 post type-post status-publish format-standard has-post-thumbnail hentry category-inwestowanie\">\r\n\t\t<div class=\"post-container\">\r\n\t\t\t<div class=\"row\">\r\n\t\t\t\t<div class=\"col-md-6 col-sm-6 post-container-left\">\r\n\r\n\t\t\t\t\t<div class=\"post-thumbnail\">\r\n\t\t\t\t\t\t<div class=\"sh-ratio\">\r\n\t\t\t\t\t\t\t<div class=\"sh-ratio-container\">\r\n\t\t\t\t\t\t\t\t<div class=\"sh-ratio-content\" style=\"background-image: url( https:\/\/najednejlinie.pl\/wp-content\/uploads\/2023\/03\/spolka-orlen-kurs-akcji-585x585.jpg);\"><\/div>\r\n\t\t\t\t\t\t\t<\/div>\r\n\t\t\t\t\t\t<\/div>\r\n\r\n\t\t\t\t\t\t            <a href=\"https:\/\/najednejlinie.pl\/en\/inwestowanie\/kupuj-plotki-sprzedawaj-fakty\/\" class=\"post-overlay\"><\/a>\r\n        \t\t\t\t\t\t\t\t\t\t\t\t\t\t\t\t\t<\/div>\r\n\r\n\t\t\t\t<\/div>\r\n\t\t\t\t<div class=\"col-md-6 col-sm-6 post-container-right\">\r\n\r\n\t\t\t\t\t<div class=\"post-content-container\">\r\n\t\t\t\t\t\t<div class=\"post-categories-container\">\r\n                <div class=\"post-categories\"><a href=\"https:\/\/najednejlinie.pl\/en\/inwestowanie\/\">Inwestowanie<\/a><\/div>\r\n            <\/div>\r\n\t\t\t\t\t\t<a href=\"https:\/\/najednejlinie.pl\/en\/inwestowanie\/kupuj-plotki-sprzedawaj-fakty\/\" class=\"post-title\">\r\n\t\t\t\t\t\t\t<h2>\r\n\t\t\t\t\t\t\t\t\t\t\t\t\t\t\t\tKupuj plotki, a sprzedawaj fakty &#8211; na przyk\u0142adzie sp\u00f3\u0142ki Orlen\t\t\t\t\t\t\t<\/h2>\r\n\t\t\t\t\t\t<\/a>\r\n\r\n\t\t\t\t\t\t\r\n    \r\n            <div class=\"post-content\">\r\n            Sesja zacz\u0119\u0142a si\u0119 od wzrostu akcji PKN Orlen, jednak szybko poda\u017c przej\u0119\u0142a inicjatyw\u0119. Tego dnia, przy rekordowym wolumenie akcje spadaj\u0105 -2,5%        <\/div>\r\n    \r\n            <div class=\"post-meta\">\r\n            \r\n    <div class=\"post-meta-content\">\r\n        \r\n                \r\n                \r\n                \r\n                \r\n                \r\n                            <span class=\"placeholder-post-read-later\"><\/span>\r\n            <\/div>\r\n\r\n        <\/div>\r\n    \r\n\t\t\t\t\t<\/div>\r\n\r\n\t\t\t\t<\/div>\r\n\t\t\t<\/div>\r\n\t\t<\/div>\r\n\t<\/article>\r\n\r\n\r\n                <\/div>\r\n\r\n                                    <div class=\"sh-load-more\"\r\n    \t\t\t\tdata-categories=\"451\"\r\n    \t\t\t\tdata-post-style=\"left-mini\"\r\n    \t\t\t\tdata-posts-per-page=\"10\"\r\n    \t\t\t\tdata-paged=\"2\"\r\n                    data-offset=\"0\"\r\n                    data-id=\"blog-posts-WotR2iZD0g\">\r\n    \t\t\t\t\tLoad more    \t\t\t\t<\/div>\r\n                \r\n            <\/div>\r\n\r\n        <\/div><\/div><\/div><\/div><div class=\"vc_row wpb_row vc_row-fluid\"><div class=\"wpb_column vc_column_container vc_col-sm-12\"><div class=\"vc_column-inner\"><div class=\"wpb_wrapper\">\n\t<div class=\"wpb_text_column wpb_content_element\" >\n\t\t<div class=\"wpb_wrapper\">\n\t\t\t<div class=\"vc_row wpb_row vc_row-fluid\"><\/div><div class=\"wpb_column vc_column_container vc_col-sm-12\"><div class=\"vc_column-inner\"><div class=\"wpb_wrapper\"><\/div><\/div><\/div>\n\t<div class=\"wpb_text_column wpb_content_element\" >\n\t\t<div class=\"wpb_wrapper\">\n\t\t\t\n\t\t<\/div>\n\t<\/div>\n<hr \/>\n\n\t\t<\/div>\n\t<\/div>\n<\/div><\/div><\/div><\/div>\n<div style='text-align:left' class='yasr-auto-insert-visitor'><\/div><\/div>","protected":false},"excerpt":{"rendered":"Co ma najwi\u0119kszy wp\u0142yw na sukcesy na gie\u0142dzie? To przede wszystkim informacja oraz przemy\u015blana strategia inwestycyjna, uwzgl\u0119dniaj\u0105ca bie\u017c\u0105ce realia ekonomiczne oraz nastroje konsumpcyjne. Cz\u0119sto sprawdza si\u0119 takie powiedzenie: \u201ekupuj plotki, a sprzedawaj fakty\u201d - jego sens najpro\u015bciej wyt\u0142umaczy\u0107 na poni\u017cszym przyk\u0142adzie. Taki tam Orlen og\u0142osi\u0142,...","protected":false},"author":1,"featured_media":6617,"parent":0,"menu_order":0,"comment_status":"closed","ping_status":"closed","template":"","meta":{"yasr_overall_rating":0,"yasr_post_is_review":"","yasr_auto_insert_disabled":"","yasr_review_type":"","footnotes":""},"class_list":["post-6637","page","type-page","status-publish","has-post-thumbnail","hentry"],"aioseo_notices":[],"yasr_visitor_votes":{"stars_attributes":{"read_only":false,"span_bottom":false},"number_of_votes":5,"sum_votes":23},"_links":{"self":[{"href":"https:\/\/najednejlinie.pl\/en\/wp-json\/wp\/v2\/pages\/6637","targetHints":{"allow":["GET"]}}],"collection":[{"href":"https:\/\/najednejlinie.pl\/en\/wp-json\/wp\/v2\/pages"}],"about":[{"href":"https:\/\/najednejlinie.pl\/en\/wp-json\/wp\/v2\/types\/page"}],"author":[{"embeddable":true,"href":"https:\/\/najednejlinie.pl\/en\/wp-json\/wp\/v2\/users\/1"}],"replies":[{"embeddable":true,"href":"https:\/\/najednejlinie.pl\/en\/wp-json\/wp\/v2\/comments?post=6637"}],"version-history":[{"count":6,"href":"https:\/\/najednejlinie.pl\/en\/wp-json\/wp\/v2\/pages\/6637\/revisions"}],"predecessor-version":[{"id":6644,"href":"https:\/\/najednejlinie.pl\/en\/wp-json\/wp\/v2\/pages\/6637\/revisions\/6644"}],"wp:featuredmedia":[{"embeddable":true,"href":"https:\/\/najednejlinie.pl\/en\/wp-json\/wp\/v2\/media\/6617"}],"wp:attachment":[{"href":"https:\/\/najednejlinie.pl\/en\/wp-json\/wp\/v2\/media?parent=6637"}],"curies":[{"name":"wp","href":"https:\/\/api.w.org\/{rel}","templated":true}]}}