{"id":6313,"date":"2022-08-17T19:44:28","date_gmt":"2022-08-17T19:44:28","guid":{"rendered":"https:\/\/najednejlinie.pl\/?page_id=6313"},"modified":"2023-06-06T14:39:02","modified_gmt":"2023-06-06T14:39:02","slug":"loty","status":"publish","type":"page","link":"https:\/\/najednejlinie.pl\/en\/loty\/","title":{"rendered":"Loty paralotnia"},"content":{"rendered":"<div class=\"wpb-content-wrapper\"><div class=\"vc_row wpb_row vc_row-fluid\"><div class=\"wpb_column vc_column_container vc_col-sm-12\"><div class=\"vc_column-inner\"><div class=\"wpb_wrapper\">\n\t<div class=\"wpb_text_column wpb_content_element\" >\n\t\t<div class=\"wpb_wrapper\">\n\t\t\t<h1>Paralotnia i wysokie loty &#8211; Hike &amp; fly<\/h1>\n<p align=\"justify\">Moim marzeniem jest lata\u0107 nad tatrza\u0144skimi szczytami. Bo jestem ju\u017c za stary, \u017ceby z nich tak po prostu schodzi\u0107.<\/p>\n<p align=\"justify\">\n\n\t\t<\/div>\n\t<\/div>\n<\/div><\/div><\/div><\/div><div class=\"vc_row wpb_row vc_row-fluid\"><div class=\"wpb_column vc_column_container vc_col-sm-12\"><div class=\"vc_column-inner\"><div class=\"wpb_wrapper\">\r\n            \r\n                        <div class=\"sh-blog-standard-posts blog-posts-zMgtbLT7yW\">\r\n                <div class=\"sh-group blog-list blog-style-left-mini blog-style-left-mini-element\">\r\n                    \r\n\t<article id=\"post-7492\" class=\"post-item post-7492 post type-post status-publish format-standard has-post-thumbnail hentry category-paralotnia\">\r\n\t\t<div class=\"post-container\">\r\n\t\t\t<div class=\"row\">\r\n\t\t\t\t<div class=\"col-md-6 col-sm-6 post-container-left\">\r\n\r\n\t\t\t\t\t<div class=\"post-thumbnail\">\r\n\t\t\t\t\t\t<div class=\"sh-ratio\">\r\n\t\t\t\t\t\t\t<div class=\"sh-ratio-container\">\r\n\t\t\t\t\t\t\t\t<div class=\"sh-ratio-content\" style=\"background-image: url( https:\/\/najednejlinie.pl\/wp-content\/uploads\/2023\/06\/najednejlinie-start-na-paralotni-przed-zachodem-slonca-w-meduno-585x585.jpg);\"><\/div>\r\n\t\t\t\t\t\t\t<\/div>\r\n\t\t\t\t\t\t<\/div>\r\n\r\n\t\t\t\t\t\t            <a href=\"https:\/\/najednejlinie.pl\/en\/paralotnia\/startowanie\/\" class=\"post-overlay\"><\/a>\r\n        \t\t\t\t\t\t\t\t\t\t\t\t\t\t\t\t\t<\/div>\r\n\r\n\t\t\t\t<\/div>\r\n\t\t\t\t<div class=\"col-md-6 col-sm-6 post-container-right\">\r\n\r\n\t\t\t\t\t<div class=\"post-content-container\">\r\n\t\t\t\t\t\t<div class=\"post-categories-container\">\r\n                <div class=\"post-categories\"><a href=\"https:\/\/najednejlinie.pl\/en\/paralotnia\/\">Paralotnia<\/a><\/div>\r\n            <\/div>\r\n\t\t\t\t\t\t<a href=\"https:\/\/najednejlinie.pl\/en\/paralotnia\/startowanie\/\" class=\"post-title\">\r\n\t\t\t\t\t\t\t<h2>\r\n\t\t\t\t\t\t\t\t\t\t\t\t\t\t\t\tO r\u00f3\u017cnych sposobach startowania na paralotni &#8211; obszernie i wiernie\t\t\t\t\t\t\t<\/h2>\r\n\t\t\t\t\t\t<\/a>\r\n\r\n\t\t\t\t\t\t\r\n    \r\n            <div class=\"post-content\">\r\n            Si\u0119gn\u0105\u0142em w\u00f3wczas po moj\u0105 w\u0142asn\u0105 regu\u0142\u0119 dotycz\u0105c\u0105 zagro\u017cenia, kt\u00f3re mo\u017ce mnie spotka\u0107, a kt\u00f3ra to zasada brzmi mniej wi\u0119cej tak: \u201eodpu\u015b\u0107 ch\u0142opie, gdy warunki wymagaj\u0105 od Ciebie bohaterstwa\u201d.        <\/div>\r\n    \r\n            <div class=\"post-meta\">\r\n            \r\n    <div class=\"post-meta-content\">\r\n        \r\n                \r\n                \r\n                \r\n                \r\n                \r\n                            <span class=\"placeholder-post-read-later\"><\/span>\r\n            <\/div>\r\n\r\n        <\/div>\r\n    \r\n\t\t\t\t\t<\/div>\r\n\r\n\t\t\t\t<\/div>\r\n\t\t\t<\/div>\r\n\t\t<\/div>\r\n\t<\/article>\r\n\r\n\r\n\r\n\t<article id=\"post-7470\" class=\"post-item post-7470 post type-post status-publish format-standard has-post-thumbnail hentry category-paralotnia\">\r\n\t\t<div class=\"post-container\">\r\n\t\t\t<div class=\"row\">\r\n\t\t\t\t<div class=\"col-md-6 col-sm-6 post-container-left\">\r\n\r\n\t\t\t\t\t<div class=\"post-thumbnail\">\r\n\t\t\t\t\t\t<div class=\"sh-ratio\">\r\n\t\t\t\t\t\t\t<div class=\"sh-ratio-container\">\r\n\t\t\t\t\t\t\t\t<div class=\"sh-ratio-content\" style=\"background-image: url( https:\/\/najednejlinie.pl\/wp-content\/uploads\/2023\/05\/tatry-zima-wschod-slonca-malolaczniak-paralotnia-585x585.jpg);\"><\/div>\r\n\t\t\t\t\t\t\t<\/div>\r\n\t\t\t\t\t\t<\/div>\r\n\r\n\t\t\t\t\t\t            <a href=\"https:\/\/najednejlinie.pl\/en\/paralotnia\/strach-przed-lataniem\/\" class=\"post-overlay\"><\/a>\r\n        \t\t\t\t\t\t\t\t\t\t\t\t\t\t\t\t\t<\/div>\r\n\r\n\t\t\t\t<\/div>\r\n\t\t\t\t<div class=\"col-md-6 col-sm-6 post-container-right\">\r\n\r\n\t\t\t\t\t<div class=\"post-content-container\">\r\n\t\t\t\t\t\t<div class=\"post-categories-container\">\r\n                <div class=\"post-categories\"><a href=\"https:\/\/najednejlinie.pl\/en\/paralotnia\/\">Paralotnia<\/a><\/div>\r\n            <\/div>\r\n\t\t\t\t\t\t<a href=\"https:\/\/najednejlinie.pl\/en\/paralotnia\/strach-przed-lataniem\/\" class=\"post-title\">\r\n\t\t\t\t\t\t\t<h2>\r\n\t\t\t\t\t\t\t\t\t\t\t\t\t\t\t\tOdrabiamy lekcj\u0119 prze\u0142amywania strachu przed lataniem\t\t\t\t\t\t\t<\/h2>\r\n\t\t\t\t\t\t<\/a>\r\n\r\n\t\t\t\t\t\t\r\n    \r\n            <div class=\"post-content\">\r\n            Widzia\u0142em jak daleko polecia\u0142 (a\u017c niecenzuralny \"pi\u017adziec\" sam ci\u015bnie si\u0119 na usta). odbi\u0142 gdzie\u015b za Giewontem, musia\u0142 przelatywa\u0107 nad Sarni\u0105 Ska\u0142\u0105 wzd\u0142u\u017c doliny Bia\u0142ego\u2026 w ka\u017cdym razie far, far away za zabudowaniami \ud83d\ude00        <\/div>\r\n    \r\n            <div class=\"post-meta\">\r\n            \r\n    <div class=\"post-meta-content\">\r\n        \r\n                \r\n                \r\n                \r\n                \r\n                \r\n                            <span class=\"placeholder-post-read-later\"><\/span>\r\n            <\/div>\r\n\r\n        <\/div>\r\n    \r\n\t\t\t\t\t<\/div>\r\n\r\n\t\t\t\t<\/div>\r\n\t\t\t<\/div>\r\n\t\t<\/div>\r\n\t<\/article>\r\n\r\n\r\n\r\n\t<article id=\"post-7139\" class=\"post-item post-7139 post type-post status-publish format-standard has-post-thumbnail hentry category-paralotnia\">\r\n\t\t<div class=\"post-container\">\r\n\t\t\t<div class=\"row\">\r\n\t\t\t\t<div class=\"col-md-6 col-sm-6 post-container-left\">\r\n\r\n\t\t\t\t\t<div class=\"post-thumbnail\">\r\n\t\t\t\t\t\t<div class=\"sh-ratio\">\r\n\t\t\t\t\t\t\t<div class=\"sh-ratio-container\">\r\n\t\t\t\t\t\t\t\t<div class=\"sh-ratio-content\" style=\"background-image: url( https:\/\/najednejlinie.pl\/wp-content\/uploads\/2023\/03\/lot-paralotnia-z-okna-585x585.jpg);\"><\/div>\r\n\t\t\t\t\t\t\t<\/div>\r\n\t\t\t\t\t\t<\/div>\r\n\r\n\t\t\t\t\t\t            <a href=\"https:\/\/najednejlinie.pl\/en\/paralotnia\/termika\/\" class=\"post-overlay\"><\/a>\r\n        \t\t\t\t\t\t\t\t\t\t\t\t\t\t\t\t\t<\/div>\r\n\r\n\t\t\t\t<\/div>\r\n\t\t\t\t<div class=\"col-md-6 col-sm-6 post-container-right\">\r\n\r\n\t\t\t\t\t<div class=\"post-content-container\">\r\n\t\t\t\t\t\t<div class=\"post-categories-container\">\r\n                <div class=\"post-categories\"><a href=\"https:\/\/najednejlinie.pl\/en\/paralotnia\/\">Paralotnia<\/a><\/div>\r\n            <\/div>\r\n\t\t\t\t\t\t<a href=\"https:\/\/najednejlinie.pl\/en\/paralotnia\/termika\/\" class=\"post-title\">\r\n\t\t\t\t\t\t\t<h2>\r\n\t\t\t\t\t\t\t\t\t\t\t\t\t\t\t\tJak korzysta\u0107 z termiki, czyli gar\u015b\u0107 porad dla pilota \u017c\u00f3\u0142todzioba\t\t\t\t\t\t\t<\/h2>\r\n\t\t\t\t\t\t<\/a>\r\n\r\n\t\t\t\t\t\t\r\n    \r\n            <div class=\"post-content\">\r\n            Ptakom jest o tyle pro\u015bciej, i\u017c s\u0105 wstanie wyczu\u0107 drobne zmiany ci\u015bnienia powietrza znamionuj\u0105ce kierunek pionowego przemieszczania si\u0119 w trakcie ich przelotu. Cz\u0142ek tak nie potrafi        <\/div>\r\n    \r\n            <div class=\"post-meta\">\r\n            \r\n    <div class=\"post-meta-content\">\r\n        \r\n                \r\n                \r\n                \r\n                \r\n                \r\n                            <span class=\"placeholder-post-read-later\"><\/span>\r\n            <\/div>\r\n\r\n        <\/div>\r\n    \r\n\t\t\t\t\t<\/div>\r\n\r\n\t\t\t\t<\/div>\r\n\t\t\t<\/div>\r\n\t\t<\/div>\r\n\t<\/article>\r\n\r\n\r\n\r\n\t<article id=\"post-6291\" class=\"post-item post-6291 post type-post status-publish format-standard has-post-thumbnail hentry category-paralotnia\">\r\n\t\t<div class=\"post-container\">\r\n\t\t\t<div class=\"row\">\r\n\t\t\t\t<div class=\"col-md-6 col-sm-6 post-container-left\">\r\n\r\n\t\t\t\t\t<div class=\"post-thumbnail\">\r\n\t\t\t\t\t\t<div class=\"sh-ratio\">\r\n\t\t\t\t\t\t\t<div class=\"sh-ratio-container\">\r\n\t\t\t\t\t\t\t\t<div class=\"sh-ratio-content\" style=\"background-image: url( https:\/\/najednejlinie.pl\/wp-content\/uploads\/2022\/08\/patalotniarz-szykuje-sie-do-startu-585x585.jpg);\"><\/div>\r\n\t\t\t\t\t\t\t<\/div>\r\n\t\t\t\t\t\t<\/div>\r\n\r\n\t\t\t\t\t\t            <a href=\"https:\/\/najednejlinie.pl\/en\/paralotnia\/meduno\/\" class=\"post-overlay\"><\/a>\r\n        \t\t\t\t\t\t\t\t\t\t\t\t\t\t\t\t\t<\/div>\r\n\r\n\t\t\t\t<\/div>\r\n\t\t\t\t<div class=\"col-md-6 col-sm-6 post-container-right\">\r\n\r\n\t\t\t\t\t<div class=\"post-content-container\">\r\n\t\t\t\t\t\t<div class=\"post-categories-container\">\r\n                <div class=\"post-categories\"><a href=\"https:\/\/najednejlinie.pl\/en\/paralotnia\/\">Paralotnia<\/a><\/div>\r\n            <\/div>\r\n\t\t\t\t\t\t<a href=\"https:\/\/najednejlinie.pl\/en\/paralotnia\/meduno\/\" class=\"post-title\">\r\n\t\t\t\t\t\t\t<h2>\r\n\t\t\t\t\t\t\t\t\t\t\t\t\t\t\t\tMeduno na paralotni &#8211; start klasyczny i pejza\u017ce z lotu ptaka\t\t\t\t\t\t\t<\/h2>\r\n\t\t\t\t\t\t<\/a>\r\n\r\n\t\t\t\t\t\t\r\n    \r\n            <div class=\"post-content\">\r\n            Przy starcie wia\u0142 silny wiatr, wi\u0119c napracowa\u0142em si\u0119 do\u015b\u0107 mocno, aby utrzyma\u0107 si\u0119 na sensownej wysoko\u015bci, a nie \u201eszorowa\u0107 ty\u0142kiem po krzakach\u201d.        <\/div>\r\n    \r\n            <div class=\"post-meta\">\r\n            \r\n    <div class=\"post-meta-content\">\r\n        \r\n                \r\n                \r\n                \r\n                \r\n                \r\n                            <span class=\"placeholder-post-read-later\"><\/span>\r\n            <\/div>\r\n\r\n        <\/div>\r\n    \r\n\t\t\t\t\t<\/div>\r\n\r\n\t\t\t\t<\/div>\r\n\t\t\t<\/div>\r\n\t\t<\/div>\r\n\t<\/article>\r\n\r\n\r\n\r\n\t<article id=\"post-6300\" class=\"post-item post-6300 post type-post status-publish format-standard has-post-thumbnail hentry category-paralotnia\">\r\n\t\t<div class=\"post-container\">\r\n\t\t\t<div class=\"row\">\r\n\t\t\t\t<div class=\"col-md-6 col-sm-6 post-container-left\">\r\n\r\n\t\t\t\t\t<div class=\"post-thumbnail\">\r\n\t\t\t\t\t\t<div class=\"sh-ratio\">\r\n\t\t\t\t\t\t\t<div class=\"sh-ratio-container\">\r\n\t\t\t\t\t\t\t\t<div class=\"sh-ratio-content\" style=\"background-image: url( https:\/\/najednejlinie.pl\/wp-content\/uploads\/2022\/08\/lijak-startowisko-alpejka-585x576.jpg);\"><\/div>\r\n\t\t\t\t\t\t\t<\/div>\r\n\t\t\t\t\t\t<\/div>\r\n\r\n\t\t\t\t\t\t            <a href=\"https:\/\/najednejlinie.pl\/en\/paralotnia\/lijak\/\" class=\"post-overlay\"><\/a>\r\n        \t\t\t\t\t\t\t\t\t\t\t\t\t\t\t\t\t<\/div>\r\n\r\n\t\t\t\t<\/div>\r\n\t\t\t\t<div class=\"col-md-6 col-sm-6 post-container-right\">\r\n\r\n\t\t\t\t\t<div class=\"post-content-container\">\r\n\t\t\t\t\t\t<div class=\"post-categories-container\">\r\n                <div class=\"post-categories\"><a href=\"https:\/\/najednejlinie.pl\/en\/paralotnia\/\">Paralotnia<\/a><\/div>\r\n            <\/div>\r\n\t\t\t\t\t\t<a href=\"https:\/\/najednejlinie.pl\/en\/paralotnia\/lijak\/\" class=\"post-title\">\r\n\t\t\t\t\t\t\t<h2>\r\n\t\t\t\t\t\t\t\t\t\t\t\t\t\t\t\tPowietrzne przygody na Lijaku\t\t\t\t\t\t\t<\/h2>\r\n\t\t\t\t\t\t<\/a>\r\n\r\n\t\t\t\t\t\t\r\n    \r\n            <div class=\"post-content\">\r\n            Na pewno zyska\u0142em cenn\u0105 lekcj\u0119, kt\u00f3rej ju\u017c nie chcia\u0142em powtarza\u0107 w kolejnym dniu.        <\/div>\r\n    \r\n            <div class=\"post-meta\">\r\n            \r\n    <div class=\"post-meta-content\">\r\n        \r\n                \r\n                \r\n                \r\n                \r\n                \r\n                            <span class=\"placeholder-post-read-later\"><\/span>\r\n            <\/div>\r\n\r\n        <\/div>\r\n    \r\n\t\t\t\t\t<\/div>\r\n\r\n\t\t\t\t<\/div>\r\n\t\t\t<\/div>\r\n\t\t<\/div>\r\n\t<\/article>\r\n\r\n\r\n\r\n\t<article id=\"post-6084\" class=\"post-item post-6084 post type-post status-publish format-standard has-post-thumbnail hentry category-tatry\">\r\n\t\t<div class=\"post-container\">\r\n\t\t\t<div class=\"row\">\r\n\t\t\t\t<div class=\"col-md-6 col-sm-6 post-container-left\">\r\n\r\n\t\t\t\t\t<div class=\"post-thumbnail\">\r\n\t\t\t\t\t\t<div class=\"sh-ratio\">\r\n\t\t\t\t\t\t\t<div class=\"sh-ratio-container\">\r\n\t\t\t\t\t\t\t\t<div class=\"sh-ratio-content\" style=\"background-image: url( https:\/\/najednejlinie.pl\/wp-content\/uploads\/2022\/06\/wschod-slonca-na-zakopane-585x585.jpg);\"><\/div>\r\n\t\t\t\t\t\t\t<\/div>\r\n\t\t\t\t\t\t<\/div>\r\n\r\n\t\t\t\t\t\t            <a href=\"https:\/\/najednejlinie.pl\/en\/tatry\/na-paralotni\/\" class=\"post-overlay\"><\/a>\r\n        \t\t\t\t\t\t\t\t\t\t\t\t\t\t\t\t\t<\/div>\r\n\r\n\t\t\t\t<\/div>\r\n\t\t\t\t<div class=\"col-md-6 col-sm-6 post-container-right\">\r\n\r\n\t\t\t\t\t<div class=\"post-content-container\">\r\n\t\t\t\t\t\t<div class=\"post-categories-container\">\r\n                <div class=\"post-categories\"><a href=\"https:\/\/najednejlinie.pl\/en\/tatry\/\">Tatry<\/a><\/div>\r\n            <\/div>\r\n\t\t\t\t\t\t<a href=\"https:\/\/najednejlinie.pl\/en\/tatry\/na-paralotni\/\" class=\"post-title\">\r\n\t\t\t\t\t\t\t<h2>\r\n\t\t\t\t\t\t\t\t\t\t\t\t\t\t\t\tHike &#038; Fly z Ma\u0142o\u0142\u0105czniaka\t\t\t\t\t\t\t<\/h2>\r\n\t\t\t\t\t\t<\/a>\r\n\r\n\t\t\t\t\t\t\r\n    \r\n            <div class=\"post-content\">\r\n            Po drodze m\u00f3j kompan co i rusz zapewnia\u0142 mnie, \u017ce w kwestii nienawidzenia go za takie pomys\u0142y to jeszcze zmieni\u0119 zdanie...i suma sumarum \u2013 w du\u017cej mierze mia\u0142 racj\u0119.        <\/div>\r\n    \r\n            <div class=\"post-meta\">\r\n            \r\n    <div class=\"post-meta-content\">\r\n        \r\n                \r\n                \r\n                \r\n                \r\n                \r\n                            <span class=\"placeholder-post-read-later\"><\/span>\r\n            <\/div>\r\n\r\n        <\/div>\r\n    \r\n\t\t\t\t\t<\/div>\r\n\r\n\t\t\t\t<\/div>\r\n\t\t\t<\/div>\r\n\t\t<\/div>\r\n\t<\/article>\r\n\r\n\r\n\r\n\t<article id=\"post-4049\" class=\"post-item post-4049 post type-post status-publish format-standard has-post-thumbnail hentry category-tatry\">\r\n\t\t<div class=\"post-container\">\r\n\t\t\t<div class=\"row\">\r\n\t\t\t\t<div class=\"col-md-6 col-sm-6 post-container-left\">\r\n\r\n\t\t\t\t\t<div class=\"post-thumbnail\">\r\n\t\t\t\t\t\t<div class=\"sh-ratio\">\r\n\t\t\t\t\t\t\t<div class=\"sh-ratio-container\">\r\n\t\t\t\t\t\t\t\t<div class=\"sh-ratio-content\" style=\"background-image: url( https:\/\/najednejlinie.pl\/wp-content\/uploads\/2021\/02\/szczyt-ciemniak-na-tle-tatr-slowackich-585x585.jpg);\"><\/div>\r\n\t\t\t\t\t\t\t<\/div>\r\n\t\t\t\t\t\t<\/div>\r\n\r\n\t\t\t\t\t\t            <a href=\"https:\/\/najednejlinie.pl\/en\/tatry\/hike-and-fly-ciemniak\/\" class=\"post-overlay\"><\/a>\r\n        \t\t\t\t\t\t\t\t\t\t\t\t\t\t\t\t\t<\/div>\r\n\r\n\t\t\t\t<\/div>\r\n\t\t\t\t<div class=\"col-md-6 col-sm-6 post-container-right\">\r\n\r\n\t\t\t\t\t<div class=\"post-content-container\">\r\n\t\t\t\t\t\t<div class=\"post-categories-container\">\r\n                <div class=\"post-categories\"><a href=\"https:\/\/najednejlinie.pl\/en\/tatry\/\">Tatry<\/a><\/div>\r\n            <\/div>\r\n\t\t\t\t\t\t<a href=\"https:\/\/najednejlinie.pl\/en\/tatry\/hike-and-fly-ciemniak\/\" class=\"post-title\">\r\n\t\t\t\t\t\t\t<h2>\r\n\t\t\t\t\t\t\t\t\t\t\t\t\t\t\t\tHIKE and FLY na Ciemniaku, czyli po co schodzi\u0107 z g\u00f3ry, kiedy mo\u017cna z niej&#8230;zlecie\u0107\t\t\t\t\t\t\t<\/h2>\r\n\t\t\t\t\t\t<\/a>\r\n\r\n\t\t\t\t\t\t\r\n    \r\n            <div class=\"post-content\">\r\n            Wylecieli\u015bmy w kierunku po\u0142udniowym, wi\u0119c w pewnej chwili nale\u017ca\u0142o zrobi\u0107 nawr\u00f3t o pe\u0142ne 180 stopni. Pod stopami mieli\u015bmy g\u00f3ry oraz widoki zapieraj\u0105ce dech w piersiach        <\/div>\r\n    \r\n            <div class=\"post-meta\">\r\n            \r\n    <div class=\"post-meta-content\">\r\n        \r\n                \r\n                \r\n                \r\n                \r\n                \r\n                            <span class=\"placeholder-post-read-later\"><\/span>\r\n            <\/div>\r\n\r\n        <\/div>\r\n    \r\n\t\t\t\t\t<\/div>\r\n\r\n\t\t\t\t<\/div>\r\n\t\t\t<\/div>\r\n\t\t<\/div>\r\n\t<\/article>\r\n\r\n\r\n\r\n\t<article id=\"post-3657\" class=\"post-item post-3657 post type-post status-publish format-standard has-post-thumbnail hentry category-poradnik\">\r\n\t\t<div class=\"post-container\">\r\n\t\t\t<div class=\"row\">\r\n\t\t\t\t<div class=\"col-md-6 col-sm-6 post-container-left\">\r\n\r\n\t\t\t\t\t<div class=\"post-thumbnail\">\r\n\t\t\t\t\t\t<div class=\"sh-ratio\">\r\n\t\t\t\t\t\t\t<div class=\"sh-ratio-container\">\r\n\t\t\t\t\t\t\t\t<div class=\"sh-ratio-content\" style=\"background-image: url( https:\/\/najednejlinie.pl\/wp-content\/uploads\/2020\/10\/lot-podczas-zachodu-slonca-585x585.jpg);\"><\/div>\r\n\t\t\t\t\t\t\t<\/div>\r\n\t\t\t\t\t\t<\/div>\r\n\r\n\t\t\t\t\t\t            <a href=\"https:\/\/najednejlinie.pl\/en\/poradnik\/paralotnia\/\" class=\"post-overlay\"><\/a>\r\n        \t\t\t\t\t\t\t\t\t\t\t\t\t\t\t\t\t<\/div>\r\n\r\n\t\t\t\t<\/div>\r\n\t\t\t\t<div class=\"col-md-6 col-sm-6 post-container-right\">\r\n\r\n\t\t\t\t\t<div class=\"post-content-container\">\r\n\t\t\t\t\t\t<div class=\"post-categories-container\">\r\n                <div class=\"post-categories\"><a href=\"https:\/\/najednejlinie.pl\/en\/poradnik\/\">Poradnik<\/a><\/div>\r\n            <\/div>\r\n\t\t\t\t\t\t<a href=\"https:\/\/najednejlinie.pl\/en\/poradnik\/paralotnia\/\" class=\"post-title\">\r\n\t\t\t\t\t\t\t<h2>\r\n\t\t\t\t\t\t\t\t\t\t\t\t\t\t\t\tParalotni\u0105 w pi\u0119kny lot&#8230;nad g\u00f3rami pe\u0142nymi grot. Po\u0142kn\u0105\u0142em bakcyla. Paralotniarstwo moj\u0105 now\u0105 pasj\u0105!\t\t\t\t\t\t\t<\/h2>\r\n\t\t\t\t\t\t<\/a>\r\n\r\n\t\t\t\t\t\t\r\n    \r\n            <div class=\"post-content\">\r\n            Wykoncypowa\u0142em sobie, \u017ce przecie\u017c z g\u00f3rskich szczyt\u00f3w mo\u017cna przecie\u017c zlatywa\u0107, a nie tylko zje\u017cdza\u0107 NA JEDNEJ LINIE. Marzy mi si\u0119 po\u0142\u0105czenie dalekich trekking\u00f3w oraz paralotni, a je\u015bli okoliczno\u015bci na to pozwol\u0105, to pragn\u0105\u0142bym wyspecjalizowa\u0107 si\u0119 w cross country.        <\/div>\r\n    \r\n            <div class=\"post-meta\">\r\n            \r\n    <div class=\"post-meta-content\">\r\n        \r\n                \r\n                \r\n                \r\n                \r\n                \r\n                            <span class=\"placeholder-post-read-later\"><\/span>\r\n            <\/div>\r\n\r\n        <\/div>\r\n    \r\n\t\t\t\t\t<\/div>\r\n\r\n\t\t\t\t<\/div>\r\n\t\t\t<\/div>\r\n\t\t<\/div>\r\n\t<\/article>\r\n\r\n\r\n                <\/div>\r\n\r\n                \r\n            <\/div>\r\n\r\n        <div class=\"vc_separator wpb_content_element vc_separator_align_center vc_sep_width_100 vc_sep_pos_align_center vc_separator_no_text vc_sep_color_grey wpb_content_element  wpb_content_element\" ><span class=\"vc_sep_holder vc_sep_holder_l\"><span class=\"vc_sep_line\"><\/span><\/span><span class=\"vc_sep_holder vc_sep_holder_r\"><span class=\"vc_sep_line\"><\/span><\/span>\n<\/div><\/div><\/div><\/div><\/div><div class=\"vc_row wpb_row vc_row-fluid\"><\/div><div class=\"wpb_column vc_column_container vc_col-sm-12\"><div class=\"vc_column-inner\"><div class=\"wpb_wrapper\"><\/div><\/div><\/div>\r\n            \r\n            <div class=\"sh-empty-space vc_empty_space sh-empty-space-0V2lfrDvWy\" style=\"height: 32px\">\r\n                <span class=\"vc_empty_space_inner\"><\/span>\r\n            <\/div>\r\n\r\n        \n\t<div class=\"wpb_text_column wpb_content_element\" >\n\t\t<div class=\"wpb_wrapper\">\n\t\t\t<p align=\"justify\">Po co chodzi\u0107, skoro mo\u017cna lata\u0107? I to, maj\u0105c w zupe\u0142nym gratisie, tak pi\u0119kne widoki?<\/p>\n<p align=\"justify\">Nie od dzi\u015b wiecie, \u017ce kocham wyzwania. Nie cierpi\u0119 miejskiej nudy. Kocham g\u00f3ry i przyrod\u0119. Zdobywa\u0107 szczyty to jedno z moich najwi\u0119kszych pragnie\u0144. A tu&#8230;? Mo\u017cna lata\u0107 ponad nimi! Wznie\u015b\u0107 si\u0119 wy\u017cej i wy\u017cej. Dozna\u0107 nieograniczonej niczym swobody i wolno\u015bci.<\/p>\n<p align=\"justify\">Cz\u0142owieka zawsze fascynowa\u0142o latanie. Ju\u017c antyczny Ikar pr\u00f3bowa\u0142 swoich si\u0142 we wznoszeniu si\u0119 ponad chmurami. Mo\u017ce to nie najlepszy przyk\u0142ad, bo ch\u0142opak sko\u0144czy\u0142 tragicznie. Jednak bracia Wright po\u0142o\u017cyli mocny fundament pod bezpiecze\u0144stwo lot\u00f3w. Co prawda ich interesowa\u0142y bardziej skomplikowane maszyny. Mnie wystarczy lot paralotni\u0105. To i tak wi\u0119cej ni\u017c natura pozwala cz\u0142owiekowi. To znacznie wi\u0119cej ni\u017c mo\u017ce przeci\u0119tny zjadacz chleba.<\/p>\n<p align=\"justify\">Swoj\u0105 przygod\u0119 z lotami na paralotni rozpocz\u0105\u0142em w doborowym towarzystwie. Oddaj\u0119 tu cze\u015b\u0107 Sylwiuszowi, o kt\u00f3rym niejednokrotnie wspominam na blogu. To prawdziwy Mistrz paralotniarstwa. I \u015bwietny nauczyciel, kt\u00f3ry prze\u0142ama\u0142 we mnie obawy przed lataniem. Bo, co tu ukrywa\u0107, na pocz\u0105tku \u0142atwo nie by\u0142o.<\/p>\n<p align=\"justify\">Moi przyjaciele ze \u015al\u0105ska wskazali mi moje miejsce na ziemi. A w\u0142a\u015bciwie to na niebie. Do dzi\u015b nie wiem, co oni do mnie &#8220;godoli&#8221;. Kazali si\u0119 ubra\u0107, pozapina\u0107 i pu\u015bcili wolno. W sumie wdzi\u0119czny im jestem, \u017ce nie zapomnieli o paralotni. Dzi\u0119ki tej doborowej ekipie mog\u0119 si\u0119 z Wami dzieli\u0107 dzisiaj opowie\u015bciami z niezwyk\u0142ych lot\u00f3w.<\/p>\n<p align=\"justify\">Loty paralotni\u0105 to r\u00f3wnie silny narkotyk, jak zdobywanie kolejnych g\u00f3rskich szczyt\u00f3w. Te wspania\u0142e krajobrazy z g\u00f3ry wygl\u0105daj\u0105 zupe\u0142nie inaczej. Jeszcze lepiej, jeszcze pi\u0119kniej. Do tego szum wiatru i kolejny pr\u0105d powietrza, kt\u00f3ry pcha ku swobodzie.<\/p>\n<p>Zach\u0119cam Was do lektury. Tak\u017ce do spr\u00f3bowania podniebnych przyg\u00f3d. Loty na paralotni polecam z ca\u0142ego serca.. Czytajcie i pytajcie. Nie po\u017ca\u0142ujecie!<\/p>\n\n\t\t<\/div>\n\t<\/div>\n<div style='text-align:left' class='yasr-auto-insert-visitor'><\/div><\/div>","protected":false},"excerpt":{"rendered":"paralityk -&gt; paraskoczek -&gt; para-adept -&gt; paralotnik -&gt; paralotniarz Wielce upraszczaj\u0105c, tak w pi\u0119knej polskiej mowie, wygl\u0105da\u0107 m\u00f3g\u0142by ci\u0105g s\u0142\u00f3w opisuj\u0105cych kolejne etapy opanowywania nowej i nienaturalnej umiej\u0119tno\u015bci, jak\u0105 jest paralotniarstwo. Od kanapy, na kt\u00f3rej zwykli przesiadywa\u0107 lenie o cechach paralityka po traw\u0119, na kt\u00f3rej...","protected":false},"author":1,"featured_media":6316,"parent":0,"menu_order":0,"comment_status":"closed","ping_status":"closed","template":"","meta":{"yasr_overall_rating":0,"yasr_post_is_review":"","yasr_auto_insert_disabled":"","yasr_review_type":"","footnotes":""},"class_list":["post-6313","page","type-page","status-publish","has-post-thumbnail","hentry"],"aioseo_notices":[],"yasr_visitor_votes":{"stars_attributes":{"read_only":false,"span_bottom":false},"number_of_votes":16,"sum_votes":80},"_links":{"self":[{"href":"https:\/\/najednejlinie.pl\/en\/wp-json\/wp\/v2\/pages\/6313","targetHints":{"allow":["GET"]}}],"collection":[{"href":"https:\/\/najednejlinie.pl\/en\/wp-json\/wp\/v2\/pages"}],"about":[{"href":"https:\/\/najednejlinie.pl\/en\/wp-json\/wp\/v2\/types\/page"}],"author":[{"embeddable":true,"href":"https:\/\/najednejlinie.pl\/en\/wp-json\/wp\/v2\/users\/1"}],"replies":[{"embeddable":true,"href":"https:\/\/najednejlinie.pl\/en\/wp-json\/wp\/v2\/comments?post=6313"}],"version-history":[{"count":18,"href":"https:\/\/najednejlinie.pl\/en\/wp-json\/wp\/v2\/pages\/6313\/revisions"}],"predecessor-version":[{"id":7508,"href":"https:\/\/najednejlinie.pl\/en\/wp-json\/wp\/v2\/pages\/6313\/revisions\/7508"}],"wp:featuredmedia":[{"embeddable":true,"href":"https:\/\/najednejlinie.pl\/en\/wp-json\/wp\/v2\/media\/6316"}],"wp:attachment":[{"href":"https:\/\/najednejlinie.pl\/en\/wp-json\/wp\/v2\/media?parent=6313"}],"curies":[{"name":"wp","href":"https:\/\/api.w.org\/{rel}","templated":true}]}}