{"id":4261,"date":"2021-04-14T15:27:18","date_gmt":"2021-04-14T15:27:18","guid":{"rendered":"https:\/\/najednejlinie.pl\/?page_id=4261"},"modified":"2021-09-01T14:00:57","modified_gmt":"2021-09-01T14:00:57","slug":"skitury","status":"publish","type":"page","link":"https:\/\/najednejlinie.pl\/en\/skitury\/","title":{"rendered":"Wycieczki Skiturowe"},"content":{"rendered":"<div class=\"wpb-content-wrapper\"><div class=\"vc_row wpb_row vc_row-fluid\"><div class=\"wpb_column vc_column_container vc_col-sm-12\"><div class=\"vc_column-inner\"><div class=\"wpb_wrapper\">\n\t<div class=\"wpb_text_column wpb_content_element\" >\n\t\t<div class=\"wpb_wrapper\">\n\t\t\t<h1>Skitury &#8211; wycieczki<\/h1>\n\n\t\t<\/div>\n\t<\/div>\n<\/div><\/div><\/div><\/div><div class=\"vc_row wpb_row vc_row-fluid\"><div class=\"wpb_column vc_column_container vc_col-sm-12\"><div class=\"vc_column-inner\"><div class=\"wpb_wrapper\">\r\n            \r\n                        <div class=\"sh-blog-standard-posts blog-posts-hBvqZ6XMFY\">\r\n                <div class=\"sh-group blog-list blog-style-left-mini blog-style-left-mini-element\">\r\n                    \r\n\t<article id=\"post-7157\" class=\"post-item post-7157 post type-post status-publish format-standard has-post-thumbnail hentry category-skitouring\">\r\n\t\t<div class=\"post-container\">\r\n\t\t\t<div class=\"row\">\r\n\t\t\t\t<div class=\"col-md-6 col-sm-6 post-container-left\">\r\n\r\n\t\t\t\t\t<div class=\"post-thumbnail\">\r\n\t\t\t\t\t\t<div class=\"sh-ratio\">\r\n\t\t\t\t\t\t\t<div class=\"sh-ratio-container\">\r\n\t\t\t\t\t\t\t\t<div class=\"sh-ratio-content\" style=\"background-image: url( https:\/\/najednejlinie.pl\/wp-content\/uploads\/2023\/03\/kopa-kondracka-szczyt-zima-na-skiturach-585x585.jpg);\"><\/div>\r\n\t\t\t\t\t\t\t<\/div>\r\n\t\t\t\t\t\t<\/div>\r\n\r\n\t\t\t\t\t\t            <a href=\"https:\/\/najednejlinie.pl\/en\/skitouring\/kopa-kondracka-zjazd\/\" class=\"post-overlay\"><\/a>\r\n        \t\t\t\t\t\t\t\t\t\t\t\t\t\t\t\t\t<\/div>\r\n\r\n\t\t\t\t<\/div>\r\n\t\t\t\t<div class=\"col-md-6 col-sm-6 post-container-right\">\r\n\r\n\t\t\t\t\t<div class=\"post-content-container\">\r\n\t\t\t\t\t\t<div class=\"post-categories-container\">\r\n                <div class=\"post-categories\"><a href=\"https:\/\/najednejlinie.pl\/en\/skitouring\/\">Skitouring<\/a><\/div>\r\n            <\/div>\r\n\t\t\t\t\t\t<a href=\"https:\/\/najednejlinie.pl\/en\/skitouring\/kopa-kondracka-zjazd\/\" class=\"post-title\">\r\n\t\t\t\t\t\t\t<h2>\r\n\t\t\t\t\t\t\t\t\t\t\t\t\t\t\t\tKopa Kondracka na skiturach w wydaniu urodzinowym\t\t\t\t\t\t\t<\/h2>\r\n\t\t\t\t\t\t<\/a>\r\n\r\n\t\t\t\t\t\t\r\n    \r\n            <div class=\"post-content\">\r\n            Zale\u017ca\u0142o mi na tym, aby zje\u017cd\u017ca\u0107 stamt\u0105d \u201ew puszku\u201d \u2013 bo taka posta\u0107 \u015bniegu jest dla skiturowca najmilsza. A musicie wiedzie\u0107, \u017ce \u201ewoda w tym stanie skupienia\u201d twardnieje \u2013 wpierw nagrzewana przez s\u0142o\u0144ce, a potem ch\u0142odzona jego brakiem.        <\/div>\r\n    \r\n            <div class=\"post-meta\">\r\n            \r\n    <div class=\"post-meta-content\">\r\n        \r\n                \r\n                \r\n                \r\n                \r\n                \r\n                            <span class=\"placeholder-post-read-later\"><\/span>\r\n            <\/div>\r\n\r\n        <\/div>\r\n    \r\n\t\t\t\t\t<\/div>\r\n\r\n\t\t\t\t<\/div>\r\n\t\t\t<\/div>\r\n\t\t<\/div>\r\n\t<\/article>\r\n\r\n\r\n\r\n\t<article id=\"post-5985\" class=\"post-item post-5985 post type-post status-publish format-standard has-post-thumbnail hentry category-skitouring\">\r\n\t\t<div class=\"post-container\">\r\n\t\t\t<div class=\"row\">\r\n\t\t\t\t<div class=\"col-md-6 col-sm-6 post-container-left\">\r\n\r\n\t\t\t\t\t<div class=\"post-thumbnail\">\r\n\t\t\t\t\t\t<div class=\"sh-ratio\">\r\n\t\t\t\t\t\t\t<div class=\"sh-ratio-container\">\r\n\t\t\t\t\t\t\t\t<div class=\"sh-ratio-content\" style=\"background-image: url( https:\/\/najednejlinie.pl\/wp-content\/uploads\/2022\/04\/zima-tatry-szlak-na-grzesia-585x585.jpg);\"><\/div>\r\n\t\t\t\t\t\t\t<\/div>\r\n\t\t\t\t\t\t<\/div>\r\n\r\n\t\t\t\t\t\t            <a href=\"https:\/\/najednejlinie.pl\/en\/skitouring\/tatry-zachodnie\/\" class=\"post-overlay\"><\/a>\r\n        \t\t\t\t\t\t\t\t\t\t\t\t\t\t\t\t\t<\/div>\r\n\r\n\t\t\t\t<\/div>\r\n\t\t\t\t<div class=\"col-md-6 col-sm-6 post-container-right\">\r\n\r\n\t\t\t\t\t<div class=\"post-content-container\">\r\n\t\t\t\t\t\t<div class=\"post-categories-container\">\r\n                <div class=\"post-categories\"><a href=\"https:\/\/najednejlinie.pl\/en\/skitouring\/\">Skitouring<\/a><\/div>\r\n            <\/div>\r\n\t\t\t\t\t\t<a href=\"https:\/\/najednejlinie.pl\/en\/skitouring\/tatry-zachodnie\/\" class=\"post-title\">\r\n\t\t\t\t\t\t\t<h2>\r\n\t\t\t\t\t\t\t\t\t\t\t\t\t\t\t\tTatry Zachodnie na skiturach\t\t\t\t\t\t\t<\/h2>\r\n\t\t\t\t\t\t<\/a>\r\n\r\n\t\t\t\t\t\t\r\n    \r\n            <div class=\"post-content\">\r\n            Z pocz\u0105tku jakby ubita konsystencja, nawierzchnia twarda, najpewniej od s\u0142o\u0144ca i ci\u0105g\u0142ych przymrozk\u00f3w. Potem nasze narty zag\u0142\u0119bi\u0142y si\u0119 w cudowny, bia\u0142y puch i za nic w \u015bwiecie nie chcia\u0142y go opuszcza\u0107.        <\/div>\r\n    \r\n            <div class=\"post-meta\">\r\n            \r\n    <div class=\"post-meta-content\">\r\n        \r\n                \r\n                \r\n                \r\n                \r\n                \r\n                            <span class=\"placeholder-post-read-later\"><\/span>\r\n            <\/div>\r\n\r\n        <\/div>\r\n    \r\n\t\t\t\t\t<\/div>\r\n\r\n\t\t\t\t<\/div>\r\n\t\t\t<\/div>\r\n\t\t<\/div>\r\n\t<\/article>\r\n\r\n\r\n\r\n\t<article id=\"post-5944\" class=\"post-item post-5944 post type-post status-publish format-standard has-post-thumbnail hentry category-skitouring\">\r\n\t\t<div class=\"post-container\">\r\n\t\t\t<div class=\"row\">\r\n\t\t\t\t<div class=\"col-md-6 col-sm-6 post-container-left\">\r\n\r\n\t\t\t\t\t<div class=\"post-thumbnail\">\r\n\t\t\t\t\t\t<div class=\"sh-ratio\">\r\n\t\t\t\t\t\t\t<div class=\"sh-ratio-container\">\r\n\t\t\t\t\t\t\t\t<div class=\"sh-ratio-content\" style=\"background-image: url( https:\/\/najednejlinie.pl\/wp-content\/uploads\/2022\/03\/zjazd-z-karbu-mgla-585x585.jpg);\"><\/div>\r\n\t\t\t\t\t\t\t<\/div>\r\n\t\t\t\t\t\t<\/div>\r\n\r\n\t\t\t\t\t\t            <a href=\"https:\/\/najednejlinie.pl\/en\/skitouring\/karb\/\" class=\"post-overlay\"><\/a>\r\n        \t\t\t\t\t\t\t\t\t\t\t\t\t\t\t\t\t<\/div>\r\n\r\n\t\t\t\t<\/div>\r\n\t\t\t\t<div class=\"col-md-6 col-sm-6 post-container-right\">\r\n\r\n\t\t\t\t\t<div class=\"post-content-container\">\r\n\t\t\t\t\t\t<div class=\"post-categories-container\">\r\n                <div class=\"post-categories\"><a href=\"https:\/\/najednejlinie.pl\/en\/skitouring\/\">Skitouring<\/a><\/div>\r\n            <\/div>\r\n\t\t\t\t\t\t<a href=\"https:\/\/najednejlinie.pl\/en\/skitouring\/karb\/\" class=\"post-title\">\r\n\t\t\t\t\t\t\t<h2>\r\n\t\t\t\t\t\t\t\t\t\t\t\t\t\t\t\tSkiturowy wypad na Karb. Zach\u0119ceni opisem, zachwyceni jazd\u0105, rozczarowani pogod\u0105.\t\t\t\t\t\t\t<\/h2>\r\n\t\t\t\t\t\t<\/a>\r\n\r\n\t\t\t\t\t\t\r\n    \r\n            <div class=\"post-content\">\r\n            Do pe\u0142ni szcz\u0119\u015bcia zabrak\u0142o nam \u201ewidoczk\u00f3w\u201d z Karba (po dotarciu widoczno\u015b\u0107 paskudnie strasznie zmala\u0142a i by\u0142o \"g\u00f3..o\" wida\u0107) oraz ..        <\/div>\r\n    \r\n            <div class=\"post-meta\">\r\n            \r\n    <div class=\"post-meta-content\">\r\n        \r\n                \r\n                \r\n                \r\n                \r\n                \r\n                            <span class=\"placeholder-post-read-later\"><\/span>\r\n            <\/div>\r\n\r\n        <\/div>\r\n    \r\n\t\t\t\t\t<\/div>\r\n\r\n\t\t\t\t<\/div>\r\n\t\t\t<\/div>\r\n\t\t<\/div>\r\n\t<\/article>\r\n\r\n\r\n\r\n\t<article id=\"post-5945\" class=\"post-item post-5945 post type-post status-publish format-standard has-post-thumbnail hentry category-skitouring\">\r\n\t\t<div class=\"post-container\">\r\n\t\t\t<div class=\"row\">\r\n\t\t\t\t<div class=\"col-md-6 col-sm-6 post-container-left\">\r\n\r\n\t\t\t\t\t<div class=\"post-thumbnail\">\r\n\t\t\t\t\t\t<div class=\"sh-ratio\">\r\n\t\t\t\t\t\t\t<div class=\"sh-ratio-container\">\r\n\t\t\t\t\t\t\t\t<div class=\"sh-ratio-content\" style=\"background-image: url( https:\/\/najednejlinie.pl\/wp-content\/uploads\/2022\/03\/skitury-dolina-goryczkowa-zakosy-585x585.jpg);\"><\/div>\r\n\t\t\t\t\t\t\t<\/div>\r\n\t\t\t\t\t\t<\/div>\r\n\r\n\t\t\t\t\t\t            <a href=\"https:\/\/najednejlinie.pl\/en\/skitouring\/zakosy\/\" class=\"post-overlay\"><\/a>\r\n        \t\t\t\t\t\t\t\t\t\t\t\t\t\t\t\t\t<\/div>\r\n\r\n\t\t\t\t<\/div>\r\n\t\t\t\t<div class=\"col-md-6 col-sm-6 post-container-right\">\r\n\r\n\t\t\t\t\t<div class=\"post-content-container\">\r\n\t\t\t\t\t\t<div class=\"post-categories-container\">\r\n                <div class=\"post-categories\"><a href=\"https:\/\/najednejlinie.pl\/en\/skitouring\/\">Skitouring<\/a><\/div>\r\n            <\/div>\r\n\t\t\t\t\t\t<a href=\"https:\/\/najednejlinie.pl\/en\/skitouring\/zakosy\/\" class=\"post-title\">\r\n\t\t\t\t\t\t\t<h2>\r\n\t\t\t\t\t\t\t\t\t\t\t\t\t\t\t\tTechnika podchodzenia na skiturach &#8211; Zakosy \u2013 trzeba je \u0107wiczy\u0107, aby umie\u0107\t\t\t\t\t\t\t<\/h2>\r\n\t\t\t\t\t\t<\/a>\r\n\r\n\t\t\t\t\t\t\r\n    \r\n            <div class=\"post-content\">\r\n            Nie godzi si\u0119 nazywa\u0107 kogo\u015b skiturowcem, je\u015bli ta osoba nie opanowa\u0142a robienia zakos\u00f3w. T\u0119 trudn\u0105 (w szczeg\u00f3lno\u015bci dla \u017c\u00f3\u0142todziob\u00f3w) technik\u0119 po prostu trzeba opanowa\u0107        <\/div>\r\n    \r\n            <div class=\"post-meta\">\r\n            \r\n    <div class=\"post-meta-content\">\r\n        \r\n                \r\n                \r\n                \r\n                \r\n                \r\n                            <span class=\"placeholder-post-read-later\"><\/span>\r\n            <\/div>\r\n\r\n        <\/div>\r\n    \r\n\t\t\t\t\t<\/div>\r\n\r\n\t\t\t\t<\/div>\r\n\t\t\t<\/div>\r\n\t\t<\/div>\r\n\t<\/article>\r\n\r\n\r\n\r\n\t<article id=\"post-4341\" class=\"post-item post-4341 post type-post status-publish format-standard has-post-thumbnail hentry category-skitouring\">\r\n\t\t<div class=\"post-container\">\r\n\t\t\t<div class=\"row\">\r\n\t\t\t\t<div class=\"col-md-6 col-sm-6 post-container-left\">\r\n\r\n\t\t\t\t\t<div class=\"post-thumbnail\">\r\n\t\t\t\t\t\t<div class=\"sh-ratio\">\r\n\t\t\t\t\t\t\t<div class=\"sh-ratio-container\">\r\n\t\t\t\t\t\t\t\t<div class=\"sh-ratio-content\" style=\"background-image: url( https:\/\/najednejlinie.pl\/wp-content\/uploads\/2021\/04\/kasprowy-wierch-zdazyc-przed-zachodem-slonca-585x585.jpg);\"><\/div>\r\n\t\t\t\t\t\t\t<\/div>\r\n\t\t\t\t\t\t<\/div>\r\n\r\n\t\t\t\t\t\t            <a href=\"https:\/\/najednejlinie.pl\/en\/skitouring\/kasprowy-wierch\/\" class=\"post-overlay\"><\/a>\r\n        \t\t\t\t\t\t\t\t\t\t\t\t\t\t\t\t\t<\/div>\r\n\r\n\t\t\t\t<\/div>\r\n\t\t\t\t<div class=\"col-md-6 col-sm-6 post-container-right\">\r\n\r\n\t\t\t\t\t<div class=\"post-content-container\">\r\n\t\t\t\t\t\t<div class=\"post-categories-container\">\r\n                <div class=\"post-categories\"><a href=\"https:\/\/najednejlinie.pl\/en\/skitouring\/\">Skitouring<\/a><\/div>\r\n            <\/div>\r\n\t\t\t\t\t\t<a href=\"https:\/\/najednejlinie.pl\/en\/skitouring\/kasprowy-wierch\/\" class=\"post-title\">\r\n\t\t\t\t\t\t\t<h2>\r\n\t\t\t\t\t\t\t\t\t\t\t\t\t\t\t\tSkiturowy Wierch Kasprowy \u2013 w promieniach zachodz\u0105cego s\u0142o\u0144ca\t\t\t\t\t\t\t<\/h2>\r\n\t\t\t\t\t\t<\/a>\r\n\r\n\t\t\t\t\t\t\r\n    \r\n            <div class=\"post-content\">\r\n            Startuj\u0105c po godz.15 (z Ko\u015bcieliska). niejako automatycznie zaliczyli\u015bmy si\u0119 do grona \"sp\u00f3\u017anialskich\", kt\u00f3rzy wyruszaj\u0105 w ostatniej chwili, \u0142udz\u0105c si\u0119, \u017ce zd\u0105\u017c\u0105 do\u015b\u0107 na szczyt i zjecha\u0107, zanim ziemi\u0119 okryj\u0105 ciemno\u015bci.        <\/div>\r\n    \r\n            <div class=\"post-meta\">\r\n            \r\n    <div class=\"post-meta-content\">\r\n        \r\n                \r\n                \r\n                \r\n                \r\n                \r\n                            <span class=\"placeholder-post-read-later\"><\/span>\r\n            <\/div>\r\n\r\n        <\/div>\r\n    \r\n\t\t\t\t\t<\/div>\r\n\r\n\t\t\t\t<\/div>\r\n\t\t\t<\/div>\r\n\t\t<\/div>\r\n\t<\/article>\r\n\r\n\r\n\r\n\t<article id=\"post-4259\" class=\"post-item post-4259 post type-post status-publish format-standard has-post-thumbnail hentry category-skitouring\">\r\n\t\t<div class=\"post-container\">\r\n\t\t\t<div class=\"row\">\r\n\t\t\t\t<div class=\"col-md-6 col-sm-6 post-container-left\">\r\n\r\n\t\t\t\t\t<div class=\"post-thumbnail\">\r\n\t\t\t\t\t\t<div class=\"sh-ratio\">\r\n\t\t\t\t\t\t\t<div class=\"sh-ratio-container\">\r\n\t\t\t\t\t\t\t\t<div class=\"sh-ratio-content\" style=\"background-image: url( https:\/\/najednejlinie.pl\/wp-content\/uploads\/2021\/04\/skitury-przez-myslenickie-turnie-na-jednej-linie-585x585.jpg);\"><\/div>\r\n\t\t\t\t\t\t\t<\/div>\r\n\t\t\t\t\t\t<\/div>\r\n\r\n\t\t\t\t\t\t            <a href=\"https:\/\/najednejlinie.pl\/en\/skitouring\/przez-myslenickie-turnie\/\" class=\"post-overlay\"><\/a>\r\n        \t\t\t\t\t\t\t\t\t\t\t\t\t\t\t\t\t<\/div>\r\n\r\n\t\t\t\t<\/div>\r\n\t\t\t\t<div class=\"col-md-6 col-sm-6 post-container-right\">\r\n\r\n\t\t\t\t\t<div class=\"post-content-container\">\r\n\t\t\t\t\t\t<div class=\"post-categories-container\">\r\n                <div class=\"post-categories\"><a href=\"https:\/\/najednejlinie.pl\/en\/skitouring\/\">Skitouring<\/a><\/div>\r\n            <\/div>\r\n\t\t\t\t\t\t<a href=\"https:\/\/najednejlinie.pl\/en\/skitouring\/przez-myslenickie-turnie\/\" class=\"post-title\">\r\n\t\t\t\t\t\t\t<h2>\r\n\t\t\t\t\t\t\t\t\t\t\t\t\t\t\t\tNa skiturach przez My\u015blenickie Turnie. Super przygoda dla pocz\u0105tkuj\u0105cych skituro-maniak\u00f3w\t\t\t\t\t\t\t<\/h2>\r\n\t\t\t\t\t\t<\/a>\r\n\r\n\t\t\t\t\t\t\r\n    \r\n            <div class=\"post-content\">\r\n            Jest to moja \"ta bardziej przeze mnie lubiana\" trasa. Idealna dla pocz\u0105tkuj\u0105cych, d\u0142u\u017csza i ciekawsza od tej wiod\u0105cej przez Dolin\u0119 Goryczkow\u0105        <\/div>\r\n    \r\n            <div class=\"post-meta\">\r\n            \r\n    <div class=\"post-meta-content\">\r\n        \r\n                \r\n                \r\n                \r\n                \r\n                \r\n                            <span class=\"placeholder-post-read-later\"><\/span>\r\n            <\/div>\r\n\r\n        <\/div>\r\n    \r\n\t\t\t\t\t<\/div>\r\n\r\n\t\t\t\t<\/div>\r\n\t\t\t<\/div>\r\n\t\t<\/div>\r\n\t<\/article>\r\n\r\n\r\n                <\/div>\r\n\r\n                                    <div class=\"sh-load-more\"\r\n    \t\t\t\tdata-categories=\"444\"\r\n    \t\t\t\tdata-post-style=\"left-mini\"\r\n    \t\t\t\tdata-posts-per-page=\"10\"\r\n    \t\t\t\tdata-paged=\"2\"\r\n                    data-offset=\"0\"\r\n                    data-id=\"blog-posts-hBvqZ6XMFY\">\r\n    \t\t\t\t\tLoad more    \t\t\t\t<\/div>\r\n                \r\n            <\/div>\r\n\r\n        <\/div><\/div><\/div><\/div><div class=\"vc_row wpb_row vc_row-fluid\"><div class=\"wpb_column vc_column_container vc_col-sm-12\"><div class=\"vc_column-inner\"><div class=\"wpb_wrapper\"><div class=\"vc_empty_space\"   style=\"height: 32px\"><span class=\"vc_empty_space_inner\"><\/span><\/div>\n\t<div class=\"wpb_text_column wpb_content_element\" >\n\t\t<div class=\"wpb_wrapper\">\n\t\t\t<h2>Skitour &#8211; co to jest?<\/h2>\n<p><strong><a href=\"https:\/\/najednejlinie.pl\/en\/poradnik\/skitury-wprowadzenie\/\" target=\"_blank\" rel=\"noopener\">Co to jest skitour<\/a>?<\/strong>\u00a0Pytanie dla znawc\u00f3w tematu banalne. Dla mniej wtajemniczonych odkrywa drog\u0119 do fantastycznych <strong>w\u0119dr\u00f3wek w g\u00f3rach<\/strong>. Innych ni\u017c zwyczajowa turystyka na szlaku. R\u00f3wnie, a nawet bardziej fascynuj\u0105cych. <strong>Skitur<\/strong> to, najpro\u015bciej m\u00f3wi\u0105c, <strong>chodzenie na nartach po g\u00f3rach<\/strong>. Celem w\u0119dr\u00f3wki jest nie tylko <strong>podej\u015bcie na szczyt<\/strong>. To tak\u017ce <strong>zjazd na nartach skiturowych<\/strong>.<\/p>\n<p>Wszystko zale\u017cy od predyspozycji i celu samego turyst\u00f3w. Cz\u0119\u015b\u0107 z nich przemieszcza si\u0119 do obranego celu, inni korzystaj\u0105 z rado\u015bci, jaka p\u0142ynie ze zjazdu. Jest to typowo zimowa dyscyplina, kt\u00f3ra rozpowszechni\u0142a si\u0119 w ci\u0105gu ostatnich dw\u00f3ch dekad. Nie bez powodu. Zat\u0142oczone stoki cz\u0119sto zniech\u0119caj\u0105 do zjazd\u00f3w narciarskich.<\/p>\n<p>Wiele os\u00f3b wybiera spokojniejsze trasy skiturowe w Beskidach, czy Tatrach. Dzi\u0119ki temu \u0142\u0105czy si\u0119 wej\u015bcie na szczyt ze zjazdem, co czyni zimowy sport wyj\u0105tkowo atrakcyjnym. Je\u017celi nie mia\u0142a\u015b\/e\u015b okazji spr\u00f3bowa\u0107 tej formy rekreacji, jestem pewien, \u017ce j\u0105 pokochasz jak ja. Znawc\u00f3w tematu przekonywa\u0107 nie musz\u0119. A skoro ju\u017c wiemy, co to jest narciarstwo skiturowe, przejd\u017amy z tematem dalej.<\/p>\n<h2>Narty skiturowe \u2014 co to znaczy? Co je wyr\u00f3\u017cnia?<\/h2>\n<p>Znawcy tematu ponownie u\u015bmiechn\u0105 si\u0119 pod nosem. Jednak ka\u017cdy z nas kiedy\u015b zaczyna\u0142 i warto wyja\u015bni\u0107 adeptom sztuki, co to jest te <strong>narty skiturowe<\/strong>. Do tego rodzaju turystyki wymagane jest odpowiednie wyposa\u017cenie. Jest to modyfikacja znanego od dawna sprz\u0119tu pod k\u0105tem wspinaczki i zjazd\u00f3w.<\/p>\n<p>Zbli\u017cone konstrukcj\u0105 do zjazdowych, <strong>narty skiturowe<\/strong> s\u0105 l\u017cejsze. Ich waga rzadko przekracza 1,5 kg, co stanowi wielk\u0105 zalet\u0119 przy podej\u015bciu. Posiadaj\u0105 tak\u017ce nieco inne wi\u0105zania &#8211; pinowe, kt\u00f3re umo\u017cliwiaj\u0105 uwolnienie pi\u0119ty. Maj\u0105 one r\u00f3wnie\u017c specjalne podp\u00f3rki, kt\u00f3re u\u0142atwiaj\u0105 podchodzenie pod stromy stok. Na czas zjazdu s\u0105 one blokowane, by lepiej czu\u0107 pod\u0142o\u017ce i zapobiec upadkom. W du\u017cym uproszczeniu <strong>skitury to narty<\/strong> s\u0142u\u017c\u0105ce zar\u00f3wno podchodzeniu, jak i samemu zjazdowi.<\/p>\n<h2>Foki skiturowe \u2014 co to jest?<\/h2>\n<p>Nie. Nie s\u0105 to te przemi\u0142e zwierz\u0119ta, kt\u00f3re wyjecha\u0142y na zimowy urlop w g\u00f3ry. <strong>Skiturowe foki<\/strong> to pasy materia\u0142u, kt\u00f3re mocuje si\u0119 do nart. Wykonane w specjalnej technologii u\u0142atwiaj\u0105 podej\u015bcie. Ich w\u0142os uk\u0142ada si\u0119 w jedn\u0105 stron\u0119, dzi\u0119ki czemu narty nie cofaj\u0105 si\u0119 na nawierzchni.<\/p>\n<p>Nazwa wzi\u0119\u0142a si\u0119 z pierwszych <strong>nart skiturowych<\/strong>, w kt\u00f3rych u\u017cywa\u0142o si\u0119 do tego celu w\u0142a\u015bnie sk\u00f3r z fok. Struktura ich sier\u015bci doskonale zabezpiecza\u0142a przed niechcianym \u015blizganiem si\u0119. Podchodzenie pod stok by\u0142o znacznie \u0142atwiejsze ni\u017c na tradycyjnych nartach zjazdowych. Szcz\u0119\u015bliwie dla tych przesympatycznych zwierz\u0105t, wymy\u015blono lepsze i ta\u0144sze metody<\/p>\n<h2>Buty skiturowe \u2014 co to u licha jest?<\/h2>\n<p>To zmodyfikowane na potrzeby <strong>turystyki skiturowej buty<\/strong>. S\u0105 lekkie, jednak ich wytrzyma\u0142o\u015b\u0107 jest znacznie wi\u0119ksza, ni\u017c mo\u017ce si\u0119 wydawa\u0107. Stabilnie podtrzymuj\u0105 kostk\u0119 i stop\u0119, umo\u017cliwiaj\u0105c zarazem ich wygodne zgi\u0119cie. Dzi\u0119ki temu doskonale nadaj\u0105 si\u0119 nie tylko do zjazd\u00f3w, ale i podej\u015b\u0107. \u015awietnie sprawdz\u0105 si\u0119 tak\u017ce do chodzenia bez nart, co czyni je naprawd\u0119 bardzo funkcjonalnymi.<\/p>\n<p><strong>Buty skiturowe,<\/strong> co niekt\u00f3re,\u00a0 posiadaj\u0105 nawet podeszw\u0119 Wibram. Narty, buty i foki to podstawowe i niezb\u0119dne wyposa\u017cenie do skitouringu. Pozostaje nam jeszcze kwestia dodatk\u00f3w. Te jednak dobierane s\u0105 indywidualnie do potrzeb, jak i celu konkretnej wycieczki. Na d\u0142u\u017csz\u0105 tras\u0119 z pewno\u015bci\u0105 przyda si\u0119 jeszcze plecak, by\u0107 mo\u017ce czekan czy raki (<strong>buty skiturowe<\/strong> umo\u017cliwiaj\u0105 wpi\u0119cie rak\u00f3w koszykowych, a nawet p\u00f3\u0142automatycznych). Do zjazd\u00f3w te akcesoria b\u0119d\u0105 zb\u0119dne. Nie tylko ich nie u\u017cyjemy, ale dodatkowo, b\u0119d\u0105 przeszkadza\u0107.<\/p>\n<h2>Skitury \u2014 Beskid S\u0105decki, Wyspowy, czy Niski<\/h2>\n<p>Nie zaryzykuj\u0119 tu jednoznacznej odpowiedzi. Ka\u017cdy bowiem ma swoje ulubione miejsca i <strong>skiturowe szlaki<\/strong>. Beskidy kusz\u0105 przestrzeni\u0105 i zr\u00f3\u017cnicowaniem terenu. S\u0105 miejscem, gdzie nawet pocz\u0105tkuj\u0105cy narciarze znajd\u0105 ciekawy szlak. Na pewno mog\u0119 poleci\u0107 Ma\u0142e Skrzyczne, gdzie bez problemu znajdzie si\u0119 <strong>instruktor skituringu<\/strong>. Nie tylko pomo\u017ce stawia\u0107 pierwsze kroki, ale dobierze tras\u0119 do wymaga\u0144 i mo\u017cliwo\u015bci turyst\u00f3w. Po pierwszych wra\u017ceniach szybko nadejdzie czas, kiedy <strong>skiturowy szlak<\/strong> b\u0119dziemy wybiera\u0107 na podstawie mapy Beskid\u00f3w. Bez udzia\u0142u os\u00f3b z zewn\u0105trz.<\/p>\n<h2>Skitury Tatry, czyli trasy godne polecenia<\/h2>\n<p>Tatry to dla mnie wymarzone wr\u0119cz warunki na skitoury. Znajdziemy tu mn\u00f3stwo szk\u00f3\u0142ek i instruktor\u00f3w, kt\u00f3rzy pomog\u0105 stawia\u0107 pierwsze kroki w tym sporcie. Czeka nas tu tak\u017ce r\u00f3\u017cnorodno\u015b\u0107 tras, poniewa\u017c Tatry s\u0105 wyj\u0105tkowo pod tym wzgl\u0119dem zr\u00f3\u017cnicowane. Najprostsza zdaje si\u0119 trasa z Ku\u017anic na Hal\u0119 Kondratow\u0105. Mog\u0119 \u015bmia\u0142o poleci\u0107 j\u0105 nawet pocz\u0105tkuj\u0105cym amatorom skitourowej rozrywki. Jej d\u0142ugo\u015b\u0107 to oko\u0142o 3,5 km, a przewy\u017cszenie si\u0119ga 350 metr\u00f3w. Nie wyst\u0119puje tu zagro\u017cenie lawinowe, tak\u017ce szlak czynny jest w\u0142a\u015bciwie zawsze. W sam raz na dobry pocz\u0105tek. Polecam r\u00f3wnie\u017c <a href=\"https:\/\/najednejlinie.pl\/en\/tatry\/skitury-dolinia-goryczkowa\/\" target=\"_blank\" rel=\"noopener\">Dolin\u0119 Goryczkow\u0105<\/a><\/p>\n<p>Bardziej zaawansowanym polecam wiosenn\u0105 wypraw\u0119 na Giewont lub Kasprowy Wierch. To niejako przed\u0142u\u017cenie trasy z Ku\u017anic. Przez Hal\u0119 Kondratow\u0105 dostaniemy si\u0119 wprost na kr\u00f3la Tatr. Wycieczka nieco bardziej wymagaj\u0105ca, jednak wra\u017cenia godne wysi\u0142ku. Gwarantowane s\u0105 niezapomniane widoki. A na zako\u0144czenie mo\u017cemy skorzysta\u0107 z fantastycznego zjazdu. Jest do\u015b\u0107 stromy, zw\u0142aszcza w pierwszych odcinkach, dlatego t\u0119 form\u0119 zej\u015bcia do doliny polecam jedynie \u015brednio-zaawansowanym skiturowcom.<\/p>\n<p>Nale\u017cy te\u017c ws\u0142uchiwa\u0107 si\u0119 w komunikaty TOPR, jest to okolica s\u0142yn\u0105ca z wyst\u0119powania lawin. Wi\u0119cej inspiracji znajdziecie, czytaj\u0105c wpisy na moim <strong>g\u00f3rskim blogu<\/strong>. Skitury to naprawd\u0119 \u015bwietna zabawa. Polecam. I, jak zwykle, s\u0142u\u017c\u0119 rad\u0105.<\/p>\n\n\t\t<\/div>\n\t<\/div>\n<\/div><\/div><\/div><\/div><div class=\"vc_row wpb_row vc_row-fluid\"><div class=\"wpb_column vc_column_container vc_col-sm-12\"><div class=\"vc_column-inner\"><div class=\"wpb_wrapper\"><\/div><\/div><\/div><\/div>\n<div style='text-align:left' class='yasr-auto-insert-visitor'><\/div><\/div>","protected":false},"excerpt":{"rendered":"Jak ju\u017c wspomina\u0142em, w pocz\u0105tkach 2021 roku do\u0142o\u017cy\u0142em sobie do g\u00f3rskiego serca (niczym palacz do kot\u0142a rozp\u0119dzonej lokomotywy parowej) kolejn\u0105 porcj\u0119 frajdy. \u0179r\u00f3d\u0142o: aplikacja Strava, dawniej Fatmaps \u0179r\u00f3d\u0142o: aplikacja Strava, dawniej Fatmaps Mam tu na my\u015bli rado\u015b\u0107, jak\u0105 wywo\u0142a\u0142y we mnie prze\u017cycia, kt\u00f3rych \u017ar\u00f3d\u0142em by\u0142a...","protected":false},"author":1,"featured_media":4342,"parent":0,"menu_order":0,"comment_status":"closed","ping_status":"closed","template":"","meta":{"yasr_overall_rating":0,"yasr_post_is_review":"","yasr_auto_insert_disabled":"","yasr_review_type":"","footnotes":""},"class_list":["post-4261","page","type-page","status-publish","has-post-thumbnail","hentry"],"aioseo_notices":[],"yasr_visitor_votes":{"stars_attributes":{"read_only":false,"span_bottom":false},"number_of_votes":7,"sum_votes":35},"_links":{"self":[{"href":"https:\/\/najednejlinie.pl\/en\/wp-json\/wp\/v2\/pages\/4261","targetHints":{"allow":["GET"]}}],"collection":[{"href":"https:\/\/najednejlinie.pl\/en\/wp-json\/wp\/v2\/pages"}],"about":[{"href":"https:\/\/najednejlinie.pl\/en\/wp-json\/wp\/v2\/types\/page"}],"author":[{"embeddable":true,"href":"https:\/\/najednejlinie.pl\/en\/wp-json\/wp\/v2\/users\/1"}],"replies":[{"embeddable":true,"href":"https:\/\/najednejlinie.pl\/en\/wp-json\/wp\/v2\/comments?post=4261"}],"version-history":[{"count":26,"href":"https:\/\/najednejlinie.pl\/en\/wp-json\/wp\/v2\/pages\/4261\/revisions"}],"predecessor-version":[{"id":5127,"href":"https:\/\/najednejlinie.pl\/en\/wp-json\/wp\/v2\/pages\/4261\/revisions\/5127"}],"wp:featuredmedia":[{"embeddable":true,"href":"https:\/\/najednejlinie.pl\/en\/wp-json\/wp\/v2\/media\/4342"}],"wp:attachment":[{"href":"https:\/\/najednejlinie.pl\/en\/wp-json\/wp\/v2\/media?parent=4261"}],"curies":[{"name":"wp","href":"https:\/\/api.w.org\/{rel}","templated":true}]}}