{"id":3721,"date":"2020-11-08T21:08:57","date_gmt":"2020-11-08T21:08:57","guid":{"rendered":"https:\/\/najednejlinie.pl\/?page_id=3721"},"modified":"2021-05-04T12:20:27","modified_gmt":"2021-05-04T12:20:27","slug":"panoramy-tatry","status":"publish","type":"page","link":"https:\/\/najednejlinie.pl\/en\/panoramy-tatry\/","title":{"rendered":"Tatrza\u0144skie panoramy"},"content":{"rendered":"<div class=\"wpb-content-wrapper\"><div class=\"vc_row wpb_row vc_row-fluid\"><div class=\"wpb_column vc_column_container vc_col-sm-12\"><div class=\"vc_column-inner\"><div class=\"wpb_wrapper\">\n\t<div class=\"wpb_text_column wpb_content_element\" >\n\t\t<div class=\"wpb_wrapper\">\n\t\t\t<h1 lang=\"zxx\" style=\"text-align: left;\" align=\"justify\">Panorama Tatr &#8211; obrazy z opisem szczyt\u00f3w &#8211; zaplanuj swoj\u0105 wypraw\u0119<\/h1>\n<p lang=\"zxx\" style=\"text-align: left;\" align=\"justify\">Idea, jaka mi przy\u015bwieca, jest zach\u0119cenie Was do wypad\u00f3w w g\u00f3ry. Do spacer\u00f3w wytyczonymi szlakami i przecierania oczy (lub okular\u00f3w) ze zdumienia, jak cudnie potrafi by\u0107 w naszych Tatrach. Ten dzia\u0142 to r\u00f3wnie\u017c przydatna nauka topografii<\/p>\n\n\t\t<\/div>\n\t<\/div>\n<\/div><\/div><\/div><\/div><div class=\"vc_row wpb_row vc_row-fluid\"><div class=\"wpb_column vc_column_container vc_col-sm-12\"><div class=\"vc_column-inner\"><div class=\"wpb_wrapper\">\r\n            \r\n                        <div class=\"sh-blog-standard-posts blog-posts-vgLPQYCst7\">\r\n                <div class=\"sh-group blog-list blog-style-left-mini blog-style-left-mini-element\">\r\n                    \r\n\t<article id=\"post-6939\" class=\"post-item post-6939 post type-post status-publish format-standard has-post-thumbnail hentry category-panoramy\">\r\n\t\t<div class=\"post-container\">\r\n\t\t\t<div class=\"row\">\r\n\t\t\t\t<div class=\"col-md-6 col-sm-6 post-container-left\">\r\n\r\n\t\t\t\t\t<div class=\"post-thumbnail\">\r\n\t\t\t\t\t\t<div class=\"sh-ratio\">\r\n\t\t\t\t\t\t\t<div class=\"sh-ratio-container\">\r\n\t\t\t\t\t\t\t\t<div class=\"sh-ratio-content\" style=\"background-image: url( https:\/\/najednejlinie.pl\/wp-content\/uploads\/2023\/02\/Gesia-Szyja-panorama-585x585.jpg);\"><\/div>\r\n\t\t\t\t\t\t\t<\/div>\r\n\t\t\t\t\t\t<\/div>\r\n\r\n\t\t\t\t\t\t            <a href=\"https:\/\/najednejlinie.pl\/en\/panoramy\/gesia-szyja\/\" class=\"post-overlay\"><\/a>\r\n        \t\t\t\t\t\t\t\t\t\t\t\t\t\t\t\t\t<\/div>\r\n\r\n\t\t\t\t<\/div>\r\n\t\t\t\t<div class=\"col-md-6 col-sm-6 post-container-right\">\r\n\r\n\t\t\t\t\t<div class=\"post-content-container\">\r\n\t\t\t\t\t\t<div class=\"post-categories-container\">\r\n                <div class=\"post-categories\"><a href=\"https:\/\/najednejlinie.pl\/en\/panoramy\/\">Panoramy<\/a><\/div>\r\n            <\/div>\r\n\t\t\t\t\t\t<a href=\"https:\/\/najednejlinie.pl\/en\/panoramy\/gesia-szyja\/\" class=\"post-title\">\r\n\t\t\t\t\t\t\t<h2>\r\n\t\t\t\t\t\t\t\t\t\t\t\t\t\t\t\tG\u0119sia Szyja, tatrza\u0144ska panorama i przys\u0142owiowy indyk, kt\u00f3ry mia\u0142 pecha\t\t\t\t\t\t\t<\/h2>\r\n\t\t\t\t\t\t<\/a>\r\n\r\n\t\t\t\t\t\t\r\n    \r\n            <div class=\"post-content\">\r\n            Tak, tak moi Drodzy: tam w oddali po stronie s\u0142owackiej na tym zdj\u0119ciu widoczny jest \u2013 uwaga, bo \u201enadchodzi\u201d \u2013 jego wysoko\u015b\u0107 Gerlach.        <\/div>\r\n    \r\n            <div class=\"post-meta\">\r\n            \r\n    <div class=\"post-meta-content\">\r\n        \r\n                \r\n                \r\n                \r\n                \r\n                \r\n                            <span class=\"placeholder-post-read-later\"><\/span>\r\n            <\/div>\r\n\r\n        <\/div>\r\n    \r\n\t\t\t\t\t<\/div>\r\n\r\n\t\t\t\t<\/div>\r\n\t\t\t<\/div>\r\n\t\t<\/div>\r\n\t<\/article>\r\n\r\n\r\n\r\n\t<article id=\"post-4432\" class=\"post-item post-4432 post type-post status-publish format-standard has-post-thumbnail hentry category-panoramy\">\r\n\t\t<div class=\"post-container\">\r\n\t\t\t<div class=\"row\">\r\n\t\t\t\t<div class=\"col-md-6 col-sm-6 post-container-left\">\r\n\r\n\t\t\t\t\t<div class=\"post-thumbnail\">\r\n\t\t\t\t\t\t<div class=\"sh-ratio\">\r\n\t\t\t\t\t\t\t<div class=\"sh-ratio-container\">\r\n\t\t\t\t\t\t\t\t<div class=\"sh-ratio-content\" style=\"background-image: url( https:\/\/najednejlinie.pl\/wp-content\/uploads\/2021\/05\/panorama-kasprowy-wierch-585x532.jpg);\"><\/div>\r\n\t\t\t\t\t\t\t<\/div>\r\n\t\t\t\t\t\t<\/div>\r\n\r\n\t\t\t\t\t\t            <a href=\"https:\/\/najednejlinie.pl\/en\/panoramy\/kasprowy-wierch-widoki\/\" class=\"post-overlay\"><\/a>\r\n        \t\t\t\t\t\t\t\t\t\t\t\t\t\t\t\t\t<\/div>\r\n\r\n\t\t\t\t<\/div>\r\n\t\t\t\t<div class=\"col-md-6 col-sm-6 post-container-right\">\r\n\r\n\t\t\t\t\t<div class=\"post-content-container\">\r\n\t\t\t\t\t\t<div class=\"post-categories-container\">\r\n                <div class=\"post-categories\"><a href=\"https:\/\/najednejlinie.pl\/en\/panoramy\/\">Panoramy<\/a><\/div>\r\n            <\/div>\r\n\t\t\t\t\t\t<a href=\"https:\/\/najednejlinie.pl\/en\/panoramy\/kasprowy-wierch-widoki\/\" class=\"post-title\">\r\n\t\t\t\t\t\t\t<h2>\r\n\t\t\t\t\t\t\t\t\t\t\t\t\t\t\t\tKasprowy Wierch &#8211; PANORAMA &#8211; co wida\u0107 stamt\u0105d bez lunety\t\t\t\t\t\t\t<\/h2>\r\n\t\t\t\t\t\t<\/a>\r\n\r\n\t\t\t\t\t\t\r\n    \r\n            <div class=\"post-content\">\r\n            Ze wzgl\u0119du na cudown\u0105 Panoram\u0119 Tatr, Kasprowy Wierch stanowi obowi\u0105zkowy punkt wycieczek zar\u00f3wno pieszych, jak i tych \"ze wspomaganiem\" w postaci skorzystania z najstarszej w kraju kolejki linowej.        <\/div>\r\n    \r\n            <div class=\"post-meta\">\r\n            \r\n    <div class=\"post-meta-content\">\r\n        \r\n                \r\n                \r\n                \r\n                \r\n                \r\n                            <span class=\"placeholder-post-read-later\"><\/span>\r\n            <\/div>\r\n\r\n        <\/div>\r\n    \r\n\t\t\t\t\t<\/div>\r\n\r\n\t\t\t\t<\/div>\r\n\t\t\t<\/div>\r\n\t\t<\/div>\r\n\t<\/article>\r\n\r\n\r\n\r\n\t<article id=\"post-3270\" class=\"post-item post-3270 post type-post status-publish format-standard has-post-thumbnail hentry category-panoramy\">\r\n\t\t<div class=\"post-container\">\r\n\t\t\t<div class=\"row\">\r\n\t\t\t\t<div class=\"col-md-6 col-sm-6 post-container-left\">\r\n\r\n\t\t\t\t\t<div class=\"post-thumbnail\">\r\n\t\t\t\t\t\t<div class=\"sh-ratio\">\r\n\t\t\t\t\t\t\t<div class=\"sh-ratio-container\">\r\n\t\t\t\t\t\t\t\t<div class=\"sh-ratio-content\" style=\"background-image: url( https:\/\/najednejlinie.pl\/wp-content\/uploads\/2020\/04\/Smreczynski-Staw-Panorama-krotka-585x585.jpg);\"><\/div>\r\n\t\t\t\t\t\t\t<\/div>\r\n\t\t\t\t\t\t<\/div>\r\n\r\n\t\t\t\t\t\t            <a href=\"https:\/\/najednejlinie.pl\/en\/panoramy\/smreczynski-staw-mnogosc-barw\/\" class=\"post-overlay\"><\/a>\r\n        \t\t\t\t\t\t\t\t\t\t\t\t\t\t\t\t\t<\/div>\r\n\r\n\t\t\t\t<\/div>\r\n\t\t\t\t<div class=\"col-md-6 col-sm-6 post-container-right\">\r\n\r\n\t\t\t\t\t<div class=\"post-content-container\">\r\n\t\t\t\t\t\t<div class=\"post-categories-container\">\r\n                <div class=\"post-categories\"><a href=\"https:\/\/najednejlinie.pl\/en\/panoramy\/\">Panoramy<\/a><\/div>\r\n            <\/div>\r\n\t\t\t\t\t\t<a href=\"https:\/\/najednejlinie.pl\/en\/panoramy\/smreczynski-staw-mnogosc-barw\/\" class=\"post-title\">\r\n\t\t\t\t\t\t\t<h2>\r\n\t\t\t\t\t\t\t\t\t\t\t\t\t\t\t\tPanorama znad Smreczy\u0144skiego Stawu: \u015bciany drzew, mnogo\u015b\u0107 barw i jaskrawe okazy traszek\t\t\t\t\t\t\t<\/h2>\r\n\t\t\t\t\t\t<\/a>\r\n\r\n\t\t\t\t\t\t\r\n    \r\n            <div class=\"post-content\">\r\n            Smreczy\u0144ski Staw, w przeciwie\u0144stwie do innych tatrza\u0144skich akwen\u00f3w, nie jest po\u0142o\u017cony na dnie polodowcowego kot\u0142a otoczonego zewsz\u0105d stromymi \u015bcianami skalnymi. Le\u017cy na r\u00f3wninie, po\u015brodku lasu, kt\u00f3ry postanowiono otoczy\u0107 \u015bcis\u0142\u0105 ochron\u0105        <\/div>\r\n    \r\n            <div class=\"post-meta\">\r\n            \r\n    <div class=\"post-meta-content\">\r\n        \r\n                \r\n                \r\n                \r\n                \r\n                \r\n                            <span class=\"placeholder-post-read-later\"><\/span>\r\n            <\/div>\r\n\r\n        <\/div>\r\n    \r\n\t\t\t\t\t<\/div>\r\n\r\n\t\t\t\t<\/div>\r\n\t\t\t<\/div>\r\n\t\t<\/div>\r\n\t<\/article>\r\n\r\n\r\n\r\n\t<article id=\"post-3143\" class=\"post-item post-3143 post type-post status-publish format-standard has-post-thumbnail hentry category-panoramy\">\r\n\t\t<div class=\"post-container\">\r\n\t\t\t<div class=\"row\">\r\n\t\t\t\t<div class=\"col-md-6 col-sm-6 post-container-left\">\r\n\r\n\t\t\t\t\t<div class=\"post-thumbnail\">\r\n\t\t\t\t\t\t<div class=\"sh-ratio\">\r\n\t\t\t\t\t\t\t<div class=\"sh-ratio-container\">\r\n\t\t\t\t\t\t\t\t<div class=\"sh-ratio-content\" style=\"background-image: url( https:\/\/najednejlinie.pl\/wp-content\/uploads\/2020\/04\/Morskie-oko-panorama-mieegusze-585x585.jpg);\"><\/div>\r\n\t\t\t\t\t\t\t<\/div>\r\n\t\t\t\t\t\t<\/div>\r\n\r\n\t\t\t\t\t\t            <a href=\"https:\/\/najednejlinie.pl\/en\/panoramy\/morskie-oko-szczyty\/\" class=\"post-overlay\"><\/a>\r\n        \t\t\t\t\t\t\t\t\t\t\t\t\t\t\t\t\t<\/div>\r\n\r\n\t\t\t\t<\/div>\r\n\t\t\t\t<div class=\"col-md-6 col-sm-6 post-container-right\">\r\n\r\n\t\t\t\t\t<div class=\"post-content-container\">\r\n\t\t\t\t\t\t<div class=\"post-categories-container\">\r\n                <div class=\"post-categories\"><a href=\"https:\/\/najednejlinie.pl\/en\/panoramy\/\">Panoramy<\/a><\/div>\r\n            <\/div>\r\n\t\t\t\t\t\t<a href=\"https:\/\/najednejlinie.pl\/en\/panoramy\/morskie-oko-szczyty\/\" class=\"post-title\">\r\n\t\t\t\t\t\t\t<h2>\r\n\t\t\t\t\t\t\t\t\t\t\t\t\t\t\t\tPanorama z Morskiego Oka &#8211; Szczyty w zasi\u0119gu wzroku\t\t\t\t\t\t\t<\/h2>\r\n\t\t\t\t\t\t<\/a>\r\n\r\n\t\t\t\t\t\t\r\n    \r\n            <div class=\"post-content\">\r\n            Morskie Oko (przez ludzi g\u00f3r i szpaner\u00f3w nazywane MOKIEM, dawniej znane jako Rybi Staw) jest NAJ. NAJbardziej znane, NAJwi\u0119ksze i dla wielu NAJpi\u0119kniejsze.        <\/div>\r\n    \r\n            <div class=\"post-meta\">\r\n            \r\n    <div class=\"post-meta-content\">\r\n        \r\n                \r\n                \r\n                \r\n                \r\n                \r\n                            <span class=\"placeholder-post-read-later\"><\/span>\r\n            <\/div>\r\n\r\n        <\/div>\r\n    \r\n\t\t\t\t\t<\/div>\r\n\r\n\t\t\t\t<\/div>\r\n\t\t\t<\/div>\r\n\t\t<\/div>\r\n\t<\/article>\r\n\r\n\r\n                <\/div>\r\n\r\n                                    <div class=\"sh-load-more\"\r\n    \t\t\t\tdata-categories=\"418\"\r\n    \t\t\t\tdata-post-style=\"left-mini\"\r\n    \t\t\t\tdata-posts-per-page=\"10\"\r\n    \t\t\t\tdata-paged=\"2\"\r\n                    data-offset=\"0\"\r\n                    data-id=\"blog-posts-vgLPQYCst7\">\r\n    \t\t\t\t\tLoad more    \t\t\t\t<\/div>\r\n                \r\n            <\/div>\r\n\r\n        <\/div><\/div><\/div><\/div><div class=\"vc_row wpb_row vc_row-fluid\"><div class=\"wpb_column vc_column_container vc_col-sm-12\"><div class=\"vc_column-inner\"><div class=\"wpb_wrapper\">\r\n            \r\n            <div class=\"sh-empty-space vc_empty_space sh-empty-space-glh25MOuGx\" style=\"height: 32px\">\r\n                <span class=\"vc_empty_space_inner\"><\/span>\r\n            <\/div>\r\n\r\n        \n\t<div class=\"wpb_text_column wpb_content_element\" >\n\t\t<div class=\"wpb_wrapper\">\n\t\t\t<div class=\"vc_row wpb_row vc_row-fluid\"><\/div><div class=\"wpb_column vc_column_container vc_col-sm-12\"><div class=\"vc_column-inner\"><div class=\"wpb_wrapper\"><\/div><\/div><\/div>\n\t<div class=\"wpb_text_column wpb_content_element\" >\n\t\t<div class=\"wpb_wrapper\">\n\t\t\t\n\t\t<\/div>\n\t<\/div>\n<h2><\/h2>\n\n\t\t<\/div>\n\t<\/div>\n<\/div><\/div><\/div><\/div><div class=\"vc_row wpb_row vc_row-fluid\"><div class=\"wpb_column vc_column_container vc_col-sm-12\"><div class=\"vc_column-inner\"><div class=\"wpb_wrapper\">\n\t<div class=\"wpb_text_column wpb_content_element\" >\n\t\t<div class=\"wpb_wrapper\">\n\t\t\t<p><strong>Panorama Tatr<\/strong> zachwyca ka\u017cdego turyst\u0119 na <strong>g\u00f3rskim szlaku<\/strong>. Czy jednak potrafiliby\u015bcie opisa\u0107 wszystkie szczyty, kt\u00f3re widzieli\u015bcie podczas swoich w\u0119dr\u00f3wek? Na pocieszenie dodam, \u017ce ja te\u017c nie. Dlatego te\u017c postanowi\u0142em podzieli\u0107 si\u0119 z Wami swoimi do\u015bwiadczeniami. I prac\u0105. <strong>Panoramy Tatr<\/strong> na moim g\u00f3rskim blogu to niezapomniane obrazy z opisami. Ich zdj\u0119cia wykonywa\u0142em podczas w\u0119dr\u00f3wek po r\u00f3\u017cnych szlakach.<\/p>\n<p>Ka\u017cda ma jednak co\u015b wsp\u00f3lnego. Ka\u017cde zdj\u0119cie wzbogacone jest opisem. Bez wzgl\u0119du na to, czy zdj\u0119cie robione jest z Guba\u0142\u00f3wki, Zakopanego czy Bukowiny. Maj\u0105 one na celu wzbogacenie Twoje wiedzy topograficznej. By\u0107 mo\u017ce b\u0142y\u015bniesz przed znajomymi lub rodzin\u0105 podczas pieszej w\u0119dr\u00f3wki w tych pi\u0119knych rejonach. A mo\u017ce pozostawisz t\u0119 wiedz\u0119 dla siebie? Z pewno\u015bci\u0105 jednak <strong>panoramy tatrza\u0144skie<\/strong> z opisami szczyt\u00f3w przydadz\u0105 si\u0119 na szlaku.<\/p>\n<h2>Panorama Tatr z opisami szczyt\u00f3w \u2014 widok z Kasprowego Wierchu<\/h2>\n<p><strong>Zdj\u0119cia panoramy Tatr z Kasprowego Wierchu<\/strong> pozwalaj\u0105 zobaczy\u0107 niemal ca\u0142y masyw g\u00f3rski. Ten znany szczyt zas\u0142uguje na w\u0119dr\u00f3wk\u0119 z wielu powod\u00f3w. Przepi\u0119kne widoki s\u0105 tylko jednym z nich. To jeden z najbardziej rozpoznawalnych szczyt\u00f3w w polskich g\u00f3rach. Z wysoko\u015bci 1987 m n.p.m. podziwia\u0107 mo\u017cna przepi\u0119kn\u0105 panoram\u0119. Jakie <strong>szczyty i doliny wida\u0107 z Kasprowego Wierchu<\/strong>? Zapraszam do mojej <a href=\"https:\/\/najednejlinie.pl\/en\/panoramy\/kasprowy-wierch-widoki\/\" target=\"_blank\" rel=\"noopener\">relacji<\/a>.<\/p>\n<h2><strong>Smreczy\u0144ski Staw \u2014 pi\u0119kny widok i oryginalna fauna<\/strong><\/h2>\n<p>Bez wzgl\u0119du na por\u0119 roku tu zawsze jest pi\u0119knie. Panorama jest po\u0142\u0105czeniem g\u00f3rskich kolor\u00f3w i b\u0142\u0119kitu nieba, co daje wyj\u0105tkowy wr\u0119cz widok. Sam staw godny jest wycieczki <strong>tatrza\u0144skim szlakiem<\/strong>. Niezbyt g\u0142\u0119boki, zamieszka\u0142y przez wyj\u0105tkowych przedstawicieli gatunk\u00f3w \u017cab i traszek. Cho\u0107 nieco przes\u0142oniona drzewami, <strong>panorama Tatr znad Smreczy\u0144skiego Stawu<\/strong> nieustaj\u0105co mnie zachwyca. <a href=\"https:\/\/najednejlinie.pl\/en\/panoramy\/smreczynski-staw-mnogosc-barw\/\" target=\"_blank\" rel=\"noopener\">Tu<\/a> znajdziecie wi\u0119cej, zobaczcie sami<\/p>\n<h2>Panorama z Morskiego Oka, czyli tatrza\u0144ski gw\u00f3\u017ad\u017a programu<\/h2>\n<p>To miejsce zosta\u0142o si\u0142ami natury wprost stworzone do podziwiania <strong>panoramy Tatr<\/strong>. Zlokalizowane tu\u017c obok Zakopanego jest chyba najbardziej rozpoznawalnym g\u00f3rskim jeziorem. Widoki, jakie mo\u017cna tam zaobserwowa\u0107, zapieraj\u0105 dech w piersiach. Bynajmniej, nie z powodu wysoko\u015bci. To wprost cudowne miejsce. Pr\u00f3cz niezwykle czystej wody w Morskim Oku od razu dostrzec mo\u017cna rozleg\u0142e <strong>widoki na okoliczne szczyty<\/strong>. Nie b\u0119d\u0119 jednak zdradza\u0142 tu wszystkiego. Zach\u0119cam do ogl\u0105dania zdj\u0119\u0107 <strong>panoramy Tatr<\/strong> w <a href=\"https:\/\/najednejlinie.pl\/en\/panoramy\/morskie-oko-szczyty\/\" target=\"_blank\" rel=\"noopener\">tym artykule<\/a>. Warto poczyta\u0107, warto pojecha\u0107. Nawet najlepsze bowiem zdj\u0119cia nie oddaj\u0105 w pe\u0142ni pi\u0119kna tych miejsc.<\/p>\n\n\t\t<\/div>\n\t<\/div>\n<\/div><\/div><\/div><\/div>\n<div style='text-align:left' class='yasr-auto-insert-visitor'><\/div><\/div>","protected":false},"excerpt":{"rendered":"Morskie Oko (przez ludzi g\u00f3r i szpaner\u00f3w nazywane MOKIEM, dawniej znane jako Rybi Staw) jest NAJ. NAJbardziej znane, NAJwi\u0119ksze i dla wielu NAJpi\u0119kniejsze. Popularno\u015b\u0107 jest w pewnej mierze pochodn\u0105 aspekt\u00f3w czysto geograficznych. Pierwszym z nich jest niewielka odleg\u0142o\u015b\u0107 od zimowej stolicy Polski. Drugim - fakt,...","protected":false},"author":1,"featured_media":3293,"parent":0,"menu_order":0,"comment_status":"closed","ping_status":"closed","template":"","meta":{"yasr_overall_rating":0,"yasr_post_is_review":"","yasr_auto_insert_disabled":"","yasr_review_type":"BlogPosting","footnotes":""},"class_list":["post-3721","page","type-page","status-publish","has-post-thumbnail","hentry"],"aioseo_notices":[],"yasr_visitor_votes":{"stars_attributes":{"read_only":false,"span_bottom":false},"number_of_votes":13,"sum_votes":58},"_links":{"self":[{"href":"https:\/\/najednejlinie.pl\/en\/wp-json\/wp\/v2\/pages\/3721","targetHints":{"allow":["GET"]}}],"collection":[{"href":"https:\/\/najednejlinie.pl\/en\/wp-json\/wp\/v2\/pages"}],"about":[{"href":"https:\/\/najednejlinie.pl\/en\/wp-json\/wp\/v2\/types\/page"}],"author":[{"embeddable":true,"href":"https:\/\/najednejlinie.pl\/en\/wp-json\/wp\/v2\/users\/1"}],"replies":[{"embeddable":true,"href":"https:\/\/najednejlinie.pl\/en\/wp-json\/wp\/v2\/comments?post=3721"}],"version-history":[{"count":4,"href":"https:\/\/najednejlinie.pl\/en\/wp-json\/wp\/v2\/pages\/3721\/revisions"}],"predecessor-version":[{"id":4461,"href":"https:\/\/najednejlinie.pl\/en\/wp-json\/wp\/v2\/pages\/3721\/revisions\/4461"}],"wp:featuredmedia":[{"embeddable":true,"href":"https:\/\/najednejlinie.pl\/en\/wp-json\/wp\/v2\/media\/3293"}],"wp:attachment":[{"href":"https:\/\/najednejlinie.pl\/en\/wp-json\/wp\/v2\/media?parent=3721"}],"curies":[{"name":"wp","href":"https:\/\/api.w.org\/{rel}","templated":true}]}}