{"id":2371,"date":"2019-09-21T18:17:34","date_gmt":"2019-09-21T18:17:34","guid":{"rendered":"https:\/\/najednejlinie.pl\/?page_id=2371"},"modified":"2022-09-30T18:54:19","modified_gmt":"2022-09-30T18:54:19","slug":"wyprawy-kaukaz","status":"publish","type":"page","link":"https:\/\/najednejlinie.pl\/en\/wyprawy-kaukaz\/","title":{"rendered":"Kaukaskie giganty: Elbrus i Kazbek"},"content":{"rendered":"<div class=\"wpb-content-wrapper\"><div class=\"vc_row wpb_row vc_row-fluid\"><div class=\"wpb_column vc_column_container vc_col-sm-12\"><div class=\"vc_column-inner\"><div class=\"wpb_wrapper\">\n\t<div class=\"wpb_text_column wpb_content_element\" >\n\t\t<div class=\"wpb_wrapper\">\n\t\t\t<h1 style=\"text-align: left;\">G\u00f3ry Kaukazu<\/h1>\n<p style=\"text-align: left;\">\u201e<span style=\"font-family: Times New Roman, serif;\"><span style=\"font-size: medium;\">Zobaczy\u0107 G\u00f3ry Kaukazu i umrze\u0107\u201d \u2013 w taki spos\u00f3b m\u00f3g\u0142bym sparafrazowa\u0107 Goethego. <\/span><\/span><span style=\"font-family: Times New Roman, serif;\"><span style=\"font-size: medium;\">S<\/span><\/span><span style=\"font-family: Times New Roman, serif;\"><span style=\"font-size: medium;\">\u0142owa te doskonale pasuj\u0105 do tego, co mo\u017cecie tam zobaczy\u0107.<\/span><\/span><\/p>\n\n\t\t<\/div>\n\t<\/div>\n<\/div><\/div><\/div><\/div><div class=\"vc_row wpb_row vc_row-fluid\"><div class=\"wpb_column vc_column_container vc_col-sm-12\"><div class=\"vc_column-inner\"><div class=\"wpb_wrapper\">\r\n            \r\n                        <div class=\"sh-blog-standard-posts blog-posts-cJEpUzZfgW\">\r\n                <div class=\"sh-group blog-list blog-style-left-mini blog-style-left-mini-element\">\r\n                    \r\n\t<article id=\"post-6381\" class=\"post-item post-6381 post type-post status-publish format-standard has-post-thumbnail hentry category-kaukaz\">\r\n\t\t<div class=\"post-container\">\r\n\t\t\t<div class=\"row\">\r\n\t\t\t\t<div class=\"col-md-6 col-sm-6 post-container-left\">\r\n\r\n\t\t\t\t\t<div class=\"post-thumbnail\">\r\n\t\t\t\t\t\t<div class=\"sh-ratio\">\r\n\t\t\t\t\t\t\t<div class=\"sh-ratio-container\">\r\n\t\t\t\t\t\t\t\t<div class=\"sh-ratio-content\" style=\"background-image: url( https:\/\/najednejlinie.pl\/wp-content\/uploads\/2022\/09\/szchara-szczyt-poludniowy-filar-585x585.jpg);\"><\/div>\r\n\t\t\t\t\t\t\t<\/div>\r\n\t\t\t\t\t\t<\/div>\r\n\r\n\t\t\t\t\t\t            <a href=\"https:\/\/najednejlinie.pl\/en\/kaukaz\/szchara\/\" class=\"post-overlay\"><\/a>\r\n        \t\t\t\t\t\t\t\t\t\t\t\t\t\t\t\t\t<\/div>\r\n\r\n\t\t\t\t<\/div>\r\n\t\t\t\t<div class=\"col-md-6 col-sm-6 post-container-right\">\r\n\r\n\t\t\t\t\t<div class=\"post-content-container\">\r\n\t\t\t\t\t\t<div class=\"post-categories-container\">\r\n                <div class=\"post-categories\"><a href=\"https:\/\/najednejlinie.pl\/en\/kaukaz\/\">Kaukaz<\/a><\/div>\r\n            <\/div>\r\n\t\t\t\t\t\t<a href=\"https:\/\/najednejlinie.pl\/en\/kaukaz\/szchara\/\" class=\"post-title\">\r\n\t\t\t\t\t\t\t<h2>\r\n\t\t\t\t\t\t\t\t\t\t\t\t\t\t\t\tWspinaczka na najwy\u017cszy szczyt Gruzji, czyli Avantura na szczycie\t\t\t\t\t\t\t<\/h2>\r\n\t\t\t\t\t\t<\/a>\r\n\r\n\t\t\t\t\t\t\r\n    \r\n            <div class=\"post-content\">\r\n            By\u0142am przera\u017cona i zarazem szcz\u0119\u015bliwa. Kurczowo trzyma\u0142am si\u0119 liny (jakby to mia\u0142o pom\u00f3c w razie wu\u2026)        <\/div>\r\n    \r\n            <div class=\"post-meta\">\r\n            \r\n    <div class=\"post-meta-content\">\r\n        \r\n                \r\n                \r\n                \r\n                \r\n                \r\n                            <span class=\"placeholder-post-read-later\"><\/span>\r\n            <\/div>\r\n\r\n        <\/div>\r\n    \r\n\t\t\t\t\t<\/div>\r\n\r\n\t\t\t\t<\/div>\r\n\t\t\t<\/div>\r\n\t\t<\/div>\r\n\t<\/article>\r\n\r\n\r\n\r\n\t<article id=\"post-3219\" class=\"post-item post-3219 post type-post status-publish format-video has-post-thumbnail hentry category-kaukaz post_format-post-format-video\">\r\n\t\t<div class=\"post-container\">\r\n\t\t\t<div class=\"row\">\r\n\t\t\t\t<div class=\"col-md-6 col-sm-6 post-container-left\">\r\n\r\n\t\t\t\t\t\t\t\t\t\t\t<div class=\"post-media-play\">\r\n\t\t\t\t\t\t\t<div class=\"post-media-play-overlay\" style=\"background-image: url( https:\/\/najednejlinie.pl\/wp-content\/uploads\/2020\/04\/kazbek-elbrus-wyprawa-1024x576.jpg );\">\r\n\t\t\t\t\t\t\t\t<div class=\"post-media-play-content\">\r\n\r\n\t\t\t\t\t\t\t\t\t<div class=\"post-button\">\r\n\t\t\t\t\t\t\t\t\t\t<div class=\"post-button-icon\"><i class=\"icon icon-control-play\"><\/i><\/div>\r\n\t\t\t\t\t\t\t\t\t\t<div class=\"post-button-text\">PLAY<\/div>\r\n\t\t\t\t\t\t\t\t\t<\/div>\r\n\r\n\t\t\t\t\t\t\t\t<\/div>\r\n\t\t\t\t\t\t\t<\/div>\r\n\t\t\t\t\t\t\t<div class=\"post-meta-video\">\r\n\t\t\t\t\t\t\t\t<div class=\"ratio-container\">\r\n\t\t\t\t\t\t\t\t\t<div class=\"ratio-content\">\r\n\t\t\t\t\t\t\t\t\t\t<iframe title=\"Kazbek i Elbrus - Poczt\u00f3wka z wygas\u0142ych wulkan\u00f3w\" width=\"500\" height=\"281\" src=\"https:\/\/www.youtube.com\/embed\/z9Xj5gUN0Y0?feature=oembed\" frameborder=\"0\" allow=\"accelerometer; autoplay; clipboard-write; encrypted-media; gyroscope; picture-in-picture; web-share\" referrerpolicy=\"strict-origin-when-cross-origin\" allowfullscreen><\/iframe>\t\t\t\t\t\t\t\t\t<\/div>\r\n\t\t\t\t\t\t\t\t<\/div>\r\n\t\t\t\t\t\t\t<\/div>\r\n\t\t\t\t\t\t\t\t\t\t\t\t\t<\/div>\r\n\t\t\t\t\t\r\n\t\t\t\t<\/div>\r\n\t\t\t\t<div class=\"col-md-6 col-sm-6 post-container-right\">\r\n\r\n\t\t\t\t\t<div class=\"post-content-container\">\r\n\t\t\t\t\t\t<div class=\"post-categories-container\">\r\n                <div class=\"post-categories\"><a href=\"https:\/\/najednejlinie.pl\/en\/kaukaz\/\">Kaukaz<\/a><\/div>\r\n            <\/div>\r\n\t\t\t\t\t\t<a href=\"https:\/\/najednejlinie.pl\/en\/kaukaz\/wygasle-wulkany\/\" class=\"post-title\">\r\n\t\t\t\t\t\t\t<h2>\r\n\t\t\t\t\t\t\t\t\t\t\t\t\t\t\t\tPoczt\u00f3wka z wygas\u0142ych wulkan\u00f3w (film)\t\t\t\t\t\t\t<\/h2>\r\n\t\t\t\t\t\t<\/a>\r\n\r\n\t\t\t\t\t\t\r\n    \r\n            <div class=\"post-content\">\r\n            Obieca\u0142em Marcinowi, \u017ce nie opublikuj\u0119 ostatniej sceny. Przepraszam, ale to czyste z\u0142oto \ud83d\ude42        <\/div>\r\n    \r\n            <div class=\"post-meta\">\r\n            \r\n    <div class=\"post-meta-content\">\r\n        \r\n                \r\n                \r\n                \r\n                \r\n                \r\n                            <span class=\"placeholder-post-read-later\"><\/span>\r\n            <\/div>\r\n\r\n        <\/div>\r\n    \r\n\t\t\t\t\t<\/div>\r\n\r\n\t\t\t\t<\/div>\r\n\t\t\t<\/div>\r\n\t\t<\/div>\r\n\t<\/article>\r\n\r\n\r\n\t<article id=\"post-1753\" class=\"post-item post-1753 post type-post status-publish format-standard has-post-thumbnail hentry category-kaukaz\">\r\n\t\t<div class=\"post-container\">\r\n\t\t\t<div class=\"row\">\r\n\t\t\t\t<div class=\"col-md-6 col-sm-6 post-container-left\">\r\n\r\n\t\t\t\t\t<div class=\"post-thumbnail\">\r\n\t\t\t\t\t\t<div class=\"sh-ratio\">\r\n\t\t\t\t\t\t\t<div class=\"sh-ratio-container\">\r\n\t\t\t\t\t\t\t\t<div class=\"sh-ratio-content\" style=\"background-image: url( https:\/\/najednejlinie.pl\/wp-content\/uploads\/2019\/04\/najednejlinie-kazbek-szczyt-585x585.jpg);\"><\/div>\r\n\t\t\t\t\t\t\t<\/div>\r\n\t\t\t\t\t\t<\/div>\r\n\r\n\t\t\t\t\t\t            <a href=\"https:\/\/najednejlinie.pl\/en\/kaukaz\/kazbek-magiczne-widoki-z-drzemiacego-wulkanu\/\" class=\"post-overlay\"><\/a>\r\n        \t\t\t\t\t\t\t\t\t\t\t\t\t\t\t\t\t<\/div>\r\n\r\n\t\t\t\t<\/div>\r\n\t\t\t\t<div class=\"col-md-6 col-sm-6 post-container-right\">\r\n\r\n\t\t\t\t\t<div class=\"post-content-container\">\r\n\t\t\t\t\t\t<div class=\"post-categories-container\">\r\n                <div class=\"post-categories\"><a href=\"https:\/\/najednejlinie.pl\/en\/kaukaz\/\">Kaukaz<\/a><\/div>\r\n            <\/div>\r\n\t\t\t\t\t\t<a href=\"https:\/\/najednejlinie.pl\/en\/kaukaz\/kazbek-magiczne-widoki-z-drzemiacego-wulkanu\/\" class=\"post-title\">\r\n\t\t\t\t\t\t\t<h2>\r\n\t\t\t\t\t\t\t\t\t\t\t\t\t\t\t\tWyprawa na Kazbek &#8211; magiczne widoki z drzemi\u0105cego wulkanu\t\t\t\t\t\t\t<\/h2>\r\n\t\t\t\t\t\t<\/a>\r\n\r\n\t\t\t\t\t\t\r\n    \r\n            <div class=\"post-content\">\r\n            Wyprawa na Kazbek (5033 m n p.m.) to nie lada graszka (zw\u0142aszcza za pierwszym razem), je\u015bli wchodzi si\u0119 przy fatalnej pogodzie. Oto szczeg\u00f3\u0142owa relacja z tej eskapady.        <\/div>\r\n    \r\n            <div class=\"post-meta\">\r\n            \r\n    <div class=\"post-meta-content\">\r\n        \r\n                \r\n                \r\n                \r\n                \r\n                \r\n                            <span class=\"placeholder-post-read-later\"><\/span>\r\n            <\/div>\r\n\r\n        <\/div>\r\n    \r\n\t\t\t\t\t<\/div>\r\n\r\n\t\t\t\t<\/div>\r\n\t\t\t<\/div>\r\n\t\t<\/div>\r\n\t<\/article>\r\n\r\n\r\n\r\n\t<article id=\"post-1549\" class=\"post-item post-1549 post type-post status-publish format-standard has-post-thumbnail hentry category-kaukaz\">\r\n\t\t<div class=\"post-container\">\r\n\t\t\t<div class=\"row\">\r\n\t\t\t\t<div class=\"col-md-6 col-sm-6 post-container-left\">\r\n\r\n\t\t\t\t\t<div class=\"post-thumbnail\">\r\n\t\t\t\t\t\t<div class=\"sh-ratio\">\r\n\t\t\t\t\t\t\t<div class=\"sh-ratio-container\">\r\n\t\t\t\t\t\t\t\t<div class=\"sh-ratio-content\" style=\"background-image: url( https:\/\/najednejlinie.pl\/wp-content\/uploads\/2019\/01\/najednejlinie-elbrus-stacja-mir-585x585.jpeg);\"><\/div>\r\n\t\t\t\t\t\t\t<\/div>\r\n\t\t\t\t\t\t<\/div>\r\n\r\n\t\t\t\t\t\t            <a href=\"https:\/\/najednejlinie.pl\/en\/kaukaz\/elbrus-4-powody-by-nie-wchodzic-i-tylko-1-by-jednak-wejsc\/\" class=\"post-overlay\"><\/a>\r\n        \t\t\t\t\t\t\t\t\t\t\t\t\t\t\t\t\t<\/div>\r\n\r\n\t\t\t\t<\/div>\r\n\t\t\t\t<div class=\"col-md-6 col-sm-6 post-container-right\">\r\n\r\n\t\t\t\t\t<div class=\"post-content-container\">\r\n\t\t\t\t\t\t<div class=\"post-categories-container\">\r\n                <div class=\"post-categories\"><a href=\"https:\/\/najednejlinie.pl\/en\/kaukaz\/\">Kaukaz<\/a><\/div>\r\n            <\/div>\r\n\t\t\t\t\t\t<a href=\"https:\/\/najednejlinie.pl\/en\/kaukaz\/elbrus-4-powody-by-nie-wchodzic-i-tylko-1-by-jednak-wejsc\/\" class=\"post-title\">\r\n\t\t\t\t\t\t\t<h2>\r\n\t\t\t\t\t\t\t\t\t\t\t\t\t\t\t\tWyprawa na Elbrus: 4 powody, by nie wchodzi\u0107. I tylko 1 by jednak wej\u015b\u0107\t\t\t\t\t\t\t<\/h2>\r\n\t\t\t\t\t\t<\/a>\r\n\r\n\t\t\t\t\t\t\r\n    \r\n            <div class=\"post-content\">\r\n            Z wyprawy na Elbrus na zawsze zapami\u0119tam wsch\u00f3d s\u0142o\u0144ca (tak przyznaj\u0119 bez bicia \u2013 ociepli\u0142 moje zmarzni\u0119te cztery litery), wyzieraj\u0105cy z chmur p\u0142yn\u0105cych poni\u017cej wierzcho\u0142ka niczym lawa rozlewaj\u0105ca si\u0119 po sp\u0119cznia\u0142ej pianie        <\/div>\r\n    \r\n            <div class=\"post-meta\">\r\n            \r\n    <div class=\"post-meta-content\">\r\n        \r\n                \r\n                \r\n                \r\n                \r\n                \r\n                            <span class=\"placeholder-post-read-later\"><\/span>\r\n            <\/div>\r\n\r\n        <\/div>\r\n    \r\n\t\t\t\t\t<\/div>\r\n\r\n\t\t\t\t<\/div>\r\n\t\t\t<\/div>\r\n\t\t<\/div>\r\n\t<\/article>\r\n\r\n\r\n                <\/div>\r\n\r\n                                    <div class=\"sh-load-more\"\r\n    \t\t\t\tdata-categories=\"327\"\r\n    \t\t\t\tdata-post-style=\"left-mini\"\r\n    \t\t\t\tdata-posts-per-page=\"10\"\r\n    \t\t\t\tdata-paged=\"2\"\r\n                    data-offset=\"0\"\r\n                    data-id=\"blog-posts-cJEpUzZfgW\">\r\n    \t\t\t\t\tLoad more    \t\t\t\t<\/div>\r\n                \r\n            <\/div>\r\n\r\n        <\/div><\/div><\/div><\/div><div class=\"vc_row wpb_row vc_row-fluid\"><div class=\"wpb_column vc_column_container vc_col-sm-12\"><div class=\"vc_column-inner\"><div class=\"wpb_wrapper\">\n\t<div class=\"wpb_text_column wpb_content_element\" >\n\t\t<div class=\"wpb_wrapper\">\n\t\t\t<p style=\"text-align: left;\"><span style=\"font-family: 'Times New Roman', serif;\">Kaukaz jest zar\u00f3wno \u0142a\u0144cuchem g\u00f3rskim, jak i krain\u0105 geograficzn\u0105. \u0141\u0105czy Europ\u0119 i Azj\u0119. Rozci\u0105ga si\u0119 mi\u0119dzy Morzem Czarnym i Kaspijskim. Co ciekawe, zamieszkuje go a\u017c 70 r\u00f3\u017cnych grup etnicznych. Znajduje si\u0119 na terytoriach Gruzji, Armenii, Azerbejd\u017canu i Rosji.<\/span><\/p>\n<p style=\"text-align: left;\">&#8220;Kaukaz by\u0142 zawsze przedmiotem uwagi i silnego zaj\u0119cia si\u0119 najpot\u0119\u017cniejszych pa\u0144stw, jakie tylko istnia\u0142y na \u015bwiecie. Ka\u017cda pot\u0119ga i cywilizacja bieg\u0142a w te strony, jakoby dla uwie\u0144czenia swej si\u0142y; potem za\u015b s\u0142ab\u0142a i opuszcza\u0142a te kraje, oddaj\u0105c je losowi, albo w r\u0119ce silniejszej nowej pot\u0119gi\u201d. Tak o Kaukazie pisa\u0142 XIX-wieczny powstaniec Mateusz Gralewski w swym pami\u0119tniku. \u00d3w poetycki opis wart jest zacytowania, gdy przychodzi mi przedstawi\u0107 Wam \u00f3w pi\u0119kny region, na kt\u00f3rym to historia odcisn\u0119\u0142a swe pi\u0119tno.<\/p>\n<p style=\"text-align: left;\"><span style=\"font-family: 'Times New Roman', serif;\">Wyj\u0105tkowe s\u0105 tak\u017ce kaukaskie g\u00f3ry. Ich urok powala na kolana. I nie ma w tym cienia przesady. Po g\u00f3rach Kaukazu mo\u017cna w\u0119drowa\u0107. Jednak to nie wszystko, co oferuj\u0105. To idealne miejsce na trekking, narciarstwo, czy skitur. Trudno si\u0119 dziwi\u0107, \u017ce s\u0105 ulubionym miejscem wielu turyst\u00f3w kochaj\u0105cych przygod\u0119. W tym tak\u017ce moim.<\/span><\/p>\n<p style=\"text-align: left;\"><span style=\"font-family: 'Times New Roman', serif;\">Malownicze krajobrazy g\u00f3rskiego Kaukazu robi\u0105 wra\u017cenie na ka\u017cdym, kto stan\u0105\u0142 na tamtejszych szlakach. Nie spos\u00f3b si\u0119 nimi znudzi\u0107. Surowy klimat i przyja\u017ani ludzie tworz\u0105 niezapomnian\u0105 mieszank\u0119 dozna\u0144. Cho\u0107 uwielbiam Tatry, g\u00f3ry Kaukazu s\u0105 dla mnie r\u00f3wnie wyj\u0105tkowe.<\/span><\/p>\n<p style=\"text-align: left;\"><span style=\"font-family: 'Times New Roman', serif;\">G\u00f3ry Kaukazu to przede wszystkim pustkowie i bezdro\u017ca. Nie bez znaczenia dla og\u00f3lnej atmosfery wypraw s\u0105 zamieszkuj\u0105cy Kaukaz ludzie. Zawsze pogodni, u\u015bmiechni\u0119ci i przyjacielsko nastawieni do Polak\u00f3w. Mo\u017cecie by\u0107 pewni, \u017ce zakochacie si\u0119 w lokalnym jedzeniu i aromatycznym gruzi\u0144skim winie. <\/span><\/p>\n<p style=\"text-align: left;\">Starodawne wzmianki \u2013 pochodz\u0105ce z biblii (legendarna g\u00f3ra Ararat) lub z mitologii (ska\u0142a, do kt\u00f3rej pono\u0107 Zeus przyku\u0142 Prometeusza) nadaj\u0105 temu miejscu \u2013 s\u0142abo zagospodarowanemu turystycznie \u2013 naprawd\u0119 dzikiego charakteru.<\/p>\n<p style=\"text-align: left;\"><span style=\"font-family: 'Times New Roman', serif;\">Moja przygoda na kaukaskich szlakach zacz\u0119\u0142a si\u0119 od podziwiania widok\u00f3w z u\u015bpionych wulkan\u00f3w. To Kazbek (5033 m n.p.m.) i Elbrus (5642 m n.p.m). Le\u017c\u0105 nieco na uboczu g\u0142\u00f3wnego pasma g\u00f3r. Nie \u017ca\u0142uj\u0119 jednak, \u017ce tu w\u0142a\u015bnie postawi\u0142em pierwsze kroki na kaukaskim szlaku. <\/span><\/p>\n<p style=\"text-align: left;\"><span style=\"font-family: 'Times New Roman', serif;\">Czasami trzeba doceni\u0107 odpowiedniego cz\u0142owieka niewielkim podarunkiem (czytaj: \u0142ap\u00f3wk\u0105). Cz\u0119sto trzeba wznie\u015b\u0107 toast z przyjacielsko nastawionymi gospodarzami. Tu trzeba mie\u0107 nie tylko \u015bwietn\u0105 kondycj\u0119, ale i mocn\u0105 g\u0142ow\u0119. Twardy lud zamieszkuj\u0105cy g\u00f3ry Kaukazu nasz\u0105 w\u00f3dk\u0119 pije jako przystawk\u0119. Tak tylko ostrzegam, bo niejedna t\u0119ga g\u0142owa poleg\u0142a tu podczas o\u017cywionych dyskusji po posi\u0142ku.<\/span><\/p>\n<p style=\"text-align: left;\" align=\"justify\"><span style=\"font-family: 'Times New Roman', serif;\">Trudno uj\u0105\u0107 to wszystko zwyk\u0142ymi s\u0142owami. Mam jednak nadziej\u0119, \u017ce przynajmniej cz\u0119\u015b\u0107 z Was zainspiruj\u0119 do odwiedzin tego zak\u0105tka \u015bwiata. Naprawd\u0119 warto. Zacznijcie od lektury. To jedynie przedsmak tego, co czeka Was na miejscu. Ja z pewno\u015bci\u0105 tam wr\u00f3c\u0119. Chc\u0119 zn\u00f3w odetchn\u0105\u0107 tamtym powietrzem. Zazna\u0107 fantastycznej otwarto\u015bci mieszka\u0144c\u00f3w Kaukazu i podziwia\u0107 tamtejsz\u0105 przyrod\u0119.<\/span><\/p>\n\n\t\t<\/div>\n\t<\/div>\n<\/div><\/div><\/div><\/div>\n<div style='text-align:left' class='yasr-auto-insert-visitor'><\/div><\/div>","protected":false},"excerpt":{"rendered":"Le\u017cy sobie \u00f3w szczyt w Kaukazie i si\u0119ga a\u017c 5642 m n.p.m. Geograficznie jest to region Kabardo-Ba\u0142karii, administracyjnie natomiast Rosja, niedaleko granicy z Gruzj\u0105. Niby to \"bliski\" wsch\u00f3d i wed\u0142ug niekt\u00f3rych kraw\u0119d\u017a kontynentu Starego Kontynentu, ale przecie\u017c m\u00f3wi si\u0119, \u017ce najwy\u017cszym w Europie jest Mont...","protected":false},"author":1,"featured_media":1754,"parent":0,"menu_order":0,"comment_status":"closed","ping_status":"closed","template":"","meta":{"yasr_overall_rating":0,"yasr_post_is_review":"","yasr_auto_insert_disabled":"","yasr_review_type":"","footnotes":""},"class_list":["post-2371","page","type-page","status-publish","has-post-thumbnail","hentry"],"aioseo_notices":[],"yasr_visitor_votes":{"stars_attributes":{"read_only":false,"span_bottom":false},"number_of_votes":51,"sum_votes":240},"_links":{"self":[{"href":"https:\/\/najednejlinie.pl\/en\/wp-json\/wp\/v2\/pages\/2371","targetHints":{"allow":["GET"]}}],"collection":[{"href":"https:\/\/najednejlinie.pl\/en\/wp-json\/wp\/v2\/pages"}],"about":[{"href":"https:\/\/najednejlinie.pl\/en\/wp-json\/wp\/v2\/types\/page"}],"author":[{"embeddable":true,"href":"https:\/\/najednejlinie.pl\/en\/wp-json\/wp\/v2\/users\/1"}],"replies":[{"embeddable":true,"href":"https:\/\/najednejlinie.pl\/en\/wp-json\/wp\/v2\/comments?post=2371"}],"version-history":[{"count":12,"href":"https:\/\/najednejlinie.pl\/en\/wp-json\/wp\/v2\/pages\/2371\/revisions"}],"predecessor-version":[{"id":6409,"href":"https:\/\/najednejlinie.pl\/en\/wp-json\/wp\/v2\/pages\/2371\/revisions\/6409"}],"wp:featuredmedia":[{"embeddable":true,"href":"https:\/\/najednejlinie.pl\/en\/wp-json\/wp\/v2\/media\/1754"}],"wp:attachment":[{"href":"https:\/\/najednejlinie.pl\/en\/wp-json\/wp\/v2\/media?parent=2371"}],"curies":[{"name":"wp","href":"https:\/\/api.w.org\/{rel}","templated":true}]}}