{"id":2,"date":"2018-10-03T22:00:19","date_gmt":"2018-10-03T22:00:19","guid":{"rendered":"https:\/\/najednejlinie.pl\/?page_id=2"},"modified":"2022-05-05T15:52:11","modified_gmt":"2022-05-05T15:52:11","slug":"ile-waza-gory","status":"publish","type":"page","link":"https:\/\/najednejlinie.pl\/en\/ile-waza-gory\/","title":{"rendered":"O planach i marzeniach, czyli ile wa\u017c\u0105 dla mnie g\u00f3ry?"},"content":{"rendered":"<h1><\/h1>\n<figure id=\"attachment_1387\" aria-describedby=\"caption-attachment-1387\" style=\"width: 800px\" class=\"wp-caption aligncenter\"><img decoding=\"async\" class=\"size-full wp-image-1387\" src=\"https:\/\/najednejlinie.pl\/wp-content\/uploads\/2018\/11\/najednejlinie-island-peak-na-tle-lhotse.jpg\" alt=\"\" width=\"800\" height=\"600\" srcset=\"https:\/\/najednejlinie.pl\/wp-content\/uploads\/2018\/11\/najednejlinie-island-peak-na-tle-lhotse.jpg 800w, https:\/\/najednejlinie.pl\/wp-content\/uploads\/2018\/11\/najednejlinie-island-peak-na-tle-lhotse-600x450.jpg 600w, https:\/\/najednejlinie.pl\/wp-content\/uploads\/2018\/11\/najednejlinie-island-peak-na-tle-lhotse-300x225.jpg 300w, https:\/\/najednejlinie.pl\/wp-content\/uploads\/2018\/11\/najednejlinie-island-peak-na-tle-lhotse-768x576.jpg 768w, https:\/\/najednejlinie.pl\/wp-content\/uploads\/2018\/11\/najednejlinie-island-peak-na-tle-lhotse-585x439.jpg 585w\" sizes=\"(max-width: 800px) 100vw, 800px\" \/><figcaption id=\"caption-attachment-1387\" class=\"wp-caption-text\">Szczyt Island Peak 6189 m n.p.m. na tle Lhotse<\/figcaption><\/figure>\n<p>Jaki\u015b zakr\u0119cony na punkcie szacowania masy du\u017cych cia\u0142 fizyk pewnie potrafi\u0142by udzieli\u0107 odpowiedzi dla powy\u017csze pytanie. Ale dla nie-fizyka (czyli np. dla mnie i pewnie dla Was) g\u00f3ra to obiekt, kt\u00f3ry nie tyle co&#8230;wa\u017cy, ale&#8230;.co mierzy (wysoko\u015bci\u0105 szczytu, odleg\u0142o\u015bci\u0105 od punktu wymarszu, czasem podej\u015bcia itd.) G\u00f3ry pozwalaj\u0105 si\u0119 sprawdzi\u0107, mierz\u0105c nas z niedogodno\u015bciami \u017cycia. Od kt\u00f3rych ludzko\u015b\u0107 ucieka od wiek\u00f3w, buduj\u0105c tzw. cywilizacj\u0119, ca\u0142\u0105 t\u0119 infrastruktur\u0119 techniczno-biurokratyczn\u0105 i rozmaite instytucje \u017cycia spo\u0142ecznego. I niepostrze\u017cenie tracimy wolno\u015b\u0107, a swoje \u017cycie zamieniamy w kierat. Wyj\u015bcie w g\u00f3ry cho\u0107 na kr\u00f3tko pozwala si\u0119 z niego wyrwa\u0107 i zrozumie\u0107, \u017ce s\u0105 rzeczy istotniejsze ni\u017c tylko day-to-day flow jak mawiaj\u0105 Anglosasi.<\/p>\n<h2>Gdzie by\u0142em i co nabroi\u0142em:<\/h2>\n<p>Przygody trekkingowe:<\/p>\n<ul>\n<li>Matterhorn<\/li>\n<li><a href=\"https:\/\/najednejlinie.pl\/en\/alpy\/mont-blanc-po-wyprawie-skonczonej-zdania-niedokonczone\/\" target=\"_blank\" rel=\"noopener noreferrer\">Mont Blanc 4810 m.n.p.m.<\/a><\/li>\n<li><a href=\"https:\/\/najednejlinie.pl\/en\/alpy\/triglav-trojglowy-krol-slowenii\/\" target=\"_blank\" rel=\"noopener noreferrer\">Triglav 2864 m n.p.m.<\/a><\/li>\n<li><a href=\"https:\/\/najednejlinie.pl\/en\/alpy\/mala-mojstrovka-i-powstanie-owiec\/\" target=\"_blank\" rel=\"noopener noreferrer\">Mala Mojstrovka 2322 m n.p.m.<\/a><\/li>\n<li><a href=\"https:\/\/najednejlinie.pl\/en\/himalaje\/wyprawa-na-mera-peak\/\" target=\"_blank\" rel=\"noopener noreferrer\">Mera Peak 6476 m n.p.m.<\/a><\/li>\n<li><a href=\"https:\/\/najednejlinie.pl\/en\/himalaje\/przelecz-amphu-lapcha-piekne-formacje-lodowe\/\" target=\"_blank\" rel=\"noopener noreferrer\">Prze\u0142\u0119cz Amphu Lapcha w Himalajach<\/a><\/li>\n<li><a href=\"https:\/\/najednejlinie.pl\/en\/himalaje\/island-peak-przejscie-nad-szczelina-lodowa-po-drabinie\/\" target=\"_blank\" rel=\"noopener noreferrer\">Island Peak 6189 m n.p.m.<\/a><\/li>\n<li><a href=\"https:\/\/najednejlinie.pl\/en\/himalaje\/w-poszukiwaniu-oswiecenia\/\" target=\"_blank\" rel=\"noopener noreferrer\">7 dni w klasztorze Tybeta\u0144skim w Himalajach<\/a><\/li>\n<li><a href=\"https:\/\/najednejlinie.pl\/en\/himalaje\/everest-base-camp\/\" target=\"_blank\" rel=\"noopener noreferrer\">Everest Base Camp<\/a><\/li>\n<li><a href=\"https:\/\/najednejlinie.pl\/en\/himalaje\/przelecz-thorong-la-dookola-annapurny\/\" target=\"_blank\" rel=\"noopener noreferrer\">Dooko\u0142a Annapurny i prze\u0142\u0119cz Thorung La<\/a><\/li>\n<li><a href=\"https:\/\/najednejlinie.pl\/en\/kaukaz\/kazbek-magiczne-widoki-z-drzemiacego-wulkanu\/\" target=\"_blank\" rel=\"noopener noreferrer\">Kazbek 5033 m n.p.m.<\/a><\/li>\n<li><a href=\"https:\/\/najednejlinie.pl\/en\/kaukaz\/elbrus-4-powody-by-nie-wchodzic-i-tylko-1-by-jednak-wejsc\/\" target=\"_blank\" rel=\"noopener noreferrer\">Elbrus 5642 m n.p.m.<\/a><\/li>\n<li><a href=\"https:\/\/najednejlinie.pl\/en\/alpy\/grossglockner-wielki-dzwonnik-z-ktorym-lepiej-nie-zadzierac\/\" target=\"_blank\" rel=\"noopener noreferrer\">Grossglockner 3698 m n.p.m.<\/a><\/li>\n<li><a href=\"https:\/\/najednejlinie.pl\/en\/tatry\/rysy-od-strony-slowackiej\/\" target=\"_blank\" rel=\"noopener noreferrer\">Rysy i 15 kg ekogroszku do Chaty pod Rysami<\/a><\/li>\n<li><a href=\"https:\/\/najednejlinie.pl\/en\/tatry\/konczysta-poza-szlakiem\/\" target=\"_blank\" rel=\"noopener noreferrer\">Ko\u0144czysta<\/a><\/li>\n<\/ul>\n<p>Przygody wspinaczkowe:<\/p>\n<ul>\n<li><a href=\"https:\/\/najednejlinie.pl\/en\/tatry\/gerlach-grania-od-przeleczy-tetmajera\/\" target=\"_blank\" rel=\"noopener noreferrer\">Gerlach przez Walowy \u017bleb i grani\u0105 od Prze\u0142\u0119czy Tetmajera<\/a><\/li>\n<li>\u015arodkowe \u017bebro V- Skrajny Granat<\/li>\n<li>WHP 100 IV, Zadni Ko\u015bcielec<\/li>\n<li>Prawe \u017bebro V Skrajny Granat<\/li>\n<li>Droga Stanis\u0142awskiego V, Ko\u015bcielec<\/li>\n<li>Gra\u0144 \u017babiej Lalki IV z wej\u015bciem na \u017babiego Mnicha<\/li>\n<li><a href=\"https:\/\/najednejlinie.pl\/en\/tatry\/droga-klasyczna-na-mnicha\/\" target=\"_blank\" rel=\"noopener noreferrer\">Droga Klasyczna IV<\/a>, <a href=\"https:\/\/najednejlinie.pl\/en\/tatry\/mnich-droga-orlowskiego\/\" target=\"_blank\" rel=\"noopener noreferrer\">Droga Or\u0142owskiego V<\/a>, Kant Klasyczny VI-, Mnich<\/li>\n<li><a href=\"https:\/\/najednejlinie.pl\/en\/tatry\/zadni-mnich-gran-ciemnosmreczynskiej-turni\/\" target=\"_blank\" rel=\"noopener noreferrer\">Gra\u0144 od Wr\u00f3t Cha\u0142ubi\u0144skiego do Zadniego Mnicha III+<\/a><\/li>\n<li>Filar Staszla V, Zadni Granat<\/li>\n<li>Lewi Wrze\u015bniacy V, Zamar\u0142a Turnia<\/li>\n<li><a href=\"https:\/\/najednejlinie.pl\/en\/tatry\/zabi-kon\/\" target=\"_blank\" rel=\"noopener noreferrer\">\u017babi Ko\u0144 IV<\/a><\/li>\n<li>Filar Mogilnickiego III, Kie\u017cmarski Szczyt<\/li>\n<li>Droga Motyki, Zamar\u0142a Turnia<\/li>\n<li>Lodospad Grosza<\/li>\n<li>Rysa Strzelskiego<\/li>\n<li>Weso\u0142ej Zabawy<\/li>\n<li>\u017beberko pod Ba\u0144dziochem<\/li>\n<li>Bez Znaczenia<\/li>\n<li>Potoczek<\/li>\n<li>Warianty Kursowe<\/li>\n<li>Droga Kocha\u0144czyka<\/li>\n<li><\/li>\n<\/ul>\n<p>Kursy:<\/p>\n<ul>\n<li><a href=\"https:\/\/najednejlinie.pl\/en\/poradnik\/kurs-wspinaczkowy-sokoliki-na-dobry-poczatek\/\" target=\"_blank\" rel=\"noopener noreferrer\">Kurs ska\u0142kowy<\/a><\/li>\n<li>Kurs taternicki letni<\/li>\n<li>Taternicki zimowy<\/li>\n<\/ul>\n<h2>Moje plany i zamiary<\/h2>\n<p>Ka\u017cda d\u0142u\u017csza podr\u00f3\u017c to przedsi\u0119wzi\u0119cie w jakim\u015b tam stopniu anga\u017cuj\u0105ce jeszcze innych ludzi. Tak samo jest z prowadzeniem dziennika w sieci czy przyrz\u0105dzaniem wybornej jajecznicy \ud83d\ude09 Zawsze w pobli\u017cu tw\u00f3rcy jest kto\u015b jeszcze, co najmniej jedna osoba, kt\u00f3ra w pewien spos\u00f3b go w tym dziele wspiera. Nie jestem w stanie pokaza\u0107 Wam podr\u00f3\u017cowania od kuchni &#8211; musz\u0119 w tym miejscu poprzesta\u0107 na zapewnieniu, \u017ce jajecznica by\u0142a przepyszna!. \ud83d\ude1b<\/p>\n<p>Uchylaj\u0105c natomiast r\u0105bka tajemnicy, zdradz\u0119 Wam, \u017ce nie robi\u0119 tego bloga w 100 proc. w\u0142asnymi si\u0142ami. Samodzielnie si\u0119 utrzymuj\u0119, pracuj\u0119 i przede wszystkim podr\u00f3\u017cuj\u0119. Cz\u0119stokro\u0107 brakuje mi godzin na wysypianie si\u0119, a co dopiero np. na inne mniejsze hobby. Wi\u0119c zdarza mi si\u0119 posi\u0142kowa\u0107 umiej\u0119tno\u015bciami, kt\u00f3rych sam jeszcze nie opanowa\u0142em.<\/p>\n<p>Pomny by nie traci\u0107 bezproduktywnie czasu, z daleka trzymam si\u0119 od \u015bwiata celebryt\u00f3w,<br \/>\npolityki i ca\u0142ego tego medialnego zgie\u0142ku. Zreszt\u0105 wi\u0119kszo\u015b\u0107 aktualnych wydarze\u0144, o kt\u00f3rych si\u0119 m\u00f3wi w serwisach informacyjnych to moim zdaniem brudy, do kt\u00f3rych nawet nie nale\u017cy si\u0119 zbli\u017ca\u0107. Politycy co i rusz zaliczaj\u0105 &#8211; jak to m\u00f3j znajomy kiedy\u015b powiedzia\u0142 &#8211; &#8220;himalaje hipokryzji&#8221;, obiecuj\u0105c z\u0142ote g\u00f3ry lub magiczne przenosiny do krainy mlekiem i miodem p\u0142yn\u0105cej. A wiadomo nie od dzi\u015b, czyj interes przede wszystkim maj\u0105 na wzgl\u0119dzie&#8230;<\/p>\n<h2>Cele&#8230; warto nie tylko mie\u0107, ale i realizowa\u0107<\/h2>\n<p>Pomimo r\u00f3\u017cnorodnych do\u015bwiadcze\u0144 z kamer\u0105 (zobaczycie mnie na moim kanale na youtube tutaj <a href=\"https:\/\/www.youtube.com\/channel\/UCAd-ZXZJDM-bbZ88G6KeecA\">https:\/\/www.youtube.com\/channel\/UCAd-ZXZJDM-bbZ88G6KeecA<\/a> ), nie mam parcia na szk\u0142o. A same Himalaje to wol\u0119 z przyjaci\u00f3\u0142mi przemierza\u0107, id\u0105c z nimi w trybie &#8220;pe\u0142nej szczero\u015bci wycieczki&#8221; (z rozmowami typu: &#8220;ludzie, dajcie z siebie wi\u0119cej, zasuwamy w g\u00f3r\u0119! Wierz\u0119 w Was i w to, \u017ce chcecie przed zmrokiem dotrze\u0107 do schroniska&#8221;). Jasno z tego wynika, \u017ce politykiem nie jestem i na pewno nie zostan\u0119. Ale jako bloger&#8230;mo\u017ce si\u0119 zdarzy\u0107, \u017ce b\u0119d\u0119 Was prosi\u0142 o lajki, suby, klikni\u0119cia w dzwonek (a jak\u017ce dla zasi\u0119gu! \ud83d\ude09 i og\u00f3lnie rzecz bior\u0105c, b\u0119d\u0119 wdzi\u0119czny za wszelkie komentarze.<\/p>\n<p>Chc\u0119 zdoby\u0107 szczyty \u015anie\u017cnej Pantery, <del>Matterhorna w Alpach<\/del> i Ama Dablam w Himalajach. To jedne z najpi\u0119kniejszych g\u00f3r na \u015bwiecie, wymagaj\u0105ce sporych umiej\u0119tno\u015bci technicznych, co bardziej mnie kr\u0119ci, ni\u017c stanie w kolejkach na Everest<\/p>\n<h3>Marzenie i jego znaczenie<\/h3>\n<p>Za to marzenie mam tylko jedno. Siedzi we mnie od kiedy uko\u0144czy\u0142em 18 lat, ale by\u0142em za m\u0142ody, \u017ceby rozumie\u0107 jego znaczenie. Teraz g\u0142os z wn\u0119trza zaczyna by\u0107 bardziej donios\u0142y.<\/p>\n<p>Kiedy\u015b wybuduje dom w g\u00f3rach, do kt\u00f3rego b\u0119d\u0105 mogli wej\u015b\u0107 wszyscy, kt\u00f3rzy borykaj\u0105 si\u0119 z uzale\u017cnieniami alkoholowymi, czy narkotykowymi, czy te\u017c jeszcze innymi. I b\u0119dziemy wsp\u00f3lnie walczy\u0107, i te uzale\u017cnienia pokonywa\u0107 nowym &#8211; mi\u0142o\u015bci\u0105 do g\u00f3r. Nie wierz\u0119 za bardzo w cudown\u0105 moc gum do \u017cucia z nikotyn\u0105, dla tych co pr\u00f3buj\u0105 rzuci\u0107 palenie. Za to wierz\u0119 w g\u00f3ry i to ca\u0142ym swym sercem, \u017ce codzienne spacery i nowe przyja\u017anie mog\u0105 w tej walce pom\u00f3c.<\/p>\n<p>Sk\u0105d ten wewn\u0119trzny g\u0142os? to ju\u017c smutna opowie\u015b\u0107, na ni\u0105 jeszcze przyjdzie czas<\/p>\n<p>Ko\u0144cz\u0105c mam wielk\u0105 nadziej\u0119, \u017ce nic i nikt nie pokrzy\u017cuje mi tych plan\u00f3w. I \u017ce b\u0119d\u0119 kontynuowa\u0142 docieranie w rzadko ucz\u0119szczane miejsca, z kt\u00f3rych przywioz\u0119 mas\u0119 g\u0142\u00f3wnie pozytywnych wspomnie\u0144 i do\u015bwiadcze\u0144. W formie zdj\u0119\u0107, film\u00f3w, grafik i relacji b\u0119d\u0119 si\u0119 nimi z Wami dzieli\u0142. Mno\u017c\u0105c w ten spos\u00f3b sum\u0119 szcz\u0119\u015bcia w \u017cyciu, na kt\u00f3re to \u017cycie mam wielki apetyt.<\/p>\n<p>Ahoj Przygodo!<\/p>\n<div style='text-align:left' class='yasr-auto-insert-visitor'><\/div>","protected":false},"excerpt":{"rendered":"<p>Jaki\u015b zakr\u0119cony na punkcie szacowania masy du\u017cych cia\u0142 fizyk pewnie potrafi\u0142by udzieli\u0107 odpowiedzi dla powy\u017csze pytanie. Ale dla nie-fizyka (czyli np. dla mnie i pewnie dla Was) g\u00f3ra to obiekt, kt\u00f3ry nie tyle co&#8230;wa\u017cy, ale&#8230;.co mierzy (wysoko\u015bci\u0105 szczytu, odleg\u0142o\u015bci\u0105 od punktu wymarszu, czasem podej\u015bcia itd.)&#8230;<\/p>","protected":false},"author":1,"featured_media":1387,"parent":0,"menu_order":0,"comment_status":"closed","ping_status":"closed","template":"","meta":{"yasr_overall_rating":0,"yasr_post_is_review":"","yasr_auto_insert_disabled":"","yasr_review_type":"","footnotes":""},"class_list":["post-2","page","type-page","status-publish","has-post-thumbnail","hentry"],"aioseo_notices":[],"yasr_visitor_votes":{"stars_attributes":{"read_only":false,"span_bottom":false},"number_of_votes":0,"sum_votes":0},"_links":{"self":[{"href":"https:\/\/najednejlinie.pl\/en\/wp-json\/wp\/v2\/pages\/2","targetHints":{"allow":["GET"]}}],"collection":[{"href":"https:\/\/najednejlinie.pl\/en\/wp-json\/wp\/v2\/pages"}],"about":[{"href":"https:\/\/najednejlinie.pl\/en\/wp-json\/wp\/v2\/types\/page"}],"author":[{"embeddable":true,"href":"https:\/\/najednejlinie.pl\/en\/wp-json\/wp\/v2\/users\/1"}],"replies":[{"embeddable":true,"href":"https:\/\/najednejlinie.pl\/en\/wp-json\/wp\/v2\/comments?post=2"}],"version-history":[{"count":16,"href":"https:\/\/najednejlinie.pl\/en\/wp-json\/wp\/v2\/pages\/2\/revisions"}],"predecessor-version":[{"id":6053,"href":"https:\/\/najednejlinie.pl\/en\/wp-json\/wp\/v2\/pages\/2\/revisions\/6053"}],"wp:featuredmedia":[{"embeddable":true,"href":"https:\/\/najednejlinie.pl\/en\/wp-json\/wp\/v2\/media\/1387"}],"wp:attachment":[{"href":"https:\/\/najednejlinie.pl\/en\/wp-json\/wp\/v2\/media?parent=2"}],"curies":[{"name":"wp","href":"https:\/\/api.w.org\/{rel}","templated":true}]}}