{"id":1346,"date":"2018-11-12T16:58:22","date_gmt":"2018-11-12T16:58:22","guid":{"rendered":"https:\/\/najednejlinie.pl\/?page_id=1346"},"modified":"2025-05-22T11:52:29","modified_gmt":"2025-05-22T11:52:29","slug":"przeslanie","status":"publish","type":"page","link":"https:\/\/najednejlinie.pl\/en\/przeslanie\/","title":{"rendered":"O blogu, autorze i jego przes\u0142aniu dla \u015bwiata"},"content":{"rendered":"<figure id=\"attachment_1355\" aria-describedby=\"caption-attachment-1355\" style=\"width: 1200px\" class=\"wp-caption aligncenter\"><img decoding=\"async\" class=\"size-full wp-image-1355\" src=\"https:\/\/najednejlinie.pl\/wp-content\/uploads\/2018\/11\/najednejlinie-w-drodze-na-mont-blanc-na-tle-zwierzat.jpg\" alt=\"\" width=\"1200\" height=\"675\" srcset=\"https:\/\/najednejlinie.pl\/wp-content\/uploads\/2018\/11\/najednejlinie-w-drodze-na-mont-blanc-na-tle-zwierzat.jpg 1200w, https:\/\/najednejlinie.pl\/wp-content\/uploads\/2018\/11\/najednejlinie-w-drodze-na-mont-blanc-na-tle-zwierzat-600x338.jpg 600w, https:\/\/najednejlinie.pl\/wp-content\/uploads\/2018\/11\/najednejlinie-w-drodze-na-mont-blanc-na-tle-zwierzat-300x169.jpg 300w, https:\/\/najednejlinie.pl\/wp-content\/uploads\/2018\/11\/najednejlinie-w-drodze-na-mont-blanc-na-tle-zwierzat-768x432.jpg 768w, https:\/\/najednejlinie.pl\/wp-content\/uploads\/2018\/11\/najednejlinie-w-drodze-na-mont-blanc-na-tle-zwierzat-1024x576.jpg 1024w, https:\/\/najednejlinie.pl\/wp-content\/uploads\/2018\/11\/najednejlinie-w-drodze-na-mont-blanc-na-tle-zwierzat-585x329.jpg 585w\" sizes=\"(max-width: 1200px) 100vw, 1200px\" \/><figcaption id=\"caption-attachment-1355\" class=\"wp-caption-text\">W drodze na Mont Blanc. W tle pi\u0119kne g\u00f3rskie stworzenia &#8211; dzikie kozy<\/figcaption><\/figure>\n<p>To jest blog o g\u00f3rskich przygodach. Zar\u00f3wno tych trekkingowych, jak i takich, kt\u00f3re wymagaj\u0105 wspinania si\u0119 NA JEDNEJ LINIE. Co\u015b dla siebie znajd\u0105 tu mi\u0119dzy innymi:<\/p>\n<p><strong>Wielbiciele pi\u0119knej przyrody<\/strong> &#8211; nierzadko surowej, nietkni\u0119tej r\u0119k\u0105 cz\u0142owieka i niekoniecznie ju\u017c za\u015bmieconej przez tabuny \u201eturyst\u00f3w\u201d \u2013 dla Was mam dobrze skadrowane zdj\u0119cia z moim komentarzem oraz filmy.<\/p>\n<p><strong>Mi\u0142o\u015bnicy turystyki g\u00f3rskiej<\/strong> \u2013 relacje z moich wypraw, obfituj\u0105ce we wskaz\u00f3wki i przestrogi. Ale tak\u017ce zach\u0119ty, aby\u015bcie w ramach swych mo\u017cliwo\u015bci \u2013 g\u0142\u00f3wnie zdrowotnych \u2013 pod\u0105\u017cali moim \u015bladem.<\/p>\n<p><strong>Entuzja\u015bci rozwoju osobistego i pokonywania w\u0142asnych ogranicze\u0144<\/strong> \u2013 Wam mog\u0105 przypa\u015b\u0107 do gustu wywody kr\u00f3tsze i d\u0142u\u017csze, my\u015bli mniej lub bardziej uczesane, spostrze\u017cenia r\u00f3\u017cnej ma\u015bci i refleksje czasem r\u00f3wnie\u017c egzystencjalne. A nawet (co poniekt\u00f3rych mo\u017ce przerazi\u0107) \u2013 w\u0105tki filozoficzne, ale um\u00f3wmy si\u0119 od razu \u2013 raczej l\u017cejszego kalibru. Fenomenologii ani \u017cadnych innych przeintelektualizowanych tre\u015bci tu nie b\u0119dzie. Blog ma by\u0107 dost\u0119pny (bez konieczno\u015bci logowania si\u0119), przyst\u0119pny (w warstwie j\u0119zykowej) i lekkostrawny, cho\u0107 w wielu miejscach \u2013 b\u0119dzie g\u00f3rzysty, a na graniach wr\u0119cz ostry i mog\u0105cy niekt\u00f3re wra\u017cliwe dusze \u2013 skaleczy\u0107. \ud83d\ude09<\/p>\n<h2>Kim jestem i czemu to robi\u0119?<\/h2>\n<p style=\"text-align: left;\" align=\"justify\"><span style=\"color: #000000;\"><span style=\"font-family: Cambria, serif;\">Mam biurow\u0105, korporacyjn\u0105 prac\u0119 jako mened\u017cer \u015bredniego szczebla. W skr\u00f3cie du\u017co rozm\u00f3w z lud\u017ami, <\/span><span style=\"font-family: Cambria, serif;\"><i>kejs\u00f3w<\/i><\/span><span style=\"font-family: Cambria, serif;\"> do ogarni\u0119cia, \u015bl\u0119czenia przed ekranami i dbania o to, by nie by\u0142o <\/span><span style=\"font-family: Cambria, serif;\"><i>fakap\u00f3w<\/i><\/span><span style=\"font-family: Cambria, serif;\">, gdy \u00a0raz na razem zbli\u017caj\u0105 si\u0119 kolejne <\/span><span style=\"font-family: Cambria, serif;\"><i>dedlajny.<\/i><\/span><\/span><\/p>\n<p style=\"text-align: left;\" align=\"justify\"><span style=\"color: #000000;\"><span style=\"font-family: Cambria, serif;\">A czym dla mnie jest \u201edom\u201d? Miejscem s\u0142u\u017c\u0105cym regeneracji si\u0142 i przechowywaniu sprz\u0119t\u00f3w. Jak port, do kt\u00f3rego si\u0119 czasem przybija lub pe\u0142ni\u0105ca podobn\u0105 funkcj\u0119 oaza na pustyni. Znacznie bardziej wol\u0119 z domu wychodzi\u0107 ni\u017c do niego wraca\u0107.\u00a0<\/span><span style=\"font-family: Cambria, serif;\"><b>Obecnie s\u0142u\u017cy mi za &#8220;baz\u0119 wypadow\u0105&#8221;, z kt\u00f3rej wyruszam w \u015bwiat, odrywam si\u0119 od ziemi i wspinam si\u0119 po g\u00f3rach, \u017ceby obcowa\u0107 z przyrod\u0105 i kszta\u0142towa\u0107 sw\u00f3j charakter.<\/b><\/span><\/span><\/p>\n<p style=\"text-align: left;\" align=\"justify\"><span style=\"color: #000000;\"><span style=\"font-family: Cambria, serif;\">Staram si\u0119 co i rusz podejmowa\u0107 kolejne wyzwania wi\u0119ksze ni\u017c typowe: ma\u0142omiasteczkowe lub wielkomiejskie \u017cycie. Zale\u017cy mi, by jak najmniej czasu sp\u0119dza\u0107 w przeszklonych, ogrodzonych i zabetonowanych przestrzeniach mieszkalno-us\u0142ugowych. Zbyt d\u0142ugie przebywanie w &#8220;cztery \u015bcianach&#8221; to dla mnie niemal\u017ce &#8220;wi\u0119zienie&#8221;, a ja nie chc\u0119 tkwi\u0107 w zamkni\u0119ciu, bo inaczej wolno\u015b\u0107 postrzegam. I tak jak po swojemu j\u0105 kocham i rozumiem, tak \u201ewolno\u015bci odda\u0107 nie umiem&#8221;<\/span><\/span><\/p>\n<p style=\"text-align: left;\"><strong>Czytaj wi\u0119cej..<\/strong> <a href=\"https:\/\/najednejlinie.pl\/en\/alpy\/dlaczego-chodze-po-gorach\/\">Dlaczego chodz\u0119 po g\u00f3rach<\/a><\/p>\n<p style=\"text-align: left;\">Zale\u017cy mi na nabieraniu nowej perspektywy na \u017cycie \u2013 takiej w kt\u00f3rej codzienne k\u0142opoty przestaj\u0105 by\u0107 problemami, a staj\u0105 si\u0119 tylko jak samo \u201euk\u0142ucie ig\u0142y w trakcie zastrzyku\u201d. Tym, co wype\u0142nia \u201estrzykawk\u0119\u201d jest satyfakcja z kolejnej cegie\u0142ki czy puzzle&#8217;a do\u0142o\u017conych do naszej osobowo\u015bci, kt\u00f3ra z ka\u017cdym dniem rozrasta w spos\u00f3b nie zawsze kontrolowany lub oczekiwany. Uwa\u017cam, \u017ce skoro odnajdzie si\u0119 patent na &#8220;szprycowanie si\u0119 optymizmem&#8221;, to nale\u017cy go propagowa\u0107. W ko\u0144cu nie bez powodu m\u00f3wi si\u0119, \u017ce <span style=\"font-size: 14px;\">&#8220;Szcz\u0119\u015bcie to jedyna rzecz kt\u00f3ra si\u0119 mno\u017cy je\u015bli si\u0119 jedzieli&#8221;<\/span><\/p>\n<p style=\"text-align: left;\">Wspinam si\u0119 od niedawna, natomiast trekking nie ma ju\u017c chyba przede tajemnic. Nie poczuwam si\u0119 do udzielania rad czy wskaz\u00f3wek dotycz\u0105cych technik alpinistycznych, ani nie zdradz\u0119 Wam tajnik\u00f3w procesu przygotowa\u0144 do zimowego wej\u015bcia na Everest lub jakie\u015b tam K2.<\/p>\n<h3>Co mnie nap\u0119dza i co chc\u0119 Wam przekaza\u0107?<\/h3>\n<p>Ide\u0105, jaka mi przy\u015bwieca, jest zach\u0119cenie Was do wypad\u00f3w w g\u00f3ry. Do spacer\u00f3w wytyczonymi szlakami, do wydeptywania kolejnych \u015bcie\u017cek, tam gdzie mo\u017cliwe i przecierania oczu (oraz okular\u00f3w) ze zdumienia, jak cudnie potrafi by\u0107 w drodze na szczyt. Wierz\u0119 g\u0142\u0119boko, \u017ce dzi\u0119ki takim aktywno\u015bciom cz\u0142owiek staje si\u0119 lepszy, \u017ce g\u00f3ry wydobywaj\u0105 z niego to, co w nim najwspanialsze. A skoro sam tego do\u015bwiadczam, to s\u0105dz\u0119, \u017ce warto zach\u0119ca\u0107 pozosta\u0142ych, aby tak sp\u0119dzali czas wolny. A przynajmniej \u017ceby spr\u00f3bowali, niezale\u017cnie od stanu zdrowia, wieku i problem\u00f3w, z jakimi si\u0119 zmagaj\u0105.<\/p>\n<p>Ale to nie wszystko, co chcia\u0142bym Wam przekaza\u0107. Na podstawie dotychczasowych podr\u00f3\u017cy, u\u015bwiadomi\u0142em sobie, \u017ce wychodzenie w wy\u017csze partie g\u00f3rskie bardzo poprawia nie tylko kondycj\u0119 i t\u0119\u017cyzn\u0119 fizyczn\u0105. Od korzystnego wp\u0142ywu na cia\u0142o, wa\u017cniejszy nawet jest hart ducha. Widoczny w szczeg\u00f3lno\u015bci w takich trzech przejawach:<\/p>\n<p>1. <strong>PRZYJA\u0179\u0143<\/strong> &#8211; braterstwo jednej liny. Trzeba sobie ufa\u0107, aby wr\u00f3ci\u0107 z wyprawy, kt\u00f3ra zawsze si\u0119 wi\u0105\u017ce z ryzykiem. Zazwyczaj si\u0119 wi\u0105\u017ce za pomoc\u0105 w\u0142a\u015bnie JEDNEJ LINY.<\/p>\n<p>2. <strong>SPOK\u00d3J<\/strong> &#8211; si\u0142a ducha objawia si\u0119 w jego spokoju. W braku szale\u0144stwa, zachowaniu harmonii, w r\u00f3wnowadze mi\u0119dzy dzia\u0142aniem a odpoczynkiem, w rozs\u0105dnym planowaniu niedaj\u0105cych si\u0119 do ko\u0144ca przewidzie\u0107 sytuacji, w wywa\u017caniu szalek &#8220;ryzyko&#8221; i &#8220;bezpiecze\u0144stwo&#8221;.<\/p>\n<p>3. <strong>CIERPLIWO\u015a\u0106<\/strong> &#8211; efekt &#8220;WOW!&#8221; wymaga CZASU. Moim zdaniem, w \u017cadnej ludzkiej aktywno\u015bci, w kt\u00f3rej chodzi o usprawnienie si\u0119, nie ma drogi na skr\u00f3ty. A tym, kt\u00f3rzy w tym miejscu rzuciliby argument: &#8220;no, ale przecie\u017c s\u0105 szcz\u0119\u015bliwcy, kt\u00f3rym uda\u0142o si\u0119 wygra\u0107 na loterii&#8221;, odpowiem \u017ce, nawet takiemu farciarzowi przysz\u0142o ile\u015b dni\/tygodni poczeka\u0107 a\u017c mu te miliony wyp\u0142acano. Jego droga do bogactwa mo\u017ce i owszem skr\u00f3ci\u0142a si\u0119, ale jaka w tym jego zas\u0142uga? \u017be kupi\u0142 zwyci\u0119ski los? Kto\u015b wierzy, \u017ce to da\u0142oby mu wewn\u0119trzn\u0105 satysfakcj\u0119?<\/p>\n<div style='text-align:left' class='yasr-auto-insert-visitor'><\/div>","protected":false},"excerpt":{"rendered":"<p>To jest blog o g\u00f3rskich przygodach. Zar\u00f3wno tych trekkingowych, jak i takich, kt\u00f3re wymagaj\u0105 wspinania si\u0119 NA JEDNEJ LINIE. Co\u015b dla siebie znajd\u0105 tu mi\u0119dzy innymi: Wielbiciele pi\u0119knej przyrody &#8211; nierzadko surowej, nietkni\u0119tej r\u0119k\u0105 cz\u0142owieka i niekoniecznie ju\u017c za\u015bmieconej przez tabuny \u201eturyst\u00f3w\u201d \u2013 dla Was&#8230;<\/p>","protected":false},"author":1,"featured_media":1355,"parent":0,"menu_order":0,"comment_status":"closed","ping_status":"closed","template":"","meta":{"yasr_overall_rating":0,"yasr_post_is_review":"","yasr_auto_insert_disabled":"","yasr_review_type":"","footnotes":""},"class_list":["post-1346","page","type-page","status-publish","has-post-thumbnail","hentry"],"aioseo_notices":[],"yasr_visitor_votes":{"stars_attributes":{"read_only":false,"span_bottom":false},"number_of_votes":0,"sum_votes":0},"_links":{"self":[{"href":"https:\/\/najednejlinie.pl\/en\/wp-json\/wp\/v2\/pages\/1346","targetHints":{"allow":["GET"]}}],"collection":[{"href":"https:\/\/najednejlinie.pl\/en\/wp-json\/wp\/v2\/pages"}],"about":[{"href":"https:\/\/najednejlinie.pl\/en\/wp-json\/wp\/v2\/types\/page"}],"author":[{"embeddable":true,"href":"https:\/\/najednejlinie.pl\/en\/wp-json\/wp\/v2\/users\/1"}],"replies":[{"embeddable":true,"href":"https:\/\/najednejlinie.pl\/en\/wp-json\/wp\/v2\/comments?post=1346"}],"version-history":[{"count":13,"href":"https:\/\/najednejlinie.pl\/en\/wp-json\/wp\/v2\/pages\/1346\/revisions"}],"predecessor-version":[{"id":10559,"href":"https:\/\/najednejlinie.pl\/en\/wp-json\/wp\/v2\/pages\/1346\/revisions\/10559"}],"wp:featuredmedia":[{"embeddable":true,"href":"https:\/\/najednejlinie.pl\/en\/wp-json\/wp\/v2\/media\/1355"}],"wp:attachment":[{"href":"https:\/\/najednejlinie.pl\/en\/wp-json\/wp\/v2\/media?parent=1346"}],"curies":[{"name":"wp","href":"https:\/\/api.w.org\/{rel}","templated":true}]}}