{"id":11661,"date":"2026-03-12T17:34:54","date_gmt":"2026-03-12T17:34:54","guid":{"rendered":"https:\/\/najednejlinie.pl\/darowizna-nie-powiodla-sie\/"},"modified":"2026-03-12T17:34:54","modified_gmt":"2026-03-12T17:34:54","slug":"darowizna-nie-powiodla-sie","status":"publish","type":"page","link":"https:\/\/najednejlinie.pl\/en\/darowizna-nie-powiodla-sie\/","title":{"rendered":"Darowizna nie powiod\u0142a si\u0119"},"content":{"rendered":"<p>Przepraszamy, Twoja darowizna nie zosta\u0142a przetworzona. Spr\u00f3buj ponownie lub skontaktuj si\u0119 z pomoc\u0105 techniczn\u0105 witryny.<\/p>\n<div style='text-align:left' class='yasr-auto-insert-visitor'><\/div>","protected":false},"excerpt":{"rendered":"<p>Przepraszamy, Twoja darowizna nie zosta\u0142a przetworzona. Spr\u00f3buj ponownie lub skontaktuj si\u0119 z pomoc\u0105 techniczn\u0105 witryny.<\/p>","protected":false},"author":1,"featured_media":0,"parent":0,"menu_order":0,"comment_status":"closed","ping_status":"closed","template":"","meta":{"yasr_overall_rating":0,"yasr_post_is_review":"","yasr_auto_insert_disabled":"","yasr_review_type":"","footnotes":""},"class_list":["post-11661","page","type-page","status-publish","hentry"],"aioseo_notices":[],"yasr_visitor_votes":{"stars_attributes":{"read_only":false,"span_bottom":false},"number_of_votes":0,"sum_votes":0},"_links":{"self":[{"href":"https:\/\/najednejlinie.pl\/en\/wp-json\/wp\/v2\/pages\/11661","targetHints":{"allow":["GET"]}}],"collection":[{"href":"https:\/\/najednejlinie.pl\/en\/wp-json\/wp\/v2\/pages"}],"about":[{"href":"https:\/\/najednejlinie.pl\/en\/wp-json\/wp\/v2\/types\/page"}],"author":[{"embeddable":true,"href":"https:\/\/najednejlinie.pl\/en\/wp-json\/wp\/v2\/users\/1"}],"replies":[{"embeddable":true,"href":"https:\/\/najednejlinie.pl\/en\/wp-json\/wp\/v2\/comments?post=11661"}],"version-history":[{"count":0,"href":"https:\/\/najednejlinie.pl\/en\/wp-json\/wp\/v2\/pages\/11661\/revisions"}],"wp:attachment":[{"href":"https:\/\/najednejlinie.pl\/en\/wp-json\/wp\/v2\/media?parent=11661"}],"curies":[{"name":"wp","href":"https:\/\/api.w.org\/{rel}","templated":true}]}}