{"id":10266,"date":"2025-02-08T10:36:25","date_gmt":"2025-02-08T10:36:25","guid":{"rendered":"https:\/\/najednejlinie.pl\/?page_id=10266"},"modified":"2025-05-27T21:38:34","modified_gmt":"2025-05-27T21:38:34","slug":"zwroty-i-reklamacje","status":"publish","type":"page","link":"https:\/\/najednejlinie.pl\/en\/zwroty-i-reklamacje\/","title":{"rendered":"Zwroty i reklamacje"},"content":{"rendered":"<div class=\"wpb-content-wrapper\"><div class=\"vc_row wpb_row vc_row-fluid\"><div class=\"wpb_column vc_column_container vc_col-sm-12\"><div class=\"vc_column-inner\"><div class=\"wpb_wrapper\">\n\t<div class=\"wpb_text_column wpb_content_element\" >\n\t\t<div class=\"wpb_wrapper\">\n\t\t\t<p><strong>Zwrot standardowy<\/strong><\/p>\n<p>1. Zwracany towar nie mo\u017ce nosi\u0107 \u015blad\u00f3w u\u017cytkowania, nale\u017cy go odpowiednio zabezpieczy\u0107 i\u00a0zapakowa\u0107 oraz do\u0142\u0105czy\u0107 <a href=\"https:\/\/najednejlinie.pl\/wp-content\/uploads\/2025\/05\/FORMULARZ_ZWROTU.docx\" target=\"_blank\" rel=\"noopener\">formularz zwrotu<\/a>.<br \/>\n2. Towar nale\u017cy odes\u0142a\u0107 na adres sklepu:<\/p>\n<p>Pawe\u0142 Kowalski<br \/>\nul. Kamieniarska 37a\/2<br \/>\n30-346 Krak\u00f3w<\/p>\n<p>3. Koszty wysy\u0142ek ponosi kupuj\u0105cy.<br \/>\n4. Sprzedawca ustosunkuje si\u0119 do zwrotu w\u00a0mo\u017cliwie najkr\u00f3tszym terminie, nie p\u00f3\u017aniej ni\u017c 14 dni kalendarzowych, licz\u0105c od dnia otrzymania zwrotu produktu.<br \/>\n5. Zgodnie z\u00a0art. 34 ust. 4 Ustawy i\u00a0prawach konsumenta, Konsument ponosi odpowiedzialno\u015b\u0107 za zmniejszenie warto\u015bci rzeczy b\u0119d\u0105ce wynikiem korzystania z\u00a0niej w\u00a0spos\u00f3b wykraczaj\u0105cy poza konieczny do stwierdzenia charakteru, cech i\u00a0 funkcjonowania rzeczy.<br \/>\n6. Zwrot nast\u0105pi w\u00a0taki sam spos\u00f3b, w\u00a0jaki zosta\u0142a dokonana wp\u0142ata. W\u00a0przypadku paczek pobraniowych zwrot zostanie zrealizowany na podany w\u00a0formularzu zwrotu numer konta.<br \/>\n7. Podstaw\u0105 do wszcz\u0119cia procedury zwrotu jest prawid\u0142owo wype\u0142niony formularz zwrotu i\u00a0podpis osoby dokonuj\u0105cej zwrotu (imi\u0119 i\u00a0nazwisko).<\/p>\n<p>Uwaga! Prosimy upewni\u0107 si\u0119, \u017ce artyku\u0142y dostarczone do naszego sklepu internetowego s\u0105 w\u0142a\u015bciwe, poniewa\u017c nie ponosimy odpowiedzialno\u015bci za te, kt\u00f3re nie zosta\u0142y zakupione w sklepie najednejlinie.pl<\/p>\n<p>&nbsp;<\/p>\n<p><strong>Reklamacja<\/strong><\/p>\n<ol>\n<li>Towar odsy\u0142any w ramach reklamacji powinien by\u0107 czysty.<\/li>\n<li>Reklamowany towar nale\u017cy odpowiednio zabezpieczy\u0107 i zapakowa\u0107 oraz odes\u0142a\u0107 na adres sklepu:<\/li>\n<\/ol>\n<p>Pawe\u0142 Kowalski<br \/>\nul. Kamieniarska 37a\/2<br \/>\n30-346 Krak\u00f3w<\/p>\n<p>wraz z do\u0142\u0105czonym formularzem zwrotu.<\/p>\n<p><strong>Sprzedawca ustosunkuje si\u0119 do reklamacji w mo\u017cliwie najkr\u00f3tszym terminie, nie p\u00f3\u017aniej ni\u017c 14 dni kalendarzowych od dnia jej z\u0142o\u017cenia.<\/strong><\/p>\n<p>&nbsp;<\/p>\n<p>Uwaga! Podstaw\u0105 do wszcz\u0119cia procedury reklamacji jest prawid\u0142owo wype\u0142niony formularz zwrotu i podpis osoby dokonuj\u0105cej reklamacji.<\/p>\n<p><strong><br \/>\nReklamacji nie podlegaj\u0105<\/strong><\/p>\n<ol type=\"1\">\n<li>Uszkodzenia mechaniczne<\/li>\n<li>Produkty niew\u0142a\u015bciwie konserwowane oraz u\u017cytkowane niezgodnie z\u00a0instrukcjami umieszczonymi na metce produktu,<\/li>\n<li>R\u00f3\u017cnice pomi\u0119dzy rzeczywistym wygl\u0105dem dostarczonego towaru a\u00a0jego zdj\u0119ciem umieszczonym w\u00a0Sklepie internetowym, je\u015bli s\u0105 one wynikiem indywidualnych ustawie\u0144 komputera Klienta \u2013 kolor, wygl\u0105d faktury, proporcje itd.<\/li>\n<\/ol>\n\n\t\t<\/div>\n\t<\/div>\n<\/div><\/div><\/div><\/div>\n<div style='text-align:left' class='yasr-auto-insert-visitor'><\/div><\/div>","protected":false},"excerpt":{"rendered":"Zwrot standardowy 1. Zwracany towar nie mo\u017ce nosi\u0107 \u015blad\u00f3w u\u017cytkowania, nale\u017cy go odpowiednio zabezpieczy\u0107 i\u00a0zapakowa\u0107 oraz do\u0142\u0105czy\u0107 formularz zwrotu. 2. Towar nale\u017cy odes\u0142a\u0107 na adres sklepu: Pawe\u0142 Kowalski ul. Kamieniarska 37a\/2 30-346 Krak\u00f3w 3. Koszty wysy\u0142ek ponosi kupuj\u0105cy. 4. Sprzedawca ustosunkuje si\u0119 do zwrotu w\u00a0mo\u017cliwie...","protected":false},"author":1,"featured_media":0,"parent":0,"menu_order":0,"comment_status":"closed","ping_status":"closed","template":"","meta":{"yasr_overall_rating":0,"yasr_post_is_review":"","yasr_auto_insert_disabled":"","yasr_review_type":"","footnotes":""},"class_list":["post-10266","page","type-page","status-publish","hentry"],"aioseo_notices":[],"yasr_visitor_votes":{"stars_attributes":{"read_only":false,"span_bottom":false},"number_of_votes":0,"sum_votes":0},"_links":{"self":[{"href":"https:\/\/najednejlinie.pl\/en\/wp-json\/wp\/v2\/pages\/10266","targetHints":{"allow":["GET"]}}],"collection":[{"href":"https:\/\/najednejlinie.pl\/en\/wp-json\/wp\/v2\/pages"}],"about":[{"href":"https:\/\/najednejlinie.pl\/en\/wp-json\/wp\/v2\/types\/page"}],"author":[{"embeddable":true,"href":"https:\/\/najednejlinie.pl\/en\/wp-json\/wp\/v2\/users\/1"}],"replies":[{"embeddable":true,"href":"https:\/\/najednejlinie.pl\/en\/wp-json\/wp\/v2\/comments?post=10266"}],"version-history":[{"count":5,"href":"https:\/\/najednejlinie.pl\/en\/wp-json\/wp\/v2\/pages\/10266\/revisions"}],"predecessor-version":[{"id":10577,"href":"https:\/\/najednejlinie.pl\/en\/wp-json\/wp\/v2\/pages\/10266\/revisions\/10577"}],"wp:attachment":[{"href":"https:\/\/najednejlinie.pl\/en\/wp-json\/wp\/v2\/media?parent=10266"}],"curies":[{"name":"wp","href":"https:\/\/api.w.org\/{rel}","templated":true}]}}