{"id":10263,"date":"2025-02-08T10:34:02","date_gmt":"2025-02-08T10:34:02","guid":{"rendered":"https:\/\/najednejlinie.pl\/?page_id=10263"},"modified":"2025-05-27T21:44:23","modified_gmt":"2025-05-27T21:44:23","slug":"dostawa-i-platnosci","status":"publish","type":"page","link":"https:\/\/najednejlinie.pl\/en\/dostawa-i-platnosci\/","title":{"rendered":"Dostawa i p\u0142atno\u015bci"},"content":{"rendered":"<div class=\"wpb-content-wrapper\"><div class=\"vc_row wpb_row vc_row-fluid\"><div class=\"wpb_column vc_column_container vc_col-sm-12\"><div class=\"vc_column-inner\"><div class=\"wpb_wrapper\">\n\t<div class=\"wpb_text_column wpb_content_element\" >\n\t\t<div class=\"wpb_wrapper\">\n\t\t\t<h4><strong>Dostawy<\/strong><\/h4>\n<ol>\n<li>Niezale\u017cnie od warto\u015bci zam\u00f3wienia koszt wysy\u0142ki jest zawsze po stronie Kupuj\u0105cego.<\/li>\n<li>Zam\u00f3wienia wysy\u0142ane s\u0105 poprzez operator\u00f3w takich jak: InPost, DPD czy GLS.<\/li>\n<\/ol>\n<h4><strong><br \/>\nP\u0142atno\u015bci<\/strong><\/h4>\n<ol>\n<li>W przypadku wybrania tradycyjnego przelewu kwot\u0119 za zam\u00f3wienie wraz z adnotacj\u0105 o jego numerze nale\u017cy ui\u015bci\u0107 bezpo\u015brednio na nasz rachunek bankowy:<\/li>\n<\/ol>\n<p>Pawe\u0142 Kowalski<br \/>\nul. Kamierniarska 37a\/2<br \/>\n30-346 Krak\u00f3w<\/p>\n<div>PLN: 83 1090 2590 0000 0001 5476 3846<\/div>\n\n\t\t<\/div>\n\t<\/div>\n<\/div><\/div><\/div><\/div>\n<div style='text-align:left' class='yasr-auto-insert-visitor'><\/div><\/div>","protected":false},"excerpt":{"rendered":"Dostawy Niezale\u017cnie od warto\u015bci zam\u00f3wienia koszt wysy\u0142ki jest zawsze po stronie Kupuj\u0105cego. Zam\u00f3wienia wysy\u0142ane s\u0105 poprzez operator\u00f3w takich jak: InPost, DPD czy GLS. P\u0142atno\u015bci W przypadku wybrania tradycyjnego przelewu kwot\u0119 za zam\u00f3wienie wraz z adnotacj\u0105 o jego numerze nale\u017cy ui\u015bci\u0107 bezpo\u015brednio na nasz rachunek bankowy:...","protected":false},"author":1,"featured_media":0,"parent":0,"menu_order":0,"comment_status":"closed","ping_status":"closed","template":"","meta":{"yasr_overall_rating":0,"yasr_post_is_review":"","yasr_auto_insert_disabled":"","yasr_review_type":"","footnotes":""},"class_list":["post-10263","page","type-page","status-publish","hentry"],"aioseo_notices":[],"yasr_visitor_votes":{"stars_attributes":{"read_only":false,"span_bottom":false},"number_of_votes":0,"sum_votes":0},"_links":{"self":[{"href":"https:\/\/najednejlinie.pl\/en\/wp-json\/wp\/v2\/pages\/10263","targetHints":{"allow":["GET"]}}],"collection":[{"href":"https:\/\/najednejlinie.pl\/en\/wp-json\/wp\/v2\/pages"}],"about":[{"href":"https:\/\/najednejlinie.pl\/en\/wp-json\/wp\/v2\/types\/page"}],"author":[{"embeddable":true,"href":"https:\/\/najednejlinie.pl\/en\/wp-json\/wp\/v2\/users\/1"}],"replies":[{"embeddable":true,"href":"https:\/\/najednejlinie.pl\/en\/wp-json\/wp\/v2\/comments?post=10263"}],"version-history":[{"count":5,"href":"https:\/\/najednejlinie.pl\/en\/wp-json\/wp\/v2\/pages\/10263\/revisions"}],"predecessor-version":[{"id":10578,"href":"https:\/\/najednejlinie.pl\/en\/wp-json\/wp\/v2\/pages\/10263\/revisions\/10578"}],"wp:attachment":[{"href":"https:\/\/najednejlinie.pl\/en\/wp-json\/wp\/v2\/media?parent=10263"}],"curies":[{"name":"wp","href":"https:\/\/api.w.org\/{rel}","templated":true}]}}