{"id":10257,"date":"2025-02-07T19:58:12","date_gmt":"2025-02-07T19:58:12","guid":{"rendered":"https:\/\/najednejlinie.pl\/?page_id=10257"},"modified":"2025-02-07T19:59:40","modified_gmt":"2025-02-07T19:59:40","slug":"polityka-cookies","status":"publish","type":"page","link":"https:\/\/najednejlinie.pl\/en\/polityka-cookies\/","title":{"rendered":"Polityka Cookies"},"content":{"rendered":"<div class=\"wpb-content-wrapper\"><div class=\"vc_row wpb_row vc_row-fluid\"><div class=\"wpb_column vc_column_container vc_col-sm-12\"><div class=\"vc_column-inner\"><div class=\"wpb_wrapper\">\n\t<div class=\"wpb_text_column wpb_content_element\" >\n\t\t<div class=\"wpb_wrapper\">\n\t\t\t<p data-pm-slice=\"1 1 &#091;&#093;\"><strong>Polityka cookies sklepu internetowego najednejlinie.pl<\/strong><\/p>\n<p><strong><br \/>\n1. Czym s\u0105 pliki cookies?<br \/>\n<\/strong><\/p>\n<p>1.1. Pliki cookies to niewielkie pliki tekstowe przechowywane na urz\u0105dzeniu u\u017cytkownika.<\/p>\n<p><strong><br \/>\n2. Jakie pliki cookies wykorzystujemy?<\/p>\n<p><\/strong>2.1. Stosujemy cookies:<\/p>\n<ul data-spread=\"false\">\n<li>niezb\u0119dne do funkcjonowania strony,<\/li>\n<li>analityczne (Google Analytics),<\/li>\n<li>marketingowe.<\/li>\n<\/ul>\n<p><strong><br \/>\n3. Zarz\u0105dzanie cookies<\/strong><\/p>\n<p>3.1. U\u017cytkownik mo\u017ce zmieni\u0107 ustawienia cookies w swojej przegl\u0105darce.<br \/>\n3.2. Szczeg\u00f3\u0142owe informacje mo\u017cna znale\u017a\u0107 w sekcji pomocy przegl\u0105darki.<\/p>\n<p><strong><br \/>\n4. Zmiany w polityce cookies<\/strong><\/p>\n<p>4.1. Polityka cookies mo\u017ce by\u0107 aktualizowana, a zmiany publikowane na stronie internetowej.<\/p>\n\n\t\t<\/div>\n\t<\/div>\n<\/div><\/div><\/div><\/div>\n<div style='text-align:left' class='yasr-auto-insert-visitor'><\/div><\/div>","protected":false},"excerpt":{"rendered":"Polityka cookies sklepu internetowego najednejlinie.pl 1. Czym s\u0105 pliki cookies? 1.1. Pliki cookies to niewielkie pliki tekstowe przechowywane na urz\u0105dzeniu u\u017cytkownika. 2. Jakie pliki cookies wykorzystujemy? 2.1. Stosujemy cookies: niezb\u0119dne do funkcjonowania strony, analityczne (Google Analytics), marketingowe. 3. Zarz\u0105dzanie cookies 3.1. U\u017cytkownik mo\u017ce zmieni\u0107 ustawienia...","protected":false},"author":1,"featured_media":0,"parent":0,"menu_order":0,"comment_status":"closed","ping_status":"closed","template":"","meta":{"yasr_overall_rating":0,"yasr_post_is_review":"","yasr_auto_insert_disabled":"","yasr_review_type":"","footnotes":""},"class_list":["post-10257","page","type-page","status-publish","hentry"],"aioseo_notices":[],"yasr_visitor_votes":{"stars_attributes":{"read_only":false,"span_bottom":false},"number_of_votes":0,"sum_votes":0},"_links":{"self":[{"href":"https:\/\/najednejlinie.pl\/en\/wp-json\/wp\/v2\/pages\/10257","targetHints":{"allow":["GET"]}}],"collection":[{"href":"https:\/\/najednejlinie.pl\/en\/wp-json\/wp\/v2\/pages"}],"about":[{"href":"https:\/\/najednejlinie.pl\/en\/wp-json\/wp\/v2\/types\/page"}],"author":[{"embeddable":true,"href":"https:\/\/najednejlinie.pl\/en\/wp-json\/wp\/v2\/users\/1"}],"replies":[{"embeddable":true,"href":"https:\/\/najednejlinie.pl\/en\/wp-json\/wp\/v2\/comments?post=10257"}],"version-history":[{"count":2,"href":"https:\/\/najednejlinie.pl\/en\/wp-json\/wp\/v2\/pages\/10257\/revisions"}],"predecessor-version":[{"id":10259,"href":"https:\/\/najednejlinie.pl\/en\/wp-json\/wp\/v2\/pages\/10257\/revisions\/10259"}],"wp:attachment":[{"href":"https:\/\/najednejlinie.pl\/en\/wp-json\/wp\/v2\/media?parent=10257"}],"curies":[{"name":"wp","href":"https:\/\/api.w.org\/{rel}","templated":true}]}}