{"id":10254,"date":"2025-02-07T19:53:50","date_gmt":"2025-02-07T19:53:50","guid":{"rendered":"https:\/\/najednejlinie.pl\/?page_id=10254"},"modified":"2025-02-21T20:39:05","modified_gmt":"2025-02-21T20:39:05","slug":"polityka-prywatnosci","status":"publish","type":"page","link":"https:\/\/najednejlinie.pl\/en\/polityka-prywatnosci\/","title":{"rendered":"Polityka Prywatno\u015bci"},"content":{"rendered":"<div class=\"wpb-content-wrapper\"><div class=\"vc_row wpb_row vc_row-fluid\"><div class=\"wpb_column vc_column_container vc_col-sm-12\"><div class=\"vc_column-inner\"><div class=\"wpb_wrapper\">\n\t<div class=\"wpb_text_column wpb_content_element\" >\n\t\t<div class=\"wpb_wrapper\">\n\t\t\t<p data-pm-slice=\"1 1 &#091;&#093;\"><strong>Polityka prywatno\u015bci sklepu internetowego najednejlinie.pl<\/strong><\/p>\n<p>&nbsp;<\/p>\n<p><strong><br \/>\n1. Administrator danych<\/strong><\/p>\n<p>1.1. Administratorem danych osobowych jest Pawe\u0142 Kowalski z siedzib\u0105 pod adresem ul. Kamieniarska 37a, 30-346 Krak\u00f3w, NIP: 5542728031, e-mail: najednejlinie@gmail.com.<\/p>\n<p><strong><br \/>\n2. Zakres przetwarzanych danych<\/strong><\/p>\n<p>2.1. Przetwarzamy nast\u0119puj\u0105ce dane osobowe:<\/p>\n<ul data-spread=\"false\">\n<li>imi\u0119 i nazwisko,<\/li>\n<li>adres e-mail,<\/li>\n<li>numer telefonu,<\/li>\n<li>adres dostawy.<\/li>\n<\/ul>\n<p><strong><br \/>\n3. Cel przetwarzania danych<\/strong><\/p>\n<p>3.1. Dane osobowe przetwarzane s\u0105 w celu realizacji zam\u00f3wie\u0144, kontaktu z klientem oraz dzia\u0142a\u0144 marketingowych (za zgod\u0105).<br \/>\n3.2. Dane mog\u0105 by\u0107 udost\u0119pniane podmiotom realizuj\u0105cym dostawy i obs\u0142uguj\u0105cym p\u0142atno\u015bci.<\/p>\n<p><strong><br \/>\n4. Prawa u\u017cytkownika<\/strong><\/p>\n<p>4.1. U\u017cytkownik ma prawo do:<\/p>\n<ul data-spread=\"false\">\n<li>dost\u0119pu do swoich danych,<\/li>\n<li>ich sprostowania,<\/li>\n<li>\u017c\u0105dania usuni\u0119cia,<\/li>\n<li>ograniczenia przetwarzania,<\/li>\n<li>przenoszenia danych.<\/li>\n<\/ul>\n<p><strong><br \/>\n5. Okres przechowywania danych<\/strong><\/p>\n<p>5.1. Dane s\u0105 przechowywane przez okres wymagany przepisami prawa lub do momentu wycofania zgody.<\/p>\n<p><strong><br \/>\n6. Pliki cookies<\/strong><\/p>\n<p>6.1. Szczeg\u00f3\u0142owe informacje na temat cookies znajduj\u0105 si\u0119 w polityce cookies.<\/p>\n\n\t\t<\/div>\n\t<\/div>\n<\/div><\/div><\/div><\/div>\n<div style='text-align:left' class='yasr-auto-insert-visitor'><\/div><\/div>","protected":false},"excerpt":{"rendered":"Polityka prywatno\u015bci sklepu internetowego najednejlinie.pl &nbsp; 1. Administrator danych 1.1. Administratorem danych osobowych jest Pawe\u0142 Kowalski z siedzib\u0105 pod adresem ul. Kamieniarska 37a, 30-346 Krak\u00f3w, NIP: 5542728031, e-mail: najednejlinie@gmail.com. 2. Zakres przetwarzanych danych 2.1. Przetwarzamy nast\u0119puj\u0105ce dane osobowe: imi\u0119 i nazwisko, adres e-mail, numer telefonu,...","protected":false},"author":1,"featured_media":0,"parent":0,"menu_order":0,"comment_status":"closed","ping_status":"closed","template":"","meta":{"yasr_overall_rating":0,"yasr_post_is_review":"","yasr_auto_insert_disabled":"","yasr_review_type":"","footnotes":""},"class_list":["post-10254","page","type-page","status-publish","hentry"],"aioseo_notices":[],"yasr_visitor_votes":{"stars_attributes":{"read_only":false,"span_bottom":false},"number_of_votes":0,"sum_votes":0},"_links":{"self":[{"href":"https:\/\/najednejlinie.pl\/en\/wp-json\/wp\/v2\/pages\/10254","targetHints":{"allow":["GET"]}}],"collection":[{"href":"https:\/\/najednejlinie.pl\/en\/wp-json\/wp\/v2\/pages"}],"about":[{"href":"https:\/\/najednejlinie.pl\/en\/wp-json\/wp\/v2\/types\/page"}],"author":[{"embeddable":true,"href":"https:\/\/najednejlinie.pl\/en\/wp-json\/wp\/v2\/users\/1"}],"replies":[{"embeddable":true,"href":"https:\/\/najednejlinie.pl\/en\/wp-json\/wp\/v2\/comments?post=10254"}],"version-history":[{"count":4,"href":"https:\/\/najednejlinie.pl\/en\/wp-json\/wp\/v2\/pages\/10254\/revisions"}],"predecessor-version":[{"id":10342,"href":"https:\/\/najednejlinie.pl\/en\/wp-json\/wp\/v2\/pages\/10254\/revisions\/10342"}],"wp:attachment":[{"href":"https:\/\/najednejlinie.pl\/en\/wp-json\/wp\/v2\/media?parent=10254"}],"curies":[{"name":"wp","href":"https:\/\/api.w.org\/{rel}","templated":true}]}}