{"id":10251,"date":"2025-02-07T19:34:51","date_gmt":"2025-02-07T19:34:51","guid":{"rendered":"https:\/\/najednejlinie.pl\/?page_id=10251"},"modified":"2025-02-26T22:36:48","modified_gmt":"2025-02-26T22:36:48","slug":"regulamin-sklepu","status":"publish","type":"page","link":"https:\/\/najednejlinie.pl\/en\/regulamin-sklepu\/","title":{"rendered":"Regulamin sklepu"},"content":{"rendered":"<div class=\"wpb-content-wrapper\"><div class=\"vc_row wpb_row vc_row-fluid\"><div class=\"wpb_column vc_column_container vc_col-sm-12\"><div class=\"vc_column-inner\"><div class=\"wpb_wrapper\">\n\t<div class=\"wpb_text_column wpb_content_element\" >\n\t\t<div class=\"wpb_wrapper\">\n\t\t\t<p data-pm-slice=\"1 1 &#091;&#093;\"><strong>Regulamin sklepu internetowego najednejlinie.pl<\/strong><\/p>\n<p>&nbsp;<\/p>\n<p><strong><br \/>\n1. Postanowienia og\u00f3lne<\/strong><\/p>\n<p>1.1. Sklep internetowy dzia\u0142a pod adresem najednejlinie.pl i jest prowadzony przez Pawe\u0142 Kowalski z siedzib\u0105 pod adresem ul. Kamieniarska 37a2, 30-346 Krak\u00f3w, NIP: 5542728031<br \/>\n1.2. Niniejszy regulamin okre\u015bla zasady korzystania ze sklepu, sk\u0142adania zam\u00f3wie\u0144, realizacji dostaw oraz prawa i obowi\u0105zki kupuj\u0105cego i sprzedawcy.<br \/>\n1.3. Kontakt ze sklepem mo\u017cliwy jest za po\u015brednictwem e-maila: najednejlinie@gmail.com<\/p>\n<p><strong><br \/>\n2. Warunki korzystania ze sklepu<\/strong><\/p>\n<p>2.1. Kupuj\u0105cym mo\u017ce by\u0107 osoba fizyczna, osoba prawna lub jednostka organizacyjna nieposiadaj\u0105ca osobowo\u015bci prawnej.<br \/>\n2.2. Zam\u00f3wienia mo\u017cna sk\u0142ada\u0107 24\/7 za po\u015brednictwem strony internetowej.<br \/>\n2.3. Warunkiem realizacji zam\u00f3wienia jest poprawne wype\u0142nienie formularza zam\u00f3wienia i akceptacja regulaminu.<\/p>\n<p><strong><br \/>\n3. Zam\u00f3wienia i p\u0142atno\u015bci<\/strong><\/p>\n<p>3.1. Zam\u00f3wienia realizowane s\u0105 wed\u0142ug kolejno\u015bci wp\u0142yni\u0119cia.<br \/>\n3.2. Dost\u0119pne metody p\u0142atno\u015bci to: przelew bankowy, przelewy PayU oraz Blik<br \/>\n3.3. Potwierdzenie zam\u00f3wienia wysy\u0142ane jest na podany adres e-mail.<\/p>\n<p><strong><br \/>\n4. Dostawa i realizacja zam\u00f3wie\u0144<\/strong><\/p>\n<p>4.1. Dostawa realizowana jest za po\u015brednictwem firmy Paczkomaty Inpost<br \/>\n4.2. Koszty dostawy s\u0105 podane przy sk\u0142adaniu zam\u00f3wienia.<br \/>\n4.3. Czas realizacji zam\u00f3wienia wynosi do 3 dni roboczych.<\/p>\n<p><strong><br \/>\n5. Reklamacje i zwroty<\/strong><\/p>\n<p>5.1. Kupuj\u0105cemu przys\u0142uguje prawo do odst\u0105pienia od umowy w ci\u0105gu 14 dni.<br \/>\n5.2. Reklamacje nale\u017cy sk\u0142ada\u0107 drog\u0105 mailow\u0105 na adres: najednejlinie@gmail.com.<br \/>\n5.3. Sprzedawca rozpatruje reklamacj\u0119 w terminie 14 dni.<\/p>\n<p><strong><br \/>\n6. Ochrona danych osobowych<\/strong><\/p>\n<p>6.1. Dane osobowe przetwarzane s\u0105 zgodnie z polityk\u0105 prywatno\u015bci.<br \/>\n6.2. Administratorem danych jest Pawe\u0142 Kowalski z siedzib\u0105 pod adresem ul. Kamieniarska 37a2, 30-346 Krak\u00f3w, NIP: 5542728031<\/p>\n<p><strong><br \/>\n7. Postanowienia ko\u0144cowe<\/strong><\/p>\n<p>7.1. Regulamin mo\u017ce ulec zmianie, a zmiany wchodz\u0105 w \u017cycie w momencie ich publikacji.<br \/>\n7.2. W sprawach nieuregulowanych niniejszym regulaminem maj\u0105 zastosowanie przepisy prawa polskiego.<\/p>\n\n\t\t<\/div>\n\t<\/div>\n<\/div><\/div><\/div><\/div>\n<div style='text-align:left' class='yasr-auto-insert-visitor'><\/div><\/div>","protected":false},"excerpt":{"rendered":"Regulamin sklepu internetowego najednejlinie.pl &nbsp; 1. Postanowienia og\u00f3lne 1.1. Sklep internetowy dzia\u0142a pod adresem najednejlinie.pl i jest prowadzony przez Pawe\u0142 Kowalski z siedzib\u0105 pod adresem ul. Kamieniarska 37a2, 30-346 Krak\u00f3w, NIP: 5542728031 1.2. Niniejszy regulamin okre\u015bla zasady korzystania ze sklepu, sk\u0142adania zam\u00f3wie\u0144, realizacji dostaw oraz...","protected":false},"author":1,"featured_media":0,"parent":0,"menu_order":0,"comment_status":"closed","ping_status":"closed","template":"","meta":{"yasr_overall_rating":0,"yasr_post_is_review":"","yasr_auto_insert_disabled":"","yasr_review_type":"","footnotes":""},"class_list":["post-10251","page","type-page","status-publish","hentry"],"aioseo_notices":[],"yasr_visitor_votes":{"stars_attributes":{"read_only":false,"span_bottom":false},"number_of_votes":0,"sum_votes":0},"_links":{"self":[{"href":"https:\/\/najednejlinie.pl\/en\/wp-json\/wp\/v2\/pages\/10251","targetHints":{"allow":["GET"]}}],"collection":[{"href":"https:\/\/najednejlinie.pl\/en\/wp-json\/wp\/v2\/pages"}],"about":[{"href":"https:\/\/najednejlinie.pl\/en\/wp-json\/wp\/v2\/types\/page"}],"author":[{"embeddable":true,"href":"https:\/\/najednejlinie.pl\/en\/wp-json\/wp\/v2\/users\/1"}],"replies":[{"embeddable":true,"href":"https:\/\/najednejlinie.pl\/en\/wp-json\/wp\/v2\/comments?post=10251"}],"version-history":[{"count":5,"href":"https:\/\/najednejlinie.pl\/en\/wp-json\/wp\/v2\/pages\/10251\/revisions"}],"predecessor-version":[{"id":10384,"href":"https:\/\/najednejlinie.pl\/en\/wp-json\/wp\/v2\/pages\/10251\/revisions\/10384"}],"wp:attachment":[{"href":"https:\/\/najednejlinie.pl\/en\/wp-json\/wp\/v2\/media?parent=10251"}],"curies":[{"name":"wp","href":"https:\/\/api.w.org\/{rel}","templated":true}]}}